{"id":730936,"date":"2025-08-27T21:22:58","date_gmt":"2025-08-27T18:22:58","guid":{"rendered":"https:\/\/roveyayinevi.com.tr\/index.php\/urun\/kadinlarin-spor-yapmalarina-iliskin-problem-ve-beklentiler\/"},"modified":"2026-04-16T02:38:40","modified_gmt":"2026-04-15T23:38:40","slug":"kadinlarin-spor-yapmalarina-iliskin-problem-ve-beklentiler","status":"publish","type":"product","link":"https:\/\/roveyayinevi.com.tr\/index.php\/urun\/kadinlarin-spor-yapmalarina-iliskin-problem-ve-beklentiler\/","title":{"rendered":"Kad\u0131nlar\u0131n Spor Yapmalar\u0131na \u0130li\u015fkin Problem ve Beklentiler"},"content":{"rendered":"<p>\u0130\u00e7indekiler 1.G\u0130R\u0130\u015e 2. KAVRAMSAL \u00c7ER\u00c7EVE VE \u0130LG\u0130L\u0130 ARA\u015eTIRMALAR 2.1.Spor Kavram\u0131 2.2.Gen\u00e7lerde Spor 2.3.Kad\u0131nlarda Spor 2.4.Yerel Y\u00f6netim Kavram\u0131 2.5.Belediyeler G\u00f6rev ve Fonksiyonlar\u0131 2.6.Belediyelerin Y\u00f6netimi 2.7.Yerel Y\u00f6netimler Ve Spor 2.8.Konu \u0130le \u0130lgili Yap\u0131lan Ara\u015ft\u0131rmalar 3.Y\u00d6NTEM 4.BULGULAR VE YORUMLAR 4.1.Gen\u00e7 ve Yeti\u015fkin Kad\u0131nlar\u0131n Ald\u0131klar\u0131 Spor Hizmetine Y\u00f6nelik Problemlerine Ait Bulgular 4.2.Gen\u00e7 ve Yeti\u015fkin Kad\u0131nlar\u0131n Ald\u0131klar\u0131 Spor Hizmetine Y\u00f6nelik Beklentilerine Ait Bulgular 5.TARTI\u015eMA 5.1.Spor Hizmetlerinde Kar\u015f\u0131la\u015f\u0131lan Problemlere \u0130li\u015fkin Tart\u0131\u015fma 5.2. Spor Hizmetlerinden Beklentilere \u0130li\u015fkin Tart\u0131\u015fma 6.SONU\u00c7 VE \u00d6NER\u0130LER 6.1.Ara\u015ft\u0131rmac\u0131lara Y\u00f6nelik \u00d6neriler 6.2.Uygulamaya Y\u00f6nelik \u00d6neriler <\/p>\n","protected":false},"excerpt":{"rendered":"<p>\u0130\u00e7indekiler 1.G\u0130R\u0130\u015e 2. KAVRAMSAL \u00c7ER\u00c7EVE VE \u0130LG\u0130L\u0130 ARA\u015eTIRMALAR 2.1.Spor Kavram\u0131 2.2.Gen\u00e7lerde Spor 2.3.Kad\u0131nlarda Spor 2.4.Yerel Y\u00f6netim Kavram\u0131 2.5.Belediyeler G\u00f6rev ve Fonksiyonlar\u0131 2.6.Belediyelerin Y\u00f6netimi 2.7.Yerel Y\u00f6netimler Ve<span class=\"excerpt-hellip\"> [\u2026]<\/span><\/p>\n","protected":false},"featured_media":0,"template":"","meta":{"_monsterinsights_skip_tracking":false,"_monsterinsights_sitenote_active":false,"_monsterinsights_sitenote_note":"","_monsterinsights_sitenote_category":0},"product_brand":[],"product_cat":[12573,12566],"product_tag":[],"class_list":{"0":"post-730936","1":"product","2":"type-product","3":"status-publish","5":"product_cat-akademik-kitaplar","6":"product_cat-egitim","7":"pa_cilt-ciltsiz","8":"pa_tur-kitap","9":"pa_yayinevi-gazi-kitabevi","10":"pa_yazar-m-sibel-yaman-mehmet-guclu","12":"first","13":"instock","14":"sale","15":"shipping-taxable","16":"purchasable","17":"product-type-simple"},"_links":{"self":[{"href":"https:\/\/roveyayinevi.com.tr\/index.php\/wp-json\/wp\/v2\/product\/730936","targetHints":{"allow":["GET"]}}],"collection":[{"href":"https:\/\/roveyayinevi.com.tr\/index.php\/wp-json\/wp\/v2\/product"}],"about":[{"href":"https:\/\/roveyayinevi.com.tr\/index.php\/wp-json\/wp\/v2\/types\/product"}],"wp:attachment":[{"href":"https:\/\/roveyayinevi.com.tr\/index.php\/wp-json\/wp\/v2\/media?parent=730936"}],"wp:term":[{"taxonomy":"product_brand","embeddable":true,"href":"https:\/\/roveyayinevi.com.tr\/index.php\/wp-json\/wp\/v2\/product_brand?post=730936"},{"taxonomy":"product_cat","embeddable":true,"href":"https:\/\/roveyayinevi.com.tr\/index.php\/wp-json\/wp\/v2\/product_cat?post=730936"},{"taxonomy":"product_tag","embeddable":true,"href":"https:\/\/roveyayinevi.com.tr\/index.php\/wp-json\/wp\/v2\/product_tag?post=730936"}],"curies":[{"name":"wp","href":"https:\/\/api.w.org\/{rel}","templated":true}]}}