{"id":730935,"date":"2025-08-27T21:22:57","date_gmt":"2025-08-27T18:22:57","guid":{"rendered":"https:\/\/roveyayinevi.com.tr\/index.php\/urun\/yaraticilik-ve-yenilikcilik\/"},"modified":"2026-04-16T02:38:40","modified_gmt":"2026-04-15T23:38:40","slug":"yaraticilik-ve-yenilikcilik","status":"publish","type":"product","link":"https:\/\/roveyayinevi.com.tr\/index.php\/urun\/yaraticilik-ve-yenilikcilik\/","title":{"rendered":"Yarat\u0131c\u0131l\u0131k ve Yenilik\u00e7ilik"},"content":{"rendered":"<p>Bu denemede, kendi ilgi ve u\u011fra\u015f alan\u0131mda edinebildi\u011fim deneyimin, kendi tan\u0131kl\u0131k ve g\u00f6zlemlerimin \u00f6zel bir a\u011f\u0131rl\u0131\u011f\u0131 olacakt\u0131r. Hareket noktam\u0131 bu deneyim, tan\u0131kl\u0131k ve g\u00f6zlemler olu\u015fturuyor. Ama, bir yan\u0131t bulmaya u\u011fra\u015ft\u0131\u011f\u0131m meselenin sistemsel bir b\u00fct\u00fcn\u00fcn par\u00e7as\u0131 oldu\u011fu ve binlerce y\u0131ll\u0131k bir toplumsal ge\u00e7mi\u015fe dayand\u0131\u011f\u0131n\u0131n her zaman fark\u0131nda oldum. \u00c7\u00fcnk\u00fc, \u201cNi\u00e7in yeterince yenilik\u00e7i ve yarat\u0131c\u0131 olamad\u0131k\u201d derken, hakk\u0131nda bir h\u00fckme vararak bunun ni\u00e7in b\u00f6yle oldu\u011funu sorgulad\u0131\u011f\u0131m\u0131z, toplumumuzun kendisidir; i\u00e7inde ya\u015fad\u0131\u011f\u0131m\u0131z toplumdur. Hangi toplumu ya da toplumsal meseleyi o toplumun tarihsel ge\u00e7mi\u015finden ve i\u00e7inde bulundu\u011fu iktisadi-siyasi sistem ger\u00e7e\u011finden soyutlayarak ele alabiliriz ki&#8230; Bu m\u00fcmk\u00fcn de\u011fil. Hele de mesele, toplumun do\u011frudan bilimde, teknolojide, ba\u015fta sanayi olmak \u00fczere \u00fcretimde gelebildi\u011fi d\u00fczeyle ilgiliyse&#8230;Aykut G\u00f6ker<\/p>\n","protected":false},"excerpt":{"rendered":"<p>Bu denemede, kendi ilgi ve u\u011fra\u015f alan\u0131mda edinebildi\u011fim deneyimin, kendi tan\u0131kl\u0131k ve g\u00f6zlemlerimin \u00f6zel bir a\u011f\u0131rl\u0131\u011f\u0131 olacakt\u0131r. Hareket noktam\u0131 bu deneyim, tan\u0131kl\u0131k ve g\u00f6zlemler olu\u015fturuyor. Ama,<span class=\"excerpt-hellip\"> [\u2026]<\/span><\/p>\n","protected":false},"featured_media":0,"template":"","meta":{"_monsterinsights_skip_tracking":false,"_monsterinsights_sitenote_active":false,"_monsterinsights_sitenote_note":"","_monsterinsights_sitenote_category":0},"product_brand":[],"product_cat":[20039,13488],"product_tag":[],"class_list":{"0":"post-730935","1":"product","2":"type-product","3":"status-publish","5":"product_cat-kultur-tarihi","6":"product_cat-toplum-ve-insan","7":"pa_cilt-ciltsiz","8":"pa_tur-kitap","9":"pa_yayinevi-ayrinti-yayinlari","10":"pa_yazar-harun-aykut-goker","12":"first","13":"instock","14":"sale","15":"shipping-taxable","16":"purchasable","17":"product-type-simple"},"_links":{"self":[{"href":"https:\/\/roveyayinevi.com.tr\/index.php\/wp-json\/wp\/v2\/product\/730935","targetHints":{"allow":["GET"]}}],"collection":[{"href":"https:\/\/roveyayinevi.com.tr\/index.php\/wp-json\/wp\/v2\/product"}],"about":[{"href":"https:\/\/roveyayinevi.com.tr\/index.php\/wp-json\/wp\/v2\/types\/product"}],"wp:attachment":[{"href":"https:\/\/roveyayinevi.com.tr\/index.php\/wp-json\/wp\/v2\/media?parent=730935"}],"wp:term":[{"taxonomy":"product_brand","embeddable":true,"href":"https:\/\/roveyayinevi.com.tr\/index.php\/wp-json\/wp\/v2\/product_brand?post=730935"},{"taxonomy":"product_cat","embeddable":true,"href":"https:\/\/roveyayinevi.com.tr\/index.php\/wp-json\/wp\/v2\/product_cat?post=730935"},{"taxonomy":"product_tag","embeddable":true,"href":"https:\/\/roveyayinevi.com.tr\/index.php\/wp-json\/wp\/v2\/product_tag?post=730935"}],"curies":[{"name":"wp","href":"https:\/\/api.w.org\/{rel}","templated":true}]}}