{"id":730934,"date":"2025-08-27T21:22:56","date_gmt":"2025-08-27T18:22:56","guid":{"rendered":"https:\/\/roveyayinevi.com.tr\/index.php\/urun\/dinin-ruhu\/"},"modified":"2026-04-16T02:38:40","modified_gmt":"2026-04-15T23:38:40","slug":"dinin-ruhu","status":"publish","type":"product","link":"https:\/\/roveyayinevi.com.tr\/index.php\/urun\/dinin-ruhu\/","title":{"rendered":"Dinin Ruhu"},"content":{"rendered":"<p>Filozof yazd\u0131\u011f\u0131 her kitapta ve ele ald\u0131\u011f\u0131 her konuda bizi farkl\u0131 bir d\u00fcnyan\u0131n i\u00e7ine sokmay\u0131 ba\u015faran ki\u015fidir. Hele akl\u0131n reddiyeler d\u00fczd\u00fc\u011f\u00fcn\u00fc \u00e7oktand\u0131r kabullendi\u011fimiz ve onun imk\u00e2ns\u0131z oldu\u011funa bize inand\u0131rd\u0131\u011f\u0131 \u015feyi \u00e7aresizce onaylad\u0131\u011f\u0131m\u0131z bir \u015feyin kap\u0131s\u0131n\u0131 aral\u0131yorsa bu durum daha da belirginlik kazan\u0131r&#8230;G\u00fcn\u00fcm\u00fcz insan\u0131, ger\u00e7ekte dokuma tezg\u00e2h\u0131nda dokunmu\u015f bir kilim kadar ahenkli olan fizik\u00ee ve metafizik \u00e2lemi ya kasnaklar\u0131ndan \u00e7\u0131kart\u0131p \u00e7\u00f6zm\u00fc\u015f ya da \u00e7\u00f6z\u00fclemeyecek kadar k\u00f6rd\u00fc\u011f\u00fcm etmi\u015ftir. \u00c7a\u011f\u0131m\u0131z\u0131n en \u00f6nemli filozoflar\u0131ndan Taha Abdurrahman Dinin Ruhu kitab\u0131nda \u00e2lemleri birbirinden ay\u0131ran paradigmalar\u0131n a\u015f\u0131larak sonsuz varl\u0131k evrenine ula\u015f\u0131lmas\u0131n\u0131 ve bu \u00e2lemlerin birbiriyle kayna\u015fmas\u0131 gerekti\u011fini vurguluyor. Her birimizi ilgilendiren, insan\u0131n ontolojik b\u00fct\u00fcnl\u00fc\u011f\u00fcnden ahl\u00e2ka, siyasetten sek\u00fclarizme, din ve siyaset ili\u015fkisinden \u0130sl\u00e2mc\u0131l\u0131\u011fa pek \u00e7ok konuyu kendi \u00fcslubunca, a\u00e7\u0131k ve samimi bir bi\u00e7imde irdeliyor. Filozof bu d\u00fcnyan\u0131n, dokuma tezg\u00e2h\u0131ndaki bir kilim misali yatay ilmekler h\u00e2lindeki arga\u00e7lar\u0131yla metafizik \u00e2leme tutunmas\u0131n\u0131 ve metafizik \u00e2lemin dikey ilmekler \u015feklindeki \u00e7\u00f6zg\u00fcleriyle fizik\u00ee \u00e2leme as\u0131lmas\u0131 gerekti\u011fini savunuyor. Filozofun burhan, sultan ve vicdan \u015feklindeki \u00fc\u00e7l\u00fc tasnifi ise politik oldu\u011fu kadar, etik bak\u0131mdan da \u00f6nemli bir paradigma \u00f6neriyor. Ayr\u0131ca bu kavramlar kendi sistemati\u011fi i\u00e7erisinde fizik\u00ee \u00e2lemi, metafizik \u00e2leme ba\u011flayan, ahl\u00e2k\u00ee de\u011ferlerden m\u00fcte\u015fekkil bir eylem alan\u0131 meydana getiriyor.Eserlerinde b\u00fct\u00fcnc\u00fcl ve \u00e7ok y\u00f6nl\u00fc bir \u0130sl\u00e2m\u00ee metodoloji in\u015fa eden Taha Abdurrahman Dinin Ruhu kitab\u0131nda ilk \u015feh\u00e2dete dayal\u0131 yeni bir ahl\u00e2k\u00ee eylem teorisinin kap\u0131s\u0131n\u0131 aralamak i\u00e7in e\u015fsiz bir f\u0131rsat sunmakta.<\/p>\n","protected":false},"excerpt":{"rendered":"<p>Filozof yazd\u0131\u011f\u0131 her kitapta ve ele ald\u0131\u011f\u0131 her konuda bizi farkl\u0131 bir d\u00fcnyan\u0131n i\u00e7ine sokmay\u0131 ba\u015faran ki\u015fidir. Hele akl\u0131n reddiyeler d\u00fczd\u00fc\u011f\u00fcn\u00fc \u00e7oktand\u0131r kabullendi\u011fimiz ve onun imk\u00e2ns\u0131z<span class=\"excerpt-hellip\"> [\u2026]<\/span><\/p>\n","protected":false},"featured_media":0,"template":"","meta":{"_monsterinsights_skip_tracking":false,"_monsterinsights_sitenote_active":false,"_monsterinsights_sitenote_note":"","_monsterinsights_sitenote_category":0},"product_brand":[],"product_cat":[16789,12718,12719],"product_tag":[],"class_list":{"0":"post-730934","1":"product","2":"type-product","3":"status-publish","5":"product_cat-diger-islam","6":"product_cat-din","7":"product_cat-islam","8":"pa_cilt-ciltsiz","9":"pa_tur-kitap","10":"pa_yayinevi-pinar-yayinlari","11":"pa_yazar-taha-abdurrahman","13":"first","14":"instock","15":"sale","16":"shipping-taxable","17":"purchasable","18":"product-type-simple"},"_links":{"self":[{"href":"https:\/\/roveyayinevi.com.tr\/index.php\/wp-json\/wp\/v2\/product\/730934","targetHints":{"allow":["GET"]}}],"collection":[{"href":"https:\/\/roveyayinevi.com.tr\/index.php\/wp-json\/wp\/v2\/product"}],"about":[{"href":"https:\/\/roveyayinevi.com.tr\/index.php\/wp-json\/wp\/v2\/types\/product"}],"wp:attachment":[{"href":"https:\/\/roveyayinevi.com.tr\/index.php\/wp-json\/wp\/v2\/media?parent=730934"}],"wp:term":[{"taxonomy":"product_brand","embeddable":true,"href":"https:\/\/roveyayinevi.com.tr\/index.php\/wp-json\/wp\/v2\/product_brand?post=730934"},{"taxonomy":"product_cat","embeddable":true,"href":"https:\/\/roveyayinevi.com.tr\/index.php\/wp-json\/wp\/v2\/product_cat?post=730934"},{"taxonomy":"product_tag","embeddable":true,"href":"https:\/\/roveyayinevi.com.tr\/index.php\/wp-json\/wp\/v2\/product_tag?post=730934"}],"curies":[{"name":"wp","href":"https:\/\/api.w.org\/{rel}","templated":true}]}}