{"id":730932,"date":"2025-08-27T21:22:55","date_gmt":"2025-08-27T18:22:55","guid":{"rendered":"https:\/\/roveyayinevi.com.tr\/index.php\/urun\/egitim-sosyolojisinde-guncel-ve-cesitli-konular-1\/"},"modified":"2026-04-16T02:38:40","modified_gmt":"2026-04-15T23:38:40","slug":"egitim-sosyolojisinde-guncel-ve-cesitli-konular-1","status":"publish","type":"product","link":"https:\/\/roveyayinevi.com.tr\/index.php\/urun\/egitim-sosyolojisinde-guncel-ve-cesitli-konular-1\/","title":{"rendered":"E\u011fitim Sosyolojisinde G\u00fcncel Ve \u00c7e\u015fitli Konular 1"},"content":{"rendered":"<p>E\u011fitim sosyolojisinde g\u00fcncel ve \u00e7e\u015fitli konular \u00fclkemizde ya\u015fad\u0131\u011f\u0131m\u0131z, ele\u015ftirilen, bas\u0131nda yer alan konulard\u0131r. \u00dclkemizin b\u00fcy\u00fcme s\u00fcrecinde e\u011fitim i\u00e7inde de\u011fi\u015fme, g\u00fcncellenme ve yenile\u015fme durumlar\u0131n\u0131n yo\u011funla\u015fmas\u0131 do\u011fald\u0131r. Her e\u011fitim-\u00f6\u011fretim y\u0131l\u0131nda e\u011fitim sistemimizde de\u011fi\u015fme ve reform isteklerinden bas\u0131nda s\u00f6z edilmesi art\u0131k bir gelenek oldu. Bu de\u011fi\u015fim istekleri, e\u011fitimin hem kurumsal hem de uygulamal\u0131 alanlar\u0131ndan olu\u015fmaktad\u0131r. \u201cE\u011fitim Sosyolojisi\u201d isimli kitab\u0131m\u0131z\u0131n sonunda \u201cGelecekte E\u011fitim\u201d b\u00f6l\u00fcm\u00fcnde e\u011fitim sisteminde hangi konular\u0131n de\u011fi\u015ftirilmesi gerekti\u011finden s\u00f6z etmi\u015ftik. \u0130\u015fte yine o de\u011fi\u015fim istekleri g\u00fcndeme gelmektedir.<\/p>\n","protected":false},"excerpt":{"rendered":"<p>E\u011fitim sosyolojisinde g\u00fcncel ve \u00e7e\u015fitli konular \u00fclkemizde ya\u015fad\u0131\u011f\u0131m\u0131z, ele\u015ftirilen, bas\u0131nda yer alan konulard\u0131r. \u00dclkemizin b\u00fcy\u00fcme s\u00fcrecinde e\u011fitim i\u00e7inde de\u011fi\u015fme, g\u00fcncellenme ve yenile\u015fme durumlar\u0131n\u0131n yo\u011funla\u015fmas\u0131 do\u011fald\u0131r. Her<span class=\"excerpt-hellip\"> [\u2026]<\/span><\/p>\n","protected":false},"featured_media":0,"template":"","meta":{"_monsterinsights_skip_tracking":false,"_monsterinsights_sitenote_active":false,"_monsterinsights_sitenote_note":"","_monsterinsights_sitenote_category":0},"product_brand":[],"product_cat":[12573,12566],"product_tag":[],"class_list":{"0":"post-730932","1":"product","2":"type-product","3":"status-publish","5":"product_cat-akademik-kitaplar","6":"product_cat-egitim","7":"pa_cilt-ciltsiz","8":"pa_tur-kitap","9":"pa_yayinevi-ani-yayincilik","10":"pa_yazar-mahmut-tezcan","12":"first","13":"instock","14":"sale","15":"shipping-taxable","16":"purchasable","17":"product-type-simple"},"_links":{"self":[{"href":"https:\/\/roveyayinevi.com.tr\/index.php\/wp-json\/wp\/v2\/product\/730932","targetHints":{"allow":["GET"]}}],"collection":[{"href":"https:\/\/roveyayinevi.com.tr\/index.php\/wp-json\/wp\/v2\/product"}],"about":[{"href":"https:\/\/roveyayinevi.com.tr\/index.php\/wp-json\/wp\/v2\/types\/product"}],"wp:attachment":[{"href":"https:\/\/roveyayinevi.com.tr\/index.php\/wp-json\/wp\/v2\/media?parent=730932"}],"wp:term":[{"taxonomy":"product_brand","embeddable":true,"href":"https:\/\/roveyayinevi.com.tr\/index.php\/wp-json\/wp\/v2\/product_brand?post=730932"},{"taxonomy":"product_cat","embeddable":true,"href":"https:\/\/roveyayinevi.com.tr\/index.php\/wp-json\/wp\/v2\/product_cat?post=730932"},{"taxonomy":"product_tag","embeddable":true,"href":"https:\/\/roveyayinevi.com.tr\/index.php\/wp-json\/wp\/v2\/product_tag?post=730932"}],"curies":[{"name":"wp","href":"https:\/\/api.w.org\/{rel}","templated":true}]}}