{"id":730930,"date":"2025-08-27T21:22:53","date_gmt":"2025-08-27T18:22:53","guid":{"rendered":"https:\/\/roveyayinevi.com.tr\/index.php\/urun\/baskalik-deneyimi\/"},"modified":"2026-04-16T02:38:40","modified_gmt":"2026-04-15T23:38:40","slug":"baskalik-deneyimi","status":"publish","type":"product","link":"https:\/\/roveyayinevi.com.tr\/index.php\/urun\/baskalik-deneyimi\/","title":{"rendered":"Ba\u015fkal\u0131k Deneyimi"},"content":{"rendered":"<p>Bu kitap, K\u0131ta Avrupa Felsefesinde ba\u015fkal\u0131k sorunundan yola \u00e7\u0131karak yasa, adalet, etik ve siyaset konular\u0131n\u0131 d\u00fc\u015f\u00fcnme \u00e7abas\u0131n\u0131n \u00fcr\u00fcn\u00fcd\u00fcr. Bernasconi, Heidegger, Derrida ve Levinas d\u00fc\u015f\u00fcncesi \u00fczerinden tart\u0131\u015f\u0131lan ba\u015fkal\u0131k sorunsal\u0131; \u0131rk, k\u00fclt\u00fcrel ba\u015fkal\u0131k ve toplumsal cinsiyet sorular\u0131yla ili\u015fkilendirilmektedir. Heidegger\u2019in ilgi eti\u011fi; Levinas\u2019\u0131n adalet, sonsuz sorumluluk ve Tanr\u0131 kavray\u0131\u015f\u0131; Derrida\u2019n\u0131n konukseverlik ve cinsiyet farkl\u0131l\u0131\u011f\u0131 anlay\u0131\u015f\u0131 eserde ele al\u0131nan konulardand\u0131r. T\u00fcm bunlarla beraber kitapta, Husserl, Sartre ve Merleau-Ponty felsefelerinde \u2018ba\u015fkal\u0131k\u2019a dair izlekler sunulmaktad\u0131r.<\/p>\n","protected":false},"excerpt":{"rendered":"<p>Bu kitap, K\u0131ta Avrupa Felsefesinde ba\u015fkal\u0131k sorunundan yola \u00e7\u0131karak yasa, adalet, etik ve siyaset konular\u0131n\u0131 d\u00fc\u015f\u00fcnme \u00e7abas\u0131n\u0131n \u00fcr\u00fcn\u00fcd\u00fcr. Bernasconi, Heidegger, Derrida ve Levinas d\u00fc\u015f\u00fcncesi \u00fczerinden tart\u0131\u015f\u0131lan<span class=\"excerpt-hellip\"> [\u2026]<\/span><\/p>\n","protected":false},"featured_media":0,"template":"","meta":{"_monsterinsights_skip_tracking":false,"_monsterinsights_sitenote_active":false,"_monsterinsights_sitenote_note":"","_monsterinsights_sitenote_category":0},"product_brand":[],"product_cat":[12388,13555],"product_tag":[],"class_list":{"0":"post-730930","1":"product","2":"type-product","3":"status-publish","5":"product_cat-felsefe","6":"product_cat-genel-felsefe","7":"pa_cilt-ciltsiz","8":"pa_tur-kitap","9":"pa_yayinevi-fol-kitap","10":"pa_yazar-zeynep-direk","12":"first","13":"instock","14":"sale","15":"shipping-taxable","16":"purchasable","17":"product-type-simple"},"_links":{"self":[{"href":"https:\/\/roveyayinevi.com.tr\/index.php\/wp-json\/wp\/v2\/product\/730930","targetHints":{"allow":["GET"]}}],"collection":[{"href":"https:\/\/roveyayinevi.com.tr\/index.php\/wp-json\/wp\/v2\/product"}],"about":[{"href":"https:\/\/roveyayinevi.com.tr\/index.php\/wp-json\/wp\/v2\/types\/product"}],"wp:attachment":[{"href":"https:\/\/roveyayinevi.com.tr\/index.php\/wp-json\/wp\/v2\/media?parent=730930"}],"wp:term":[{"taxonomy":"product_brand","embeddable":true,"href":"https:\/\/roveyayinevi.com.tr\/index.php\/wp-json\/wp\/v2\/product_brand?post=730930"},{"taxonomy":"product_cat","embeddable":true,"href":"https:\/\/roveyayinevi.com.tr\/index.php\/wp-json\/wp\/v2\/product_cat?post=730930"},{"taxonomy":"product_tag","embeddable":true,"href":"https:\/\/roveyayinevi.com.tr\/index.php\/wp-json\/wp\/v2\/product_tag?post=730930"}],"curies":[{"name":"wp","href":"https:\/\/api.w.org\/{rel}","templated":true}]}}