{"id":730926,"date":"2025-08-27T21:22:50","date_gmt":"2025-08-27T18:22:50","guid":{"rendered":"https:\/\/roveyayinevi.com.tr\/index.php\/urun\/anne-sevgisi-nedir\/"},"modified":"2026-04-16T02:38:40","modified_gmt":"2026-04-15T23:38:40","slug":"anne-sevgisi-nedir","status":"publish","type":"product","link":"https:\/\/roveyayinevi.com.tr\/index.php\/urun\/anne-sevgisi-nedir\/","title":{"rendered":"Anne Sevgisi Nedir"},"content":{"rendered":"<p>Necati Zekeriya, Balkanlarda do\u011fmu\u015f, ya\u015fam\u0131\u015f ve b\u00fct\u00fcn kitaplar\u0131n\u0131 T\u00fcrk\u00e7e yazm\u0131\u015f bir yazar ve \u015fairimizdir. En \u00e7ok \u015fiir t\u00fcr\u00fcnde kitaplar  yazd\u0131\u011f\u0131 gibi, \u015fiir kitaplar\u0131n\u0131n \u00e7o\u011fu \u00e7ocuklar i\u00e7in yazd\u0131\u011f\u0131 kitaplardan olu\u015fmaktad\u0131r&#8230; \u015eair ve \u00e7ocuk edebiyat\u0131 yazar\u0131 Mustafa Ruhi \u015eirin bu \u015fiir kitaplar\u0131ndan sizler i\u00e7in bir se\u00e7ki haz\u0131rlad\u0131. B\u00f6ylece, y\u0131llar \u00f6nce \u015faire verdi\u011fi s\u00f6z\u00fc de yerine getirmi\u015f oldu. Kitab\u0131 Berk \u00d6zt\u00fcrk resimledi. En g\u00fczel \u015fiirle anlat\u0131labilir anne. Sizce de \u00f6yle de\u011fil mi?Necati Zekeriya, T\u00fcrk\u00e7enin Balkanlardaki en \u00f6nemli \u015fair ve yazarlar\u0131ndan biridir. Edebiyat\u0131n bir\u00e7ok t\u00fcr\u00fcnde eserler yazmakla kalmam\u0131\u015f, \u00f6teki dillerden T\u00fcrk\u00e7eye ve T\u00fcrk\u00e7eden \u00f6teki dillere \u00e7eviriler yapm\u0131\u015f&#8230; \u0130lk \u00e7ocuk kitab\u0131 1952\u2019de, son \u00e7ocuk kitab\u0131 ise 1995\u2019te yay\u0131mlanm\u0131\u015f. Aradan yar\u0131m y\u00fczy\u0131l\u0131 a\u015fk\u0131n bir zaman ge\u00e7mi\u015f olmas\u0131na ra\u011fmen \u00e7ocuklar i\u00e7in yazd\u0131\u011f\u0131 \u015fiir, \u00f6yk\u00fc ve romanlar g\u00fcn\u00fcm\u00fczde de ilgiyle okunuyor&#8230; \u201cAnne Sevgisi Nedir?\u201d kitab\u0131nda \u00e7ocuklar i\u00e7in yazd\u0131\u011f\u0131 on iki \u015fiir kitab\u0131ndan se\u00e7ti\u011fimiz \u015fiirler yer al\u0131yor. Ninniden harflere, anneden aydedeye, sevgiden renklere, a\u011fa\u00e7larla konu\u015fmalardan bir \u00e7ocu\u011fun ablas\u0131na sevgi \u015fiirlerine uzanan \u015fiir yolculu\u011funa haz\u0131rsan\u0131z i\u00e7inizdeki \u015fairi daha fazla bekletmeden okumaya ba\u015flayabilirsiniz&#8230; &#8211; Mustafa Ruhi \u015eirin<\/p>\n","protected":false},"excerpt":{"rendered":"<p>Necati Zekeriya, Balkanlarda do\u011fmu\u015f, ya\u015fam\u0131\u015f ve b\u00fct\u00fcn kitaplar\u0131n\u0131 T\u00fcrk\u00e7e yazm\u0131\u015f bir yazar ve \u015fairimizdir. En \u00e7ok \u015fiir t\u00fcr\u00fcnde kitaplar yazd\u0131\u011f\u0131 gibi, \u015fiir kitaplar\u0131n\u0131n \u00e7o\u011fu \u00e7ocuklar i\u00e7in<span class=\"excerpt-hellip\"> [\u2026]<\/span><\/p>\n","protected":false},"featured_media":0,"template":"","meta":{"_monsterinsights_skip_tracking":false,"_monsterinsights_sitenote_active":false,"_monsterinsights_sitenote_note":"","_monsterinsights_sitenote_category":0},"product_brand":[],"product_cat":[12274,12631],"product_tag":[],"class_list":{"0":"post-730926","1":"product","2":"type-product","3":"status-publish","5":"product_cat-cocuk-ve-genclik-kitaplari","6":"product_cat-diger-cocuk-ve-genclik-kitaplari","7":"pa_cilt-ciltsiz","8":"pa_tur-kitap","9":"pa_yayinevi-ucan-at","10":"pa_yazar-necati-zekeriya","12":"first","13":"instock","14":"sale","15":"shipping-taxable","16":"purchasable","17":"product-type-simple"},"_links":{"self":[{"href":"https:\/\/roveyayinevi.com.tr\/index.php\/wp-json\/wp\/v2\/product\/730926","targetHints":{"allow":["GET"]}}],"collection":[{"href":"https:\/\/roveyayinevi.com.tr\/index.php\/wp-json\/wp\/v2\/product"}],"about":[{"href":"https:\/\/roveyayinevi.com.tr\/index.php\/wp-json\/wp\/v2\/types\/product"}],"wp:attachment":[{"href":"https:\/\/roveyayinevi.com.tr\/index.php\/wp-json\/wp\/v2\/media?parent=730926"}],"wp:term":[{"taxonomy":"product_brand","embeddable":true,"href":"https:\/\/roveyayinevi.com.tr\/index.php\/wp-json\/wp\/v2\/product_brand?post=730926"},{"taxonomy":"product_cat","embeddable":true,"href":"https:\/\/roveyayinevi.com.tr\/index.php\/wp-json\/wp\/v2\/product_cat?post=730926"},{"taxonomy":"product_tag","embeddable":true,"href":"https:\/\/roveyayinevi.com.tr\/index.php\/wp-json\/wp\/v2\/product_tag?post=730926"}],"curies":[{"name":"wp","href":"https:\/\/api.w.org\/{rel}","templated":true}]}}