{"id":730925,"date":"2025-08-27T21:22:49","date_gmt":"2025-08-27T18:22:49","guid":{"rendered":"https:\/\/roveyayinevi.com.tr\/index.php\/urun\/kendine-emretmeyen-daima-usak-kalir-johann-wolfgang-von-goetheden-hayat-dersleri\/"},"modified":"2026-04-11T13:58:01","modified_gmt":"2026-04-11T10:58:01","slug":"kendine-emretmeyen-daima-usak-kalir-johann-wolfgang-von-goetheden-hayat-dersleri","status":"publish","type":"product","link":"https:\/\/roveyayinevi.com.tr\/index.php\/urun\/kendine-emretmeyen-daima-usak-kalir-johann-wolfgang-von-goetheden-hayat-dersleri\/","title":{"rendered":"Kendine Emretmeyen Daima U\u015fak Kal\u0131r &#8211; Johann Wolfgang Von Goethe\u2019den Hayat Dersleri"},"content":{"rendered":"<p>Alman ve d\u00fcnya edebiyat\u0131n\u0131n en etkili kalemlerinden \u015fair, yazar, d\u00fc\u015f\u00fcn, bilim ve devlet adam\u0131 Johann Wolfgang Von Goethe\u2019nin edeb\u00ee yap\u0131tlar\u0131yla hen\u00fcz tan\u0131\u015fmam\u0131\u015f olanlar, zengin ya\u015fam\u0131 hakk\u0131nda bilgi edinmek ve eserlerindeki en \u00e7arp\u0131c\u0131 kesitleri bir arada g\u00f6rmek isteyenler, bilge sanatk\u00e2r\u0131n e\u015fsiz d\u00fcnyas\u0131na bu kitapla bir ba\u015flang\u0131\u00e7 yapabilirler. \u0130ki \u00f6mr\u00fcm olsun isterdim; biri ya\u015famak, di\u011feri okumak i\u00e7in.   Bir \u00e7a\u011f\u0131n i\u00e7indeyken, o \u00e7a\u011fa bakabilecek bir seyir noktas\u0131 yoktur.   Ya\u015fam\u0131n\u0131 resm\u00ee toplant\u0131larla ge\u00e7iren, ziyafet sofras\u0131nda bir sandalye \u00f6teye ge\u00e7mek u\u011fruna y\u0131llar\u0131n\u0131 harcayan ne \u00e7ok insan var!   Yetenek, sessizlik i\u00e7inde geli\u015fir; karakter ise d\u00fcnyan\u0131n f\u0131rt\u0131nalar\u0131 aras\u0131nda&#8230;   H\u00fckmetmek kolay \u00f6\u011frenilir, y\u00f6netmek zor.    Ni\u00e7in \u00f6l\u00fclerimizle ilgili bu derece iyi konu\u015fuyoruz da i\u015f, sa\u011f olanlara gelince daha ihtiyatl\u0131 tav\u0131r tak\u0131n\u0131yoruz?   Bir ba\u015fkas\u0131n\u0131n fikrini dinleyeceksem bu, g\u00fczel bir bi\u00e7imde ifade edilmi\u015f olmal\u0131d\u0131r; kendi i\u00e7imde yeterince karma\u015f\u0131\u011f\u0131m zaten. <\/p>\n","protected":false},"excerpt":{"rendered":"<p>Alman ve d\u00fcnya edebiyat\u0131n\u0131n en etkili kalemlerinden \u015fair, yazar, d\u00fc\u015f\u00fcn, bilim ve devlet adam\u0131 Johann Wolfgang Von Goethe\u2019nin edeb\u00ee yap\u0131tlar\u0131yla hen\u00fcz tan\u0131\u015fmam\u0131\u015f olanlar, zengin ya\u015fam\u0131 hakk\u0131nda<span class=\"excerpt-hellip\"> [\u2026]<\/span><\/p>\n","protected":false},"featured_media":0,"template":"","meta":{"_monsterinsights_skip_tracking":false,"_monsterinsights_sitenote_active":false,"_monsterinsights_sitenote_note":"","_monsterinsights_sitenote_category":0},"product_brand":[],"product_cat":[12364,12376],"product_tag":[],"class_list":{"0":"post-730925","1":"product","2":"type-product","3":"status-publish","5":"product_cat-genel-konular","6":"product_cat-kisisel-gelisim","7":"pa_cilt-ciltsiz","8":"pa_tur-kitap","9":"pa_yayinevi-hayykitap","10":"pa_yazar-ozgun-ozan-karadag","12":"first","13":"instock","14":"sale","15":"shipping-taxable","16":"purchasable","17":"product-type-simple"},"_links":{"self":[{"href":"https:\/\/roveyayinevi.com.tr\/index.php\/wp-json\/wp\/v2\/product\/730925","targetHints":{"allow":["GET"]}}],"collection":[{"href":"https:\/\/roveyayinevi.com.tr\/index.php\/wp-json\/wp\/v2\/product"}],"about":[{"href":"https:\/\/roveyayinevi.com.tr\/index.php\/wp-json\/wp\/v2\/types\/product"}],"wp:attachment":[{"href":"https:\/\/roveyayinevi.com.tr\/index.php\/wp-json\/wp\/v2\/media?parent=730925"}],"wp:term":[{"taxonomy":"product_brand","embeddable":true,"href":"https:\/\/roveyayinevi.com.tr\/index.php\/wp-json\/wp\/v2\/product_brand?post=730925"},{"taxonomy":"product_cat","embeddable":true,"href":"https:\/\/roveyayinevi.com.tr\/index.php\/wp-json\/wp\/v2\/product_cat?post=730925"},{"taxonomy":"product_tag","embeddable":true,"href":"https:\/\/roveyayinevi.com.tr\/index.php\/wp-json\/wp\/v2\/product_tag?post=730925"}],"curies":[{"name":"wp","href":"https:\/\/api.w.org\/{rel}","templated":true}]}}