{"id":730922,"date":"2025-08-27T21:22:46","date_gmt":"2025-08-27T18:22:46","guid":{"rendered":"https:\/\/roveyayinevi.com.tr\/index.php\/urun\/bulbulu-oldurmek-cizgi-roman\/"},"modified":"2026-04-16T02:38:40","modified_gmt":"2026-04-15T23:38:40","slug":"bulbulu-oldurmek-cizgi-roman","status":"publish","type":"product","link":"https:\/\/roveyayinevi.com.tr\/index.php\/urun\/bulbulu-oldurmek-cizgi-roman\/","title":{"rendered":"B\u00fclb\u00fcl\u00fc \u00d6ld\u00fcrmek (\u00c7izgi Roman )"},"content":{"rendered":"<p>Harper Lee\u2019nin Pul\u0131tzer \u00d6d\u00fcll\u00fc K\u00fclt Eseri B\u00fclb\u00fcl\u00fc \u00d6ld\u00fcrmek, \u00c7arp\u0131c\u0131 Bir \u00c7izgi Roman Uyarlamas\u0131yla Yeniden Hayat Buluyor! &#8220;Saksa\u011fanlar\u0131 vurabilirsin, tabii tutturabilirsen ama b\u00fclb\u00fcl\u00fc \u00f6ld\u00fcrmek g\u00fcnaht\u0131r, unutma.\u201d Harper Lee 1930\u2019lar\u0131n Amerika\u2019s\u0131nda ge\u00e7en B\u00fclb\u00fcl\u00fc \u00d6ld\u00fcrmek roman\u0131nda, \u0131rk ve s\u0131n\u0131f, masumiyet ve adaletsizlik, ikiy\u00fczl\u00fcl\u00fck ve kahramanl\u0131k, gelenek ve d\u00f6n\u00fc\u015f\u00fcm\u00fcn unutulmaz bir portresini \u00e7iziyor. \u0130lk yay\u0131mland\u0131\u011f\u0131 1960\u2019lardan bu yana, yani insan haklar\u0131 hareketinin en \u00e7alkant\u0131l\u0131 y\u0131llar\u0131ndan g\u00fcn\u00fcm\u00fcze dek \u00f6nemini hi\u00e7 yitirmedi. \u0130nsan do\u011fas\u0131n\u0131n karma\u015f\u0131k yap\u0131s\u0131n\u0131 ve insan y\u00fcre\u011finin derinli\u011fini mizah, sars\u0131lmaz bir d\u00fcr\u00fcstl\u00fck ve \u015fefkatle anlatan senelerin eskitemedi\u011fi bu klasik, Fred Fordham\u2019\u0131n nadide \u00e7izimleriyle yeniden do\u011fuyor. Scout, Jem, \u00d6c\u00fc Radley, Atticus Finch ve Alabama&#8217;n\u0131n k\u00fc\u00e7\u00fck Maycomb kasabas\u0131 g\u00f6zlerinizin \u00f6n\u00fcnde pek \u00e7ok ince detay\u0131yla canlanacak.<\/p>\n","protected":false},"excerpt":{"rendered":"<p>Harper Lee\u2019nin Pul\u0131tzer \u00d6d\u00fcll\u00fc K\u00fclt Eseri B\u00fclb\u00fcl\u00fc \u00d6ld\u00fcrmek, \u00c7arp\u0131c\u0131 Bir \u00c7izgi Roman Uyarlamas\u0131yla Yeniden Hayat Buluyor! &#8220;Saksa\u011fanlar\u0131 vurabilirsin, tabii tutturabilirsen ama b\u00fclb\u00fcl\u00fc \u00f6ld\u00fcrmek g\u00fcnaht\u0131r, unutma.\u201d Harper<span class=\"excerpt-hellip\"> [\u2026]<\/span><\/p>\n","protected":false},"featured_media":0,"template":"","meta":{"_monsterinsights_skip_tracking":false,"_monsterinsights_sitenote_active":false,"_monsterinsights_sitenote_note":"","_monsterinsights_sitenote_category":0},"product_brand":[],"product_cat":[12416,12291],"product_tag":[],"class_list":{"0":"post-730922","1":"product","2":"type-product","3":"status-publish","5":"product_cat-cizgi-roman","6":"product_cat-edebiyat","7":"pa_cilt-ciltsiz","8":"pa_tur-kitap","9":"pa_yayinevi-epsilon-yayinlari","10":"pa_yazar-harper-lee","12":"first","13":"instock","14":"sale","15":"shipping-taxable","16":"purchasable","17":"product-type-simple"},"_links":{"self":[{"href":"https:\/\/roveyayinevi.com.tr\/index.php\/wp-json\/wp\/v2\/product\/730922","targetHints":{"allow":["GET"]}}],"collection":[{"href":"https:\/\/roveyayinevi.com.tr\/index.php\/wp-json\/wp\/v2\/product"}],"about":[{"href":"https:\/\/roveyayinevi.com.tr\/index.php\/wp-json\/wp\/v2\/types\/product"}],"wp:attachment":[{"href":"https:\/\/roveyayinevi.com.tr\/index.php\/wp-json\/wp\/v2\/media?parent=730922"}],"wp:term":[{"taxonomy":"product_brand","embeddable":true,"href":"https:\/\/roveyayinevi.com.tr\/index.php\/wp-json\/wp\/v2\/product_brand?post=730922"},{"taxonomy":"product_cat","embeddable":true,"href":"https:\/\/roveyayinevi.com.tr\/index.php\/wp-json\/wp\/v2\/product_cat?post=730922"},{"taxonomy":"product_tag","embeddable":true,"href":"https:\/\/roveyayinevi.com.tr\/index.php\/wp-json\/wp\/v2\/product_tag?post=730922"}],"curies":[{"name":"wp","href":"https:\/\/api.w.org\/{rel}","templated":true}]}}