{"id":730921,"date":"2025-08-27T21:22:45","date_gmt":"2025-08-27T18:22:45","guid":{"rendered":"https:\/\/roveyayinevi.com.tr\/index.php\/urun\/sefarad-guzergahlari\/"},"modified":"2026-04-16T02:38:40","modified_gmt":"2026-04-15T23:38:40","slug":"sefarad-guzergahlari","status":"publish","type":"product","link":"https:\/\/roveyayinevi.com.tr\/index.php\/urun\/sefarad-guzergahlari\/","title":{"rendered":"Sefarad G\u00fczergahlar\u0131"},"content":{"rendered":"<p>Sefarad G\u00fczergahlar\u0131, Osmanl\u0131 tarihi ve Yahudi tarihi \u00e7al\u0131\u015fan ara\u015ft\u0131rmac\u0131lar\u0131 bir araya getirerek aile yadigarlar\u0131n\u0131n, belgelerinin ve hat\u0131ra nesnelerinin 19. y\u00fczy\u0131l\u0131n sonlar\u0131ndaki ve 20. y\u00fczy\u0131l\u0131n ba\u015flar\u0131ndaki Osmanl\u0131 \u0130mparatorlu\u011fu\u2019ndan Amerika Birle\u015fik Devletleri\u2019ne (ABD) g\u00f6\u00e7 s\u00fcrecini kavramsalla\u015ft\u0131rmam\u0131za nas\u0131l yard\u0131mc\u0131 oldu\u011funa dair bir tart\u0131\u015fma ortaya koyuyor. Hem ABD\u2019deki hem de eski Osmanl\u0131 topraklar\u0131ndaki aile ar\u015fivlerinin ortak \u00f6nemi \u00fczerine d\u00fc\u015f\u00fcn\u00fclen kitab\u0131n hareket noktas\u0131nda, Washington \u00dcniversitesi\u2019ndeki Sefarad Ara\u015ft\u0131rmalar\u0131 Dijital Koleksiyonu ve bu koleksiyonun olu\u015fum s\u00fcreci bulunuyor. Koleksiyon, Akdeniz havzas\u0131ndaki Sefarad Yahudileriyle ili\u015fkili ar\u015fiv belgeleri ve kay\u0131tlar\u0131n tutuldu\u011fu ilk b\u00fcy\u00fck dijital veri havuzu niteli\u011finde, topluluk \u00f6nc\u00fcl\u00fc\u011f\u00fcnde geli\u015fen bir ar\u015fiv. Makaleleriyle kitaba katk\u0131da bulunan yazarlar, bu ar\u015fivden yola \u00e7\u0131karak Sefarad ge\u00e7mi\u015fine dair \u00e7al\u0131\u015fmalarda \u00f6zel koleksiyonlar\u0131n rol\u00fc \u00fczerine d\u00fc\u015f\u00fcn\u00fcyor; Sefarad m\u00fczi\u011fi ve edebiyat\u0131n\u0131n yan\u0131 s\u0131ra yeni medya, dijitalle\u015fme, ara\u015ft\u0131rmac\u0131 podcast yay\u0131nc\u0131l\u0131\u011f\u0131 ve aile yadigarlar\u0131n\u0131n Osmanl\u0131 Sefarad k\u00fclt\u00fcr\u00fcn\u00fc korumadaki rol\u00fc gibi konularda \u00f6rnek \u00e7al\u0131\u015fmalar sunuyorlar.Kerem T\u0131naz, Ko\u00e7 \u00dcniversitesi Tarih B\u00f6l\u00fcm\u00fc\u2019nde doktor \u00f6\u011fretim \u00fcyesidir.Oscar Aguirre-Mandujano, Pennsylvania \u00dcniversitesi Tarih B\u00f6l\u00fcm\u00fc\u2019nde doktor \u00f6\u011fretim \u00fcyesidir.<\/p>\n","protected":false},"excerpt":{"rendered":"<p>Sefarad G\u00fczergahlar\u0131, Osmanl\u0131 tarihi ve Yahudi tarihi \u00e7al\u0131\u015fan ara\u015ft\u0131rmac\u0131lar\u0131 bir araya getirerek aile yadigarlar\u0131n\u0131n, belgelerinin ve hat\u0131ra nesnelerinin 19. y\u00fczy\u0131l\u0131n sonlar\u0131ndaki ve 20. y\u00fczy\u0131l\u0131n ba\u015flar\u0131ndaki Osmanl\u0131<span class=\"excerpt-hellip\"> [\u2026]<\/span><\/p>\n","protected":false},"featured_media":0,"template":"","meta":{"_monsterinsights_skip_tracking":false,"_monsterinsights_sitenote_active":false,"_monsterinsights_sitenote_note":"","_monsterinsights_sitenote_category":0},"product_brand":[],"product_cat":[13517,12304],"product_tag":[],"class_list":{"0":"post-730921","1":"product","2":"type-product","3":"status-publish","5":"product_cat-osmanli-tarihi","6":"product_cat-tarih","7":"pa_cilt-ciltsiz","8":"pa_tur-kitap","9":"pa_yayinevi-koc-universitesi-yayinlari","10":"pa_yazar-koc-universitesi-yayinlari-kolektif","12":"first","13":"instock","14":"sale","15":"shipping-taxable","16":"purchasable","17":"product-type-simple"},"_links":{"self":[{"href":"https:\/\/roveyayinevi.com.tr\/index.php\/wp-json\/wp\/v2\/product\/730921","targetHints":{"allow":["GET"]}}],"collection":[{"href":"https:\/\/roveyayinevi.com.tr\/index.php\/wp-json\/wp\/v2\/product"}],"about":[{"href":"https:\/\/roveyayinevi.com.tr\/index.php\/wp-json\/wp\/v2\/types\/product"}],"wp:attachment":[{"href":"https:\/\/roveyayinevi.com.tr\/index.php\/wp-json\/wp\/v2\/media?parent=730921"}],"wp:term":[{"taxonomy":"product_brand","embeddable":true,"href":"https:\/\/roveyayinevi.com.tr\/index.php\/wp-json\/wp\/v2\/product_brand?post=730921"},{"taxonomy":"product_cat","embeddable":true,"href":"https:\/\/roveyayinevi.com.tr\/index.php\/wp-json\/wp\/v2\/product_cat?post=730921"},{"taxonomy":"product_tag","embeddable":true,"href":"https:\/\/roveyayinevi.com.tr\/index.php\/wp-json\/wp\/v2\/product_tag?post=730921"}],"curies":[{"name":"wp","href":"https:\/\/api.w.org\/{rel}","templated":true}]}}