{"id":730920,"date":"2025-08-27T21:22:45","date_gmt":"2025-08-27T18:22:45","guid":{"rendered":"https:\/\/roveyayinevi.com.tr\/index.php\/urun\/her-dogum-bir-hikaye\/"},"modified":"2026-04-16T02:38:40","modified_gmt":"2026-04-15T23:38:40","slug":"her-dogum-bir-hikaye","status":"publish","type":"product","link":"https:\/\/roveyayinevi.com.tr\/index.php\/urun\/her-dogum-bir-hikaye\/","title":{"rendered":"Her Do\u011fum Bir Hikaye"},"content":{"rendered":"<p>\u201cBebe\u011finizi do\u011furmak ve sa\u011fl\u0131kla b\u00fcy\u00fctmek i\u00e7in ihtiya\u00e7 duydu\u011funuz her \u015fey i\u00e7g\u00fcd\u00fclerinizde mevcut! Kendinize her daim g\u00fcvenin\u2026\u201dFurkan KAYABA\u015eO\u011eLU Do\u011fum do\u011fal bir s\u00fcre\u00e7! Korkulara, endi\u015felere, t\u00fcm tecr\u00fcbesizli\u011fine ra\u011fmen her anne aday\u0131n\u0131n s\u00fcrecin sonunda \u00f6yle ya da b\u00f6yle ba\u015fard\u0131\u011f\u0131 bir yolculuk\u2026 Anne adaylar\u0131 hamilelik s\u00fcrecini olabildi\u011fince bilin\u00e7li ya\u015famak istiyor.\u00d6\u011frenmeye \u00e7al\u0131\u015f\u0131yor, ara\u015ft\u0131r\u0131yor\u2026Do\u011fuma ve anneli\u011fe kendini haz\u0131rl\u0131yor.Bir s\u00fcr\u00fc internet sitesi, raflar dolusu kitaplar ve YouTube! Peki, bu s\u00fcreci ya\u015fanm\u0131\u015f ger\u00e7ek hik\u00e2yeler \u00fczerinden \u00f6\u011frenmeye ne dersiniz? Bu kitapta, anne adaylar\u0131n\u0131n do\u011fum \u00f6ncesinde mutlaka \u00f6\u011frenmesi gereken yirmi d\u00f6rt konu hakk\u0131nda Dr. Furkan Kayaba\u015fo\u011flu\u2019nun derledi\u011fi do\u011fum hik\u00e2yelerini okuyacaks\u0131n\u0131z. Her b\u00f6l\u00fcm\u00fcn sonundaki notlar da do\u011fumun t\u0131bbi y\u00f6n\u00fcn\u00fc peki\u015ftirmenizi sa\u011flayacak. Onlarca anne aday\u0131n\u0131n ya\u015fanm\u0131\u015fl\u0131klar\u0131 kendi hik\u00e2yenizde size rehberlik edecek! Hik\u00e2yeler bitti\u011finde fark etmeden, s\u0131k\u0131lmadan, hepsinden \u00f6nemlisi strese girmeden do\u011fum hakk\u0131nda \u00e7ok \u015fey \u00f6\u011frenmi\u015f olacaks\u0131n\u0131z! Sadece hamileler i\u00e7in de\u011fil; bu s\u00fcreci ge\u00e7mi\u015fte deneyimlemi\u015f anneler, gelece\u011fin anne adaylar\u0131 ve hatta babalar i\u00e7in de \u00f6\u011fretici bir kaynak niteli\u011findeki bu kitap hamileli\u011fe bak\u0131\u015f a\u00e7\u0131n\u0131z\u0131 tamam\u0131yla de\u011fi\u015ftirecek! Her Do\u011fum Bir Hik\u00e2ye ve bu hik\u00e2yeler hi\u00e7 bitmeyecek. Bu sefer s\u0131rada senin hik\u00e2yen, sizin hik\u00e2yeleriniz var. <\/p>\n","protected":false},"excerpt":{"rendered":"<p>\u201cBebe\u011finizi do\u011furmak ve sa\u011fl\u0131kla b\u00fcy\u00fctmek i\u00e7in ihtiya\u00e7 duydu\u011funuz her \u015fey i\u00e7g\u00fcd\u00fclerinizde mevcut! Kendinize her daim g\u00fcvenin\u2026\u201dFurkan KAYABA\u015eO\u011eLU Do\u011fum do\u011fal bir s\u00fcre\u00e7! Korkulara, endi\u015felere, t\u00fcm tecr\u00fcbesizli\u011fine ra\u011fmen<span class=\"excerpt-hellip\"> [\u2026]<\/span><\/p>\n","protected":false},"featured_media":0,"template":"","meta":{"_monsterinsights_skip_tracking":false,"_monsterinsights_sitenote_active":false,"_monsterinsights_sitenote_note":"","_monsterinsights_sitenote_category":0},"product_brand":[],"product_cat":[17996,12364],"product_tag":[],"class_list":{"0":"post-730920","1":"product","2":"type-product","3":"status-publish","5":"product_cat-ebeveyn-kitaplari","6":"product_cat-genel-konular","7":"pa_cilt-ciltsiz","8":"pa_tur-kitap","9":"pa_yayinevi-kronik-kitap","10":"pa_yazar-furkan-kayabasoglu","12":"first","13":"instock","14":"sale","15":"shipping-taxable","16":"purchasable","17":"product-type-simple"},"_links":{"self":[{"href":"https:\/\/roveyayinevi.com.tr\/index.php\/wp-json\/wp\/v2\/product\/730920","targetHints":{"allow":["GET"]}}],"collection":[{"href":"https:\/\/roveyayinevi.com.tr\/index.php\/wp-json\/wp\/v2\/product"}],"about":[{"href":"https:\/\/roveyayinevi.com.tr\/index.php\/wp-json\/wp\/v2\/types\/product"}],"wp:attachment":[{"href":"https:\/\/roveyayinevi.com.tr\/index.php\/wp-json\/wp\/v2\/media?parent=730920"}],"wp:term":[{"taxonomy":"product_brand","embeddable":true,"href":"https:\/\/roveyayinevi.com.tr\/index.php\/wp-json\/wp\/v2\/product_brand?post=730920"},{"taxonomy":"product_cat","embeddable":true,"href":"https:\/\/roveyayinevi.com.tr\/index.php\/wp-json\/wp\/v2\/product_cat?post=730920"},{"taxonomy":"product_tag","embeddable":true,"href":"https:\/\/roveyayinevi.com.tr\/index.php\/wp-json\/wp\/v2\/product_tag?post=730920"}],"curies":[{"name":"wp","href":"https:\/\/api.w.org\/{rel}","templated":true}]}}