{"id":730915,"date":"2025-08-27T21:22:41","date_gmt":"2025-08-27T18:22:41","guid":{"rendered":"https:\/\/roveyayinevi.com.tr\/index.php\/urun\/iklim-krizi-ve-kuresel-yesil-yeni-duzen\/"},"modified":"2026-01-29T03:08:35","modified_gmt":"2026-01-29T00:08:35","slug":"iklim-krizi-ve-kuresel-yesil-yeni-duzen","status":"publish","type":"product","link":"https:\/\/roveyayinevi.com.tr\/index.php\/urun\/iklim-krizi-ve-kuresel-yesil-yeni-duzen\/","title":{"rendered":"\u0130klim Krizi Ve K\u00fcresel Ye\u015fil Yeni D\u00fczen"},"content":{"rendered":"<p>Bu \u00e7ok \u00f6nemli kitapta, d\u00fcnyan\u0131n \u00f6nde gelen kamusal ayd\u0131n\u0131 Noam Chomsky ve tan\u0131nm\u0131\u015f bir ilerici iktisat\u00e7\u0131 olan Robert Pollin, kontrol alt\u0131na al\u0131nmam\u0131\u015f iklim de\u011fi\u015fikli\u011finin felaket niteli\u011findeki sonu\u00e7lar\u0131n\u0131 ayr\u0131nt\u0131lar\u0131yla a\u00e7\u0131kl\u0131yor ve de\u011fi\u015fime y\u00f6nelik ger\u00e7ek\u00e7i bir proje sunuyorlar: Ye\u015fil Yeni D\u00fczen.Chomsky ve Pollin, daha s\u0131cak bir gezegene y\u00f6nelik tahminlerin muhayyileyi nas\u0131l zorlad\u0131\u011f\u0131n\u0131 g\u00f6steriyorlar: D\u00fcnya\u2019n\u0131n b\u00fcy\u00fck k\u0131sm\u0131 \u015fiddetli hava \u015fartlar\u0131n\u0131n, kurakl\u0131\u011f\u0131n, y\u00fckselen deniz seviyelerinin ve mahsul k\u0131tl\u0131\u011f\u0131n\u0131n alt\u0131nda ya\u015fama elveri\u015fsiz hale gelecek. Ye\u015fil bir ekonomiye ge\u00e7i\u015fin ekonomik felaket ve i\u015fsizlik yarataca\u011f\u0131na dair korkunun yersiz oldu\u011funu ve bu sahte kayg\u0131n\u0131n nas\u0131l iklim ink\u00e2rc\u0131l\u0131\u011f\u0131n\u0131 te\u015fvik etti\u011fini g\u00f6steriyorlar.\u0130nsanl\u0131k \u00f6n\u00fcm\u00fczdeki otuz y\u0131l i\u00e7inde fosil yak\u0131t yakmaya bir son vermeli ve bunu \u00e7al\u0131\u015fan insanlar\u0131n ya\u015fam standartlar\u0131n\u0131 ve f\u0131rsatlar\u0131n\u0131 art\u0131ran yollardan yapmal\u0131d\u0131r. Ye\u015fil Yeni D\u00fczen\u2019in hedefi budur ve yazarlar\u0131n a\u00e7\u0131k a\u00e7\u0131k anlatt\u0131klar\u0131 gibi, bu b\u00fct\u00fcn\u00fcyle uygulanabilir bir hedeftir. \u0130klim de\u011fi\u015fikli\u011fi yok say\u0131lamayacak ola\u011fan\u00fcst\u00fc bir durumdur. Bu kitap, onun \u00fcstesinden hem politik hem ekonomik olarak nas\u0131l gelinebilece\u011fini g\u00f6steriyor.<\/p>\n","protected":false},"excerpt":{"rendered":"<p>Bu \u00e7ok \u00f6nemli kitapta, d\u00fcnyan\u0131n \u00f6nde gelen kamusal ayd\u0131n\u0131 Noam Chomsky ve tan\u0131nm\u0131\u015f bir ilerici iktisat\u00e7\u0131 olan Robert Pollin, kontrol alt\u0131na al\u0131nmam\u0131\u015f iklim de\u011fi\u015fikli\u011finin felaket niteli\u011findeki<span class=\"excerpt-hellip\"> [\u2026]<\/span><\/p>\n","protected":false},"featured_media":0,"template":"","meta":{"_monsterinsights_skip_tracking":false,"_monsterinsights_sitenote_active":false,"_monsterinsights_sitenote_note":"","_monsterinsights_sitenote_category":0},"product_brand":[],"product_cat":[14841,13043],"product_tag":[],"class_list":{"0":"post-730915","1":"product","2":"type-product","3":"status-publish","5":"product_cat-arastirma-inceleme-kuram","6":"product_cat-ekonomi","7":"pa_cilt-ciltsiz","8":"pa_tur-kitap","9":"pa_yayinevi-utopya-yayinevi","10":"pa_yazar-utopya-yayinevi-kolektif","12":"first","13":"instock","14":"sale","15":"shipping-taxable","16":"purchasable","17":"product-type-simple"},"_links":{"self":[{"href":"https:\/\/roveyayinevi.com.tr\/index.php\/wp-json\/wp\/v2\/product\/730915","targetHints":{"allow":["GET"]}}],"collection":[{"href":"https:\/\/roveyayinevi.com.tr\/index.php\/wp-json\/wp\/v2\/product"}],"about":[{"href":"https:\/\/roveyayinevi.com.tr\/index.php\/wp-json\/wp\/v2\/types\/product"}],"wp:attachment":[{"href":"https:\/\/roveyayinevi.com.tr\/index.php\/wp-json\/wp\/v2\/media?parent=730915"}],"wp:term":[{"taxonomy":"product_brand","embeddable":true,"href":"https:\/\/roveyayinevi.com.tr\/index.php\/wp-json\/wp\/v2\/product_brand?post=730915"},{"taxonomy":"product_cat","embeddable":true,"href":"https:\/\/roveyayinevi.com.tr\/index.php\/wp-json\/wp\/v2\/product_cat?post=730915"},{"taxonomy":"product_tag","embeddable":true,"href":"https:\/\/roveyayinevi.com.tr\/index.php\/wp-json\/wp\/v2\/product_tag?post=730915"}],"curies":[{"name":"wp","href":"https:\/\/api.w.org\/{rel}","templated":true}]}}