{"id":730913,"date":"2025-08-27T21:22:39","date_gmt":"2025-08-27T18:22:39","guid":{"rendered":"https:\/\/roveyayinevi.com.tr\/index.php\/urun\/ada-lovelace-ve-sayilarin-basini-donduren-makine\/"},"modified":"2026-04-16T02:38:40","modified_gmt":"2026-04-15T23:38:40","slug":"ada-lovelace-ve-sayilarin-basini-donduren-makine","status":"publish","type":"product","link":"https:\/\/roveyayinevi.com.tr\/index.php\/urun\/ada-lovelace-ve-sayilarin-basini-donduren-makine\/","title":{"rendered":"Ada Lovelace ve Say\u0131lar\u0131n Ba\u015f\u0131n\u0131 D\u00f6nd\u00fcren Makine"},"content":{"rendered":"<p>Ada problemlere bay\u0131l\u0131r. Bu problemler ister k\u00fc\u00e7\u00fck ister b\u00fcy\u00fck olsun, onun i\u00e7in hi\u00e7 fark etmez. En \u00e7ok da i\u00e7inden \u00e7\u0131k\u0131lmas\u0131 zor problemleri sever. K\u00fct\u00fcphanede ne bulursa okur, karmakar\u0131\u015f\u0131k matematik i\u015flemlerini \u00e7\u00f6zer ve \u00e7\u0131lg\u0131n makineler icat eder. Ada, ya\u015f\u0131tlar\u0131ndan farks\u0131z k\u00fc\u00e7\u00fck bir k\u0131z \u00e7ocu\u011fu gibi g\u00f6r\u00fcnse de, d\u00fcnyay\u0131 de\u011fi\u015ftirmek \u00fczeredir. Zo\u00eb Tucker ve Rachel Katstaller, okula gitmemesine ra\u011fmen d\u00fcnyan\u0131n ilk bilgisayar program\u0131n\u0131 geli\u015ftiren k\u00fc\u00e7\u00fck bir k\u0131z \u00e7ocu\u011funun hayret verici hik\u00e2yesini anlat\u0131yorlar<\/p>\n","protected":false},"excerpt":{"rendered":"<p>Ada problemlere bay\u0131l\u0131r. Bu problemler ister k\u00fc\u00e7\u00fck ister b\u00fcy\u00fck olsun, onun i\u00e7in hi\u00e7 fark etmez. En \u00e7ok da i\u00e7inden \u00e7\u0131k\u0131lmas\u0131 zor problemleri sever. K\u00fct\u00fcphanede ne bulursa<span class=\"excerpt-hellip\"> [\u2026]<\/span><\/p>\n","protected":false},"featured_media":0,"template":"","meta":{"_monsterinsights_skip_tracking":false,"_monsterinsights_sitenote_active":false,"_monsterinsights_sitenote_note":"","_monsterinsights_sitenote_category":0},"product_brand":[],"product_cat":[12274,12284],"product_tag":[],"class_list":{"0":"post-730913","1":"product","2":"type-product","3":"status-publish","5":"product_cat-cocuk-ve-genclik-kitaplari","6":"product_cat-hikayeler","7":"pa_cilt-ciltsiz","8":"pa_tur-kitap","9":"pa_yayinevi-koc-universitesi-yayinlari","10":"pa_yazar-zoe-tucker","12":"first","13":"instock","14":"sale","15":"shipping-taxable","16":"purchasable","17":"product-type-simple"},"_links":{"self":[{"href":"https:\/\/roveyayinevi.com.tr\/index.php\/wp-json\/wp\/v2\/product\/730913","targetHints":{"allow":["GET"]}}],"collection":[{"href":"https:\/\/roveyayinevi.com.tr\/index.php\/wp-json\/wp\/v2\/product"}],"about":[{"href":"https:\/\/roveyayinevi.com.tr\/index.php\/wp-json\/wp\/v2\/types\/product"}],"wp:attachment":[{"href":"https:\/\/roveyayinevi.com.tr\/index.php\/wp-json\/wp\/v2\/media?parent=730913"}],"wp:term":[{"taxonomy":"product_brand","embeddable":true,"href":"https:\/\/roveyayinevi.com.tr\/index.php\/wp-json\/wp\/v2\/product_brand?post=730913"},{"taxonomy":"product_cat","embeddable":true,"href":"https:\/\/roveyayinevi.com.tr\/index.php\/wp-json\/wp\/v2\/product_cat?post=730913"},{"taxonomy":"product_tag","embeddable":true,"href":"https:\/\/roveyayinevi.com.tr\/index.php\/wp-json\/wp\/v2\/product_tag?post=730913"}],"curies":[{"name":"wp","href":"https:\/\/api.w.org\/{rel}","templated":true}]}}