{"id":730912,"date":"2025-08-27T21:22:38","date_gmt":"2025-08-27T18:22:38","guid":{"rendered":"https:\/\/roveyayinevi.com.tr\/index.php\/urun\/aklin-kutsal-kitabi\/"},"modified":"2026-04-16T02:38:40","modified_gmt":"2026-04-15T23:38:40","slug":"aklin-kutsal-kitabi","status":"publish","type":"product","link":"https:\/\/roveyayinevi.com.tr\/index.php\/urun\/aklin-kutsal-kitabi\/","title":{"rendered":"Akl\u0131n Kutsal Kitab\u0131"},"content":{"rendered":"<p>Bilgi, kimsenin sizden alamayaca\u011f\u0131 bir g\u00fc\u00e7t\u00fcr.Bilgi eksikli\u011finin oldu\u011fu yerde, sorgulanmam\u0131\u015f ezberler,de\u011ferler, d\u00fcrt\u00fcler ve al\u0131\u015fkanl\u0131klarla ya\u015fan\u0131r.Kendinizi tan\u0131y\u0131p hayat\u0131 anlad\u0131k\u00e7a, ge\u00e7mi\u015fi a\u015fman\u0131z, daha iyi kararlar alman\u0131z, engellerle ba\u015fa \u00e7\u0131kman\u0131z, yarat\u0131c\u0131 ve anlaml\u0131 ya\u015faman\u0131z kolayla\u015f\u0131r.Do\u011fru bilgi yaln\u0131zca bireyin de\u011fil, toplumun ve d\u00fcnyan\u0131n iyile\u015fmesi i\u00e7in de en \u00f6nemli ara\u00e7t\u0131rG\u00fcn\u00fcm\u00fczde bilgi ak\u0131\u015f\u0131 h\u0131zland\u0131k\u00e7a nitelikli bilgiye ula\u015fmak zorla\u015f\u0131rken, ak\u0131lc\u0131, g\u00fcvenilir ve kolay anla\u015f\u0131l\u0131r bilgi kaynaklar\u0131na olan ihtiyac\u0131m\u0131z giderek art\u0131yor.Do\u00e7. Dr. \u015eafak Nakajima\u2019n\u0131n, t\u0131p, psikoloji, bilim, felsefe ve sanat aras\u0131nda k\u00f6pr\u00fcler kurarak \u00f6zenle yazd\u0131\u011f\u0131, az s\u00f6zle \u00e7ok \u015fey anlatt\u0131\u011f\u0131 bu kitap, zor insanlardan duygusal \u015fiddete, vir\u00fcslerin zek\u00e2s\u0131ndan d\u00fc\u015f\u00fcnce tuzaklar\u0131na, a\u015fk\u0131n \u00e7e\u015fitlerinden e\u015fcinselli\u011fe, mutluluktan intihara, bilim tarihinden hayat\u0131n anlam\u0131na uzanan pek \u00e7ok konuda, insan\u0131 tan\u0131ma ve hayat\u0131 anlama yolculu\u011funuza \u0131\u015f\u0131k tutacak.<\/p>\n","protected":false},"excerpt":{"rendered":"<p>Bilgi, kimsenin sizden alamayaca\u011f\u0131 bir g\u00fc\u00e7t\u00fcr.Bilgi eksikli\u011finin oldu\u011fu yerde, sorgulanmam\u0131\u015f ezberler,de\u011ferler, d\u00fcrt\u00fcler ve al\u0131\u015fkanl\u0131klarla ya\u015fan\u0131r.Kendinizi tan\u0131y\u0131p hayat\u0131 anlad\u0131k\u00e7a, ge\u00e7mi\u015fi a\u015fman\u0131z, daha iyi kararlar alman\u0131z, engellerle ba\u015fa<span class=\"excerpt-hellip\"> [\u2026]<\/span><\/p>\n","protected":false},"featured_media":0,"template":"","meta":{"_monsterinsights_skip_tracking":false,"_monsterinsights_sitenote_active":false,"_monsterinsights_sitenote_note":"","_monsterinsights_sitenote_category":0},"product_brand":[],"product_cat":[12358,12357],"product_tag":[],"class_list":{"0":"post-730912","1":"product","2":"type-product","3":"status-publish","5":"product_cat-genel-psikoloji","6":"product_cat-psikoloji","7":"pa_cilt-ciltsiz","8":"pa_tur-kitap","9":"pa_yayinevi-inkilap-kitabevi","10":"pa_yazar-safak-nakajima","12":"first","13":"instock","14":"sale","15":"shipping-taxable","16":"purchasable","17":"product-type-simple"},"_links":{"self":[{"href":"https:\/\/roveyayinevi.com.tr\/index.php\/wp-json\/wp\/v2\/product\/730912","targetHints":{"allow":["GET"]}}],"collection":[{"href":"https:\/\/roveyayinevi.com.tr\/index.php\/wp-json\/wp\/v2\/product"}],"about":[{"href":"https:\/\/roveyayinevi.com.tr\/index.php\/wp-json\/wp\/v2\/types\/product"}],"wp:attachment":[{"href":"https:\/\/roveyayinevi.com.tr\/index.php\/wp-json\/wp\/v2\/media?parent=730912"}],"wp:term":[{"taxonomy":"product_brand","embeddable":true,"href":"https:\/\/roveyayinevi.com.tr\/index.php\/wp-json\/wp\/v2\/product_brand?post=730912"},{"taxonomy":"product_cat","embeddable":true,"href":"https:\/\/roveyayinevi.com.tr\/index.php\/wp-json\/wp\/v2\/product_cat?post=730912"},{"taxonomy":"product_tag","embeddable":true,"href":"https:\/\/roveyayinevi.com.tr\/index.php\/wp-json\/wp\/v2\/product_tag?post=730912"}],"curies":[{"name":"wp","href":"https:\/\/api.w.org\/{rel}","templated":true}]}}