{"id":730911,"date":"2025-08-27T21:22:37","date_gmt":"2025-08-27T18:22:37","guid":{"rendered":"https:\/\/roveyayinevi.com.tr\/index.php\/urun\/gazinin-sinemasi\/"},"modified":"2026-04-16T02:38:40","modified_gmt":"2026-04-15T23:38:40","slug":"gazinin-sinemasi","status":"publish","type":"product","link":"https:\/\/roveyayinevi.com.tr\/index.php\/urun\/gazinin-sinemasi\/","title":{"rendered":"Gazi\u2019nin Sinemas\u0131"},"content":{"rendered":"<p>Gazi\u2019nin Sinemas\u0131 adl\u0131 bu \u00e7al\u0131\u015fma, birinci el kaynaklardan yola \u00e7\u0131karak, Gazi\u2019nin sinemayla ili\u015fkisini derinlikli ve b\u00fct\u00fcnsel bir yakla\u015f\u0131mla ele al\u0131yor. Kitap boyunca, sinema arac\u0131l\u0131\u011f\u0131yla, Cumhuriyet\u2019in ilk y\u0131llar\u0131na, d\u00f6nemin sosyok\u00fclt\u00fcrel yap\u0131s\u0131na; Gazi\u2019nin sinemaya, bireysel ilgisinin yan\u0131 s\u0131ra, ulusal belle\u011fin olu\u015fumunda ve toplumun modernle\u015fmesinde bir ara\u00e7 olarak atfetti\u011fi \u00f6neme; izledi\u011fi, senaryosunu yazd\u0131rd\u0131\u011f\u0131, bizzat rol ald\u0131\u011f\u0131, \u00f6nerdi\u011fi veya yap\u0131m\u0131na destek oldu\u011fu filmlere ve beyazperdedeki son yolculu\u011funa tan\u0131kl\u0131k edeceksiniz. Gazi Mustafa Kemal Atat\u00fcrk\u2019\u00fcn sinemaya olan ilgisi az \u00e7ok bilinen bir konudur. Zaten hik\u00e2yesi de epik bir sinema filminin konusundan farks\u0131z ve bir o kadar da inan\u0131lmazd\u0131r: Kahraman bir asker, zaferden zafere ko\u015fan bir komutan, emperyalizme kafa tutan, ulusunu ba\u011f\u0131ms\u0131zl\u0131\u011fa kavu\u015fturarak mazlum milletlere ilham veren ve d\u00fcnya bar\u0131\u015f\u0131 i\u00e7in m\u00fccadele eden bir lider\u2026 Ya\u015fam\u0131, ola\u011fan\u00fcst\u00fc bir insan\u0131n, ayn\u0131 zamanda bir ulusun menk\u0131besidir. <\/p>\n","protected":false},"excerpt":{"rendered":"<p>Gazi\u2019nin Sinemas\u0131 adl\u0131 bu \u00e7al\u0131\u015fma, birinci el kaynaklardan yola \u00e7\u0131karak, Gazi\u2019nin sinemayla ili\u015fkisini derinlikli ve b\u00fct\u00fcnsel bir yakla\u015f\u0131mla ele al\u0131yor. Kitap boyunca, sinema arac\u0131l\u0131\u011f\u0131yla, Cumhuriyet\u2019in ilk<span class=\"excerpt-hellip\"> [\u2026]<\/span><\/p>\n","protected":false},"featured_media":0,"template":"","meta":{"_monsterinsights_skip_tracking":false,"_monsterinsights_sitenote_active":false,"_monsterinsights_sitenote_note":"","_monsterinsights_sitenote_category":0},"product_brand":[],"product_cat":[12530,12304],"product_tag":[],"class_list":{"0":"post-730911","1":"product","2":"type-product","3":"status-publish","5":"product_cat-mustafa-kemal-ataturk","6":"product_cat-tarih","7":"pa_cilt-ciltsiz","8":"pa_tur-kitap","9":"pa_yayinevi-yapi-kredi-yayinlari","10":"pa_yazar-ali-ozuyar","12":"first","13":"instock","14":"sale","15":"shipping-taxable","16":"purchasable","17":"product-type-simple"},"_links":{"self":[{"href":"https:\/\/roveyayinevi.com.tr\/index.php\/wp-json\/wp\/v2\/product\/730911","targetHints":{"allow":["GET"]}}],"collection":[{"href":"https:\/\/roveyayinevi.com.tr\/index.php\/wp-json\/wp\/v2\/product"}],"about":[{"href":"https:\/\/roveyayinevi.com.tr\/index.php\/wp-json\/wp\/v2\/types\/product"}],"wp:attachment":[{"href":"https:\/\/roveyayinevi.com.tr\/index.php\/wp-json\/wp\/v2\/media?parent=730911"}],"wp:term":[{"taxonomy":"product_brand","embeddable":true,"href":"https:\/\/roveyayinevi.com.tr\/index.php\/wp-json\/wp\/v2\/product_brand?post=730911"},{"taxonomy":"product_cat","embeddable":true,"href":"https:\/\/roveyayinevi.com.tr\/index.php\/wp-json\/wp\/v2\/product_cat?post=730911"},{"taxonomy":"product_tag","embeddable":true,"href":"https:\/\/roveyayinevi.com.tr\/index.php\/wp-json\/wp\/v2\/product_tag?post=730911"}],"curies":[{"name":"wp","href":"https:\/\/api.w.org\/{rel}","templated":true}]}}