{"id":730908,"date":"2025-08-27T21:22:34","date_gmt":"2025-08-27T18:22:34","guid":{"rendered":"https:\/\/roveyayinevi.com.tr\/index.php\/urun\/hastalik-hastasi-kiralik-katil\/"},"modified":"2026-02-25T02:48:12","modified_gmt":"2026-02-24T23:48:12","slug":"hastalik-hastasi-kiralik-katil","status":"publish","type":"product","link":"https:\/\/roveyayinevi.com.tr\/index.php\/urun\/hastalik-hastasi-kiralik-katil\/","title":{"rendered":"Hastal\u0131k Hastas\u0131 Kiral\u0131k Katil"},"content":{"rendered":"<p>Bay Y. kiral\u0131k katil olarak ald\u0131\u011f\u0131 son i\u015fi bitirmek zorunda&#8230; Zorunda, \u00e7\u00fcnk\u00fc paras\u0131n\u0131 pe\u015fin ald\u0131\u011f\u0131 bu i\u015fi bitirmek onun i\u00e7in ahlaki bir zorunluluk, zira kendisi Kant\u00e7\u0131 ahlak sahibidir. Ne ki \u00f6n\u00fcnde a\u015fmas\u0131 gereken tek bir sorun var: Bay Y.\u2019nin sadece bir g\u00fcnl\u00fck \u00f6mr\u00fc kald\u0131&#8230; Ya da iki. Hastal\u0131k hastas\u0131 kiral\u0131k katil Bay Y. neredeyse do\u011fdu\u011fu g\u00fcnden beri, her ak\u015fam, ertesi g\u00fcn\u00fc g\u00f6remeyece\u011finden emin olarak yata\u011f\u0131na girer. Zira o kadar \u00e7ok hastal\u0131\u011fa yakalanm\u0131\u015ft\u0131r ki&#8230; Ayr\u0131ca kronik bahts\u0131zl\u0131ktan da mustariptir. Her \u015feyini mesle\u011fine adam\u0131\u015f, yaln\u0131zl\u0131\u011f\u0131n\u0131 edebiyat ve felsefe d\u00fcnyas\u0131n\u0131n hayali, psikolojik veya b\u00fcy\u00fck fiziki ac\u0131lar \u00e7ektikleri bilinen Poe, Proust, Voltaire, Tolstoy, Moli\u00e8re gibi me\u015fhur hastal\u0131k hastalar\u0131n\u0131n hayat hik\u00e2yeleriyle gidermeye \u00e7al\u0131\u015fm\u0131\u015ft\u0131r. Bu son i\u015finde hedefini uzun s\u00fcre takip eder, s\u0131ra son darbeye gelir. Ama her seferinde kronik makus talihi ya da nadir semptomlar araya girer. Bay Y. her ba\u015far\u0131s\u0131z giri\u015fimden sonra yeni y\u00f6ntemlere ba\u015fvuracak, bu arada hayatlar\u0131n\u0131 okudu\u011fu me\u015fhur hastal\u0131k hastalar\u0131yla \u015fa\u015f\u0131rt\u0131c\u0131 ortak y\u00f6nlerini if\u015fa edecektir&#8230;   \u201c[Proust] o kadar uzun seneler boyunca \u00f6lece\u011fini haber vermi\u015fti ki, art\u0131k ne dostlar\u0131, ne ele\u015ftirmenleri, ne yay\u0131nc\u0131s\u0131 ne de okurlar\u0131 ona inan\u0131yorlard\u0131. Ama, onlar\u0131n g\u00fcvensizlikleri ve \u015f\u00fcpheciliklerine ra\u011fmen, Bay Proust sonunda \u00f6ld\u00fc. [&#8230;] Hekimi bir bron\u015fit ata\u011f\u0131ndan oldu\u011funu s\u00f6yledi. \u00d6l\u00fcm\u00fcn\u00fcn vertigolardan, kulak iltihab\u0131ndan, \u00fcremiden, gripten, y\u00fcz felcinden, kalp enfarkt\u00fcs\u00fcnden, bir beyin t\u00fcm\u00f6r\u00fcnden ve kay\u0131p zaman\u0131 bulmay\u0131 ba\u015faramamaktan oldu\u011fu bilinir. K\u00f6r talihinin pe\u015finden ayr\u0131lmad\u0131\u011f\u0131 o y\u0131llar boyunca, Bay Proust hastal\u0131klardan asla korkmad\u0131. Korktu\u011fu tek \u015fey, ayn\u0131 benim gibi, eserini tamamlamadan \u00f6nce \u00f6lmekti.\u201d <\/p>\n","protected":false},"excerpt":{"rendered":"<p>Bay Y. kiral\u0131k katil olarak ald\u0131\u011f\u0131 son i\u015fi bitirmek zorunda&#8230; Zorunda, \u00e7\u00fcnk\u00fc paras\u0131n\u0131 pe\u015fin ald\u0131\u011f\u0131 bu i\u015fi bitirmek onun i\u00e7in ahlaki bir zorunluluk, zira kendisi Kant\u00e7\u0131<span class=\"excerpt-hellip\"> [\u2026]<\/span><\/p>\n","protected":false},"featured_media":0,"template":"","meta":{"_monsterinsights_skip_tracking":false,"_monsterinsights_sitenote_active":false,"_monsterinsights_sitenote_note":"","_monsterinsights_sitenote_category":0},"product_brand":[],"product_cat":[12291,12711],"product_tag":[],"class_list":{"0":"post-730908","1":"product","2":"type-product","3":"status-publish","5":"product_cat-edebiyat","6":"product_cat-roman-oyku","7":"pa_cilt-ciltsiz","8":"pa_tur-kitap","9":"pa_yayinevi-yapi-kredi-yayinlari","10":"pa_yazar-juan-jacinto-munoz-rengel","12":"first","13":"outofstock","14":"sale","15":"shipping-taxable","16":"purchasable","17":"product-type-simple"},"_links":{"self":[{"href":"https:\/\/roveyayinevi.com.tr\/index.php\/wp-json\/wp\/v2\/product\/730908","targetHints":{"allow":["GET"]}}],"collection":[{"href":"https:\/\/roveyayinevi.com.tr\/index.php\/wp-json\/wp\/v2\/product"}],"about":[{"href":"https:\/\/roveyayinevi.com.tr\/index.php\/wp-json\/wp\/v2\/types\/product"}],"wp:attachment":[{"href":"https:\/\/roveyayinevi.com.tr\/index.php\/wp-json\/wp\/v2\/media?parent=730908"}],"wp:term":[{"taxonomy":"product_brand","embeddable":true,"href":"https:\/\/roveyayinevi.com.tr\/index.php\/wp-json\/wp\/v2\/product_brand?post=730908"},{"taxonomy":"product_cat","embeddable":true,"href":"https:\/\/roveyayinevi.com.tr\/index.php\/wp-json\/wp\/v2\/product_cat?post=730908"},{"taxonomy":"product_tag","embeddable":true,"href":"https:\/\/roveyayinevi.com.tr\/index.php\/wp-json\/wp\/v2\/product_tag?post=730908"}],"curies":[{"name":"wp","href":"https:\/\/api.w.org\/{rel}","templated":true}]}}