{"id":730907,"date":"2025-08-27T21:22:33","date_gmt":"2025-08-27T18:22:33","guid":{"rendered":"https:\/\/roveyayinevi.com.tr\/index.php\/urun\/gun-isigi\/"},"modified":"2026-04-16T02:38:39","modified_gmt":"2026-04-15T23:38:39","slug":"gun-isigi","status":"publish","type":"product","link":"https:\/\/roveyayinevi.com.tr\/index.php\/urun\/gun-isigi\/","title":{"rendered":"G\u00fcn I\u015f\u0131\u011f\u0131"},"content":{"rendered":"<p>Topkap\u0131 Saray\u0131\u2019n\u0131n beklenmedik ziyaret\u00e7ileri   Doland\u0131r\u0131c\u0131 Arthur Abdel Simpson, Atina\u2019da havaalan\u0131nda kar\u015f\u0131la\u015ft\u0131\u011f\u0131 Harper\u2019a her zamanki kurban profiline uydu\u011funu d\u00fc\u015f\u00fcnerek yakla\u015f\u0131r. Fakat Harper\u2019\u0131n saf bir kurbandan \u00e7ok daha fazlas\u0131 oldu\u011fu ortaya \u00e7\u0131kar. K\u0131sa s\u00fcre i\u00e7inde Simpson kendini \u00f6nce \u015f\u00fcpheli bir otomobili T\u00fcrkiye s\u0131n\u0131r\u0131ndan ge\u00e7irmeye \u00e7al\u0131\u015f\u0131rken bulacak, sonra da eline d\u00fc\u015ft\u00fc\u011f\u00fc polisin sundu\u011fu iki se\u00e7enekle kar\u015f\u0131 kar\u015f\u0131ya kalacakt\u0131r: Ya polisle i\u015fbirli\u011fi yap\u0131p eski meslekta\u015flar\u0131na ihanet etmeli ya da cezaevine d\u00fc\u015fmeyi g\u00f6ze almal\u0131d\u0131r. Harper ve m\u00fccevher h\u0131rs\u0131z\u0131 \u00e7etesininse \u0130stanbul\u2019da bamba\u015fka planlar\u0131 vard\u0131r&#8230;   \u00c7a\u011fda\u015f gerilim ve casusluk romanlar\u0131n\u0131n \u00f6nc\u00fcs\u00fc kabul edilen Eric Ambler, tekinsiz komplolar\u0131n i\u00e7ine d\u00fc\u015fen s\u0131radan insanlar\u0131n maceralar\u0131n\u0131 konu alan romanlar\u0131yla tan\u0131nd\u0131. Renkli karakterlerle dolu G\u00fcn I\u015f\u0131\u011f\u0131, Ambler\u2019\u0131n en e\u011flenceli romanlar\u0131ndan biri olmas\u0131n\u0131n yan\u0131 s\u0131ra Jules Dassin\u2019in 1964 yap\u0131m\u0131 klasik filmi Topkap\u0131\u2019n\u0131n da \u00e7\u0131k\u0131\u015f noktas\u0131d\u0131r.   \u201cAmbler, ard\u0131ndan gelen taklit\u00e7ilerinin \u00fczerinde bir zirve gibi y\u00fckseliyor.\u201d-Los Angeles Times   \u201cAmbler\u2019\u0131n yazd\u0131\u011f\u0131 tek bir s\u0131k\u0131c\u0131 paragraf yok.\u201d -Sunday Times   \u201cBay Ambler ola\u011fan\u00fcst\u00fc bir yazar.\u201d -Alfred Hitchcock <\/p>\n","protected":false},"excerpt":{"rendered":"<p>Topkap\u0131 Saray\u0131\u2019n\u0131n beklenmedik ziyaret\u00e7ileri Doland\u0131r\u0131c\u0131 Arthur Abdel Simpson, Atina\u2019da havaalan\u0131nda kar\u015f\u0131la\u015ft\u0131\u011f\u0131 Harper\u2019a her zamanki kurban profiline uydu\u011funu d\u00fc\u015f\u00fcnerek yakla\u015f\u0131r. Fakat Harper\u2019\u0131n saf bir kurbandan \u00e7ok daha<span class=\"excerpt-hellip\"> [\u2026]<\/span><\/p>\n","protected":false},"featured_media":0,"template":"","meta":{"_monsterinsights_skip_tracking":false,"_monsterinsights_sitenote_active":false,"_monsterinsights_sitenote_note":"","_monsterinsights_sitenote_category":0},"product_brand":[],"product_cat":[12291,17033],"product_tag":[],"class_list":{"0":"post-730907","1":"product","2":"type-product","3":"status-publish","5":"product_cat-edebiyat","6":"product_cat-korku-gerilim","7":"pa_cilt-ciltsiz","8":"pa_tur-kitap","9":"pa_yayinevi-yapi-kredi-yayinlari","10":"pa_yazar-eric-ambler","12":"first","13":"instock","14":"sale","15":"shipping-taxable","16":"purchasable","17":"product-type-simple"},"_links":{"self":[{"href":"https:\/\/roveyayinevi.com.tr\/index.php\/wp-json\/wp\/v2\/product\/730907","targetHints":{"allow":["GET"]}}],"collection":[{"href":"https:\/\/roveyayinevi.com.tr\/index.php\/wp-json\/wp\/v2\/product"}],"about":[{"href":"https:\/\/roveyayinevi.com.tr\/index.php\/wp-json\/wp\/v2\/types\/product"}],"wp:attachment":[{"href":"https:\/\/roveyayinevi.com.tr\/index.php\/wp-json\/wp\/v2\/media?parent=730907"}],"wp:term":[{"taxonomy":"product_brand","embeddable":true,"href":"https:\/\/roveyayinevi.com.tr\/index.php\/wp-json\/wp\/v2\/product_brand?post=730907"},{"taxonomy":"product_cat","embeddable":true,"href":"https:\/\/roveyayinevi.com.tr\/index.php\/wp-json\/wp\/v2\/product_cat?post=730907"},{"taxonomy":"product_tag","embeddable":true,"href":"https:\/\/roveyayinevi.com.tr\/index.php\/wp-json\/wp\/v2\/product_tag?post=730907"}],"curies":[{"name":"wp","href":"https:\/\/api.w.org\/{rel}","templated":true}]}}