{"id":730906,"date":"2025-08-27T21:22:32","date_gmt":"2025-08-27T18:22:32","guid":{"rendered":"https:\/\/roveyayinevi.com.tr\/index.php\/urun\/huzur-cikmazi\/"},"modified":"2026-04-16T02:38:39","modified_gmt":"2026-04-15T23:38:39","slug":"huzur-cikmazi","status":"publish","type":"product","link":"https:\/\/roveyayinevi.com.tr\/index.php\/urun\/huzur-cikmazi\/","title":{"rendered":"Huzur \u00c7\u0131kmaz\u0131"},"content":{"rendered":"<p>Haldun Taner\u2019in ilk d\u00f6nem oyunlar\u0131ndan Huzur \u00c7\u0131kmaz\u0131 \u00fc\u00e7 perdelik oyun yaz\u0131l\u0131\u015f\u0131ndan altm\u0131\u015f y\u0131l sonra ilk kez okuruyla bulu\u015fuyor.   1962\u2019de \u0130stanbul \u015eehir Tiyatrolar\u0131\u2019nda sahnelenen oyun ilerleyen y\u0131llarda Ankara ve \u0130zmir Devlet Tiyatrolar\u0131nda defalarca sahnelenmi\u015f ve b\u00fcy\u00fck ilgi g\u00f6rm\u00fc\u015ft\u00fc. Oyun metnini y\u0131llar sonra yazar\u0131n e\u015fi Demet Taner buldu ve yay\u0131na haz\u0131rlad\u0131. B\u00f6ylece tiyatromuzun b\u00fcy\u00fck yazar\u0131n\u0131n bir eseri daha oyun okuruyla bulu\u015fmu\u015f oldu. Ay\u015feg\u00fcl Y\u00fcksel, oyun hakk\u0131nda Haldun Taner Tiyatrosu kitab\u0131nda \u015f\u00f6yle diyor: \u201cHuzur \u00c7\u0131kmaz\u0131, \u00fc\u00e7 perdeden olu\u015fan bir buruk g\u00fcld\u00fcr\u00fcd\u00fcr. Taner\u2019in dar aile \u00e7evresi i\u00e7inde yer alan \u00f6zel ili\u015fkileri irdeleyen tek oyunudur. Huzur \u00c7\u0131kmaz\u0131, geleneksel \u2018a\u015fk \u00fc\u00e7geni\u2019 \u00f6rgesinden yola \u00e7\u0131kan, olaylar dizisi ba\u015ftan sona \u2018kar\u0131-koca-sevgili\u2019 ili\u015fkisinin bilinen a\u015famalar\u0131 (kocadan so\u011fuma \u2013 yasak a\u015fk ili\u015fkisine giri\u015f \u2013 ili\u015fkiyi kocaya s\u00f6ylenen yalanlarla s\u00fcrd\u00fcrme \u2013 korku ve tedirginlik a\u015famas\u0131na ula\u015fma \u2013 ger\u00e7e\u011fin koca taraf\u0131ndan \u00f6\u011frenilmesi) \u00fcst\u00fcne kurulmu\u015f bir oyundur; olaylar\u0131n ak\u0131\u015f\u0131 bilinen merak \u00f6\u011felerinin uyand\u0131r\u0131lmas\u0131 yolunda geli\u015fir.   Haldun Taner, Huzur \u00c7\u0131kmaz\u0131\u2019n\u0131 \u2018gerilimsizlikten gerilim \u00e7\u0131karmaya \u00e7al\u0131\u015fan bir tiyatro ara\u015ft\u0131rmas\u0131\u2019 olarak nitelendirir.\u201d <\/p>\n","protected":false},"excerpt":{"rendered":"<p>Haldun Taner\u2019in ilk d\u00f6nem oyunlar\u0131ndan Huzur \u00c7\u0131kmaz\u0131 \u00fc\u00e7 perdelik oyun yaz\u0131l\u0131\u015f\u0131ndan altm\u0131\u015f y\u0131l sonra ilk kez okuruyla bulu\u015fuyor. 1962\u2019de \u0130stanbul \u015eehir Tiyatrolar\u0131\u2019nda sahnelenen oyun ilerleyen y\u0131llarda<span class=\"excerpt-hellip\"> [\u2026]<\/span><\/p>\n","protected":false},"featured_media":0,"template":"","meta":{"_monsterinsights_skip_tracking":false,"_monsterinsights_sitenote_active":false,"_monsterinsights_sitenote_note":"","_monsterinsights_sitenote_category":0},"product_brand":[],"product_cat":[12291,15566],"product_tag":[],"class_list":{"0":"post-730906","1":"product","2":"type-product","3":"status-publish","5":"product_cat-edebiyat","6":"product_cat-oyun","7":"pa_cilt-ciltsiz","8":"pa_tur-kitap","9":"pa_yayinevi-yapi-kredi-yayinlari","10":"pa_yazar-haldun-taner","12":"first","13":"instock","14":"sale","15":"shipping-taxable","16":"purchasable","17":"product-type-simple"},"_links":{"self":[{"href":"https:\/\/roveyayinevi.com.tr\/index.php\/wp-json\/wp\/v2\/product\/730906","targetHints":{"allow":["GET"]}}],"collection":[{"href":"https:\/\/roveyayinevi.com.tr\/index.php\/wp-json\/wp\/v2\/product"}],"about":[{"href":"https:\/\/roveyayinevi.com.tr\/index.php\/wp-json\/wp\/v2\/types\/product"}],"wp:attachment":[{"href":"https:\/\/roveyayinevi.com.tr\/index.php\/wp-json\/wp\/v2\/media?parent=730906"}],"wp:term":[{"taxonomy":"product_brand","embeddable":true,"href":"https:\/\/roveyayinevi.com.tr\/index.php\/wp-json\/wp\/v2\/product_brand?post=730906"},{"taxonomy":"product_cat","embeddable":true,"href":"https:\/\/roveyayinevi.com.tr\/index.php\/wp-json\/wp\/v2\/product_cat?post=730906"},{"taxonomy":"product_tag","embeddable":true,"href":"https:\/\/roveyayinevi.com.tr\/index.php\/wp-json\/wp\/v2\/product_tag?post=730906"}],"curies":[{"name":"wp","href":"https:\/\/api.w.org\/{rel}","templated":true}]}}