{"id":730905,"date":"2025-08-27T21:22:31","date_gmt":"2025-08-27T18:22:31","guid":{"rendered":"https:\/\/roveyayinevi.com.tr\/index.php\/urun\/golge-2\/"},"modified":"2026-04-16T02:38:39","modified_gmt":"2026-04-15T23:38:39","slug":"golge-2","status":"publish","type":"product","link":"https:\/\/roveyayinevi.com.tr\/index.php\/urun\/golge-2\/","title":{"rendered":"G\u00f6lge"},"content":{"rendered":"<p>\u00d6zg\u00fcrl\u00fc\u011f\u00fcm\u00fcz i\u00e7in sava\u015fmal\u0131 ve asla pes etmemeliyiz&#8230;  \u0130ngiliz \u00c7ocuk Edebiyat\u0131 El\u00e7isi, efsanevi yazar Michael Morpurgo, G\u00f6lge adl\u0131 roman\u0131yla bu kez g\u00f6z\u00fcn\u00fc 2000&#8217;li y\u0131llarda Asya k\u0131tas\u0131nda ya\u015fanan insanl\u0131k dram\u0131na \u00e7eviriyor ve Emin ad\u0131nda Afgan bir \u00e7ocu\u011fun hayatta kalma m\u00fccadelesini oda\u011f\u0131na al\u0131yor.   Yazar\u0131n alametifarikas\u0131 insan-hayvan dostlu\u011fu ile sava\u015f ve bar\u0131\u015f temalar\u0131n\u0131n yine \u00f6n planda tutuldu\u011fu bu s\u00fcr\u00fckleyici eser; sevgi ba\u011f\u0131yla birbirine kenetlenen ya\u015famlara dokunuyor, Afganistan&#8217;dan \u0130ngiltere&#8217;ye uzanan destans\u0131 bir yol hik\u00e2yesi anlat\u0131yor.  Bir k\u00f6pe\u011fin izinden y\u00fcr\u00fcyerek yak\u0131n d\u00f6nem d\u00fcnya siyasi tarihine ayna tutan Morpurgo; sava\u015f\u0131n y\u0131k\u0131c\u0131 etkileri, sevdiklerini yitirme ve s\u0131\u011f\u0131nmac\u0131l\u0131k gibi insan ruhunda kapanmaz yaralar a\u00e7abilecek hassas konular\u0131 sinemasal bir dille, ustal\u0131kla aktar\u0131yor.    &#8221;\u0130nsanlar\u0131n y\u00fcre\u011fini kapkara yapan, onlar\u0131 zalim k\u0131lan; korku ve cehalettir.&#8221;Afganistan, \u0130ran, T\u00fcrkiye, Fransa, \u0130ngiltere&#8230;Emin ve annesi, Taliban&#8217;\u0131n zulm\u00fcnden ka\u00e7\u0131p \u0130ngiltere&#8217;ye s\u0131\u011f\u0131nmak istemektedir. Kolay olmayacakt\u0131r bu elbette. Yolda birbirinden b\u00fcy\u00fck tehlikeler; k\u00f6t\u00fc insanlar, yakalanma endi\u015fesi ve zorlu ko\u015fullar onlar\u0131 beklemektedir. Ama neyse ki mucizevi bir k\u00f6pek vard\u0131r yanlar\u0131nda: G\u00f6lge. Sonradan, G\u00f6lge&#8217;nin asl\u0131nda bir ordu k\u00f6pe\u011fi oldu\u011funu \u00f6\u011frenseler de Emin ve annesi ona \u00e7ok \u015fey bor\u00e7lu olacakt\u0131r. Bununla birlikte, \u0130ngiltere&#8217;ye ula\u015fmak da yetmeyecektir aile i\u00e7in. Hakiki bir zafer kazanmak istiyorlarsa, orada kalmak ad\u0131na da m\u00fccadele etmeleri gerekecektir&#8230;Hik\u00e2yelerin ustas\u0131 Michael Morpurgo, sadece gen\u00e7 okurlar\u0131n de\u011fil yeti\u015fkinlerin de merak\u0131n\u0131 tetikleyecek G\u00f6lge adl\u0131 kitab\u0131yla inan\u0131lmaz bir ser\u00fcven ya\u015fat\u0131yor; \u00f6zg\u00fcrl\u00fck yolunda sava\u015fman\u0131n ve asla pes etmemenin ne denli \u00f6nem arz etti\u011fini vurguluyor. Bir k\u00f6pe\u011fin sadakatinin nelere kadir olabilece\u011fini g\u00f6steren bu \u00e7ok y\u00f6nl\u00fc roman, iyilik yolunda sevgiyi ve dostlu\u011fu pusulas\u0131 yap\u0131yor.&#8221;&#8217;Alt taraf\u0131 bir k\u00f6pek,&#8217; der insan, de\u011fil mi&#8230; Ama benim g\u00f6z\u00fcmde, k\u00f6pekten ziyade dost o. Bizi b\u0131rakmak istemeyen, dostane bir g\u00f6lge. G\u00f6lgenden asla kurtulamazs\u0131n.&#8221;<\/p>\n","protected":false},"excerpt":{"rendered":"<p>\u00d6zg\u00fcrl\u00fc\u011f\u00fcm\u00fcz i\u00e7in sava\u015fmal\u0131 ve asla pes etmemeliyiz&#8230; \u0130ngiliz \u00c7ocuk Edebiyat\u0131 El\u00e7isi, efsanevi yazar Michael Morpurgo, G\u00f6lge adl\u0131 roman\u0131yla bu kez g\u00f6z\u00fcn\u00fc 2000&#8217;li y\u0131llarda Asya k\u0131tas\u0131nda ya\u015fanan<span class=\"excerpt-hellip\"> [\u2026]<\/span><\/p>\n","protected":false},"featured_media":0,"template":"","meta":{"_monsterinsights_skip_tracking":false,"_monsterinsights_sitenote_active":false,"_monsterinsights_sitenote_note":"","_monsterinsights_sitenote_category":0},"product_brand":[],"product_cat":[12275,12274],"product_tag":[],"class_list":{"0":"post-730905","1":"product","2":"type-product","3":"status-publish","5":"product_cat-6-12-yas-kitaplari","6":"product_cat-cocuk-ve-genclik-kitaplari","7":"pa_cilt-ciltsiz","8":"pa_tur-kitap","9":"pa_yayinevi-tudem-yayinlari","10":"pa_yazar-michael-morpurgo","12":"first","13":"instock","14":"sale","15":"shipping-taxable","16":"purchasable","17":"product-type-simple"},"_links":{"self":[{"href":"https:\/\/roveyayinevi.com.tr\/index.php\/wp-json\/wp\/v2\/product\/730905","targetHints":{"allow":["GET"]}}],"collection":[{"href":"https:\/\/roveyayinevi.com.tr\/index.php\/wp-json\/wp\/v2\/product"}],"about":[{"href":"https:\/\/roveyayinevi.com.tr\/index.php\/wp-json\/wp\/v2\/types\/product"}],"wp:attachment":[{"href":"https:\/\/roveyayinevi.com.tr\/index.php\/wp-json\/wp\/v2\/media?parent=730905"}],"wp:term":[{"taxonomy":"product_brand","embeddable":true,"href":"https:\/\/roveyayinevi.com.tr\/index.php\/wp-json\/wp\/v2\/product_brand?post=730905"},{"taxonomy":"product_cat","embeddable":true,"href":"https:\/\/roveyayinevi.com.tr\/index.php\/wp-json\/wp\/v2\/product_cat?post=730905"},{"taxonomy":"product_tag","embeddable":true,"href":"https:\/\/roveyayinevi.com.tr\/index.php\/wp-json\/wp\/v2\/product_tag?post=730905"}],"curies":[{"name":"wp","href":"https:\/\/api.w.org\/{rel}","templated":true}]}}