{"id":730903,"date":"2025-08-27T21:22:30","date_gmt":"2025-08-27T18:22:30","guid":{"rendered":"https:\/\/roveyayinevi.com.tr\/index.php\/urun\/sezginin-sonsuzlugu\/"},"modified":"2026-04-16T02:38:39","modified_gmt":"2026-04-15T23:38:39","slug":"sezginin-sonsuzlugu","status":"publish","type":"product","link":"https:\/\/roveyayinevi.com.tr\/index.php\/urun\/sezginin-sonsuzlugu\/","title":{"rendered":"Sezginin Sonsuzlu\u011fu"},"content":{"rendered":"<p>Ve&#8230; Ezeli-ebedi gizemi \u00e7\u00f6zenlerin dilinde sonsuza dek yank\u0131lanacak o iki kelime: \u201c\u00c7ok garip&#8230;\u201d   Binlerce y\u0131l boyunca insan Hakikat\u2019i aram\u0131\u015ft\u0131r. Kutsal yollar\u0131n izini s\u00fcrm\u00fc\u015f ve b\u00fcy\u00fck cevab\u0131n pe\u015fine d\u00fc\u015fm\u00fc\u015ft\u00fcr. Peki, bug\u00fcn\u00fcn modern d\u00fcnyas\u0131nda bu yollar kay\u0131p m\u0131d\u0131r? De\u011filse nas\u0131l bulunabilir?   \u201cHakikat \u00d6\u011fretisi\u201d nedir? Hz. \u0130sa\u2019n\u0131n kay\u0131p 15 y\u0131l\u0131n\u0131n s\u0131rr\u0131 nedir? Kutsal Meryem asl\u0131nda kimdir? H\u0131ristiyanl\u0131k daha sonra kimler taraf\u0131ndan, nas\u0131l yeniden dizayn edilmi\u015ftir? Hz. Muhammed\u2019in hayat\u0131 neyin sembol\u00fcd\u00fcr? \u0130slam dini hurafelere ne \u015fekilde g\u00f6m\u00fclm\u00fc\u015ft\u00fcr? \u0130slam\u2019\u0131n \u00f6z\u00fc nas\u0131l bulunabilir? Mesih\u2019in ger\u00e7ek anlam\u0131 nedir, ne zaman ve nas\u0131l gelir? \u0130nsan\u0131n ve varolu\u015fun s\u0131rr\u0131 nedir?   25 y\u0131l\u0131 a\u015fk\u0131n bir i\u00e7sel yolculu\u011fun a\u00e7\u0131\u011fa \u00e7\u0131kard\u0131\u011f\u0131 SEZG\u0130N\u0130N SONSUZLU\u011eU, \u0130slam Tasavvuf Gelene\u011fi\u2019nden H\u0131ristiyan ve Musevi Mistisizmi\u2019ne uzanan ruhsal bir ser\u00fcveni anlat\u0131yor. \u0130sa, Muhammed ve Mesih Makamlar\u0131\u2019n\u0131n anlamlar\u0131n\u0131 a\u00e7an kitap, okuru bamba\u015fka bir \u00e2leme \u00e7ekerken, onu sonsuzlu\u011fun i\u00e7inde arad\u0131\u011f\u0131 cevapla bulu\u015fmaya davet ediyor. <\/p>\n","protected":false},"excerpt":{"rendered":"<p>Ve&#8230; Ezeli-ebedi gizemi \u00e7\u00f6zenlerin dilinde sonsuza dek yank\u0131lanacak o iki kelime: \u201c\u00c7ok garip&#8230;\u201d Binlerce y\u0131l boyunca insan Hakikat\u2019i aram\u0131\u015ft\u0131r. Kutsal yollar\u0131n izini s\u00fcrm\u00fc\u015f ve b\u00fcy\u00fck cevab\u0131n<span class=\"excerpt-hellip\"> [\u2026]<\/span><\/p>\n","protected":false},"featured_media":0,"template":"","meta":{"_monsterinsights_skip_tracking":false,"_monsterinsights_sitenote_active":false,"_monsterinsights_sitenote_note":"","_monsterinsights_sitenote_category":0},"product_brand":[],"product_cat":[12718,12719,15238],"product_tag":[],"class_list":{"0":"post-730903","1":"product","2":"type-product","3":"status-publish","5":"product_cat-din","6":"product_cat-islam","7":"product_cat-tasavvuf","8":"pa_cilt-ciltsiz","9":"pa_tur-kitap","10":"pa_yayinevi-destek-yayinlari","11":"pa_yazar-cagri-dorter","13":"first","14":"instock","15":"sale","16":"shipping-taxable","17":"purchasable","18":"product-type-simple"},"_links":{"self":[{"href":"https:\/\/roveyayinevi.com.tr\/index.php\/wp-json\/wp\/v2\/product\/730903","targetHints":{"allow":["GET"]}}],"collection":[{"href":"https:\/\/roveyayinevi.com.tr\/index.php\/wp-json\/wp\/v2\/product"}],"about":[{"href":"https:\/\/roveyayinevi.com.tr\/index.php\/wp-json\/wp\/v2\/types\/product"}],"wp:attachment":[{"href":"https:\/\/roveyayinevi.com.tr\/index.php\/wp-json\/wp\/v2\/media?parent=730903"}],"wp:term":[{"taxonomy":"product_brand","embeddable":true,"href":"https:\/\/roveyayinevi.com.tr\/index.php\/wp-json\/wp\/v2\/product_brand?post=730903"},{"taxonomy":"product_cat","embeddable":true,"href":"https:\/\/roveyayinevi.com.tr\/index.php\/wp-json\/wp\/v2\/product_cat?post=730903"},{"taxonomy":"product_tag","embeddable":true,"href":"https:\/\/roveyayinevi.com.tr\/index.php\/wp-json\/wp\/v2\/product_tag?post=730903"}],"curies":[{"name":"wp","href":"https:\/\/api.w.org\/{rel}","templated":true}]}}