{"id":730898,"date":"2025-08-27T21:22:25","date_gmt":"2025-08-27T18:22:25","guid":{"rendered":"https:\/\/roveyayinevi.com.tr\/index.php\/urun\/korku-11\/"},"modified":"2026-04-16T02:38:39","modified_gmt":"2026-04-15T23:38:39","slug":"korku-11","status":"publish","type":"product","link":"https:\/\/roveyayinevi.com.tr\/index.php\/urun\/korku-11\/","title":{"rendered":"Korku"},"content":{"rendered":"<p>E\u015fiyle evlili\u011finde herhangi bir sorun olmam\u0131\u015ft\u0131, tersine mutlu ve doyumluydu. Baz\u0131 kad\u0131nlarda \u00e7ok g\u00f6r\u00fclen manevi bak\u0131mdan k\u00f6relme gibi bir \u015fik\u00e2yeti de yoktu. K\u00fclt\u00fcrel y\u00f6nden de kendisinden \u00fcst\u00fcn, varl\u0131kl\u0131 bir kocas\u0131 vard\u0131. \u0130ki \u00e7ocu\u011fuyla birlikte rahat, refah i\u00e7inde, son derece sakin, mutlu ve tembel bir hayat ya\u015f\u0131yordu.Irene\u2019de macera merak\u0131 i\u015fte bu rahat hayat\u0131n\u0131n tehlikesiz ve g\u00fcvenli olu\u015fundan uyanm\u0131\u015ft\u0131. Bunalt\u0131c\u0131 s\u0131cak kadar, bazen havan\u0131n durgunlu\u011fu da insan\u0131 rahats\u0131z edebilirdi. Bunun gibi \u0131l\u0131ml\u0131 bir mutluluk da talihsizlik kadar k\u0131\u015fk\u0131rt\u0131c\u0131 olabilir; tembellikten mustarip pek \u00e7ok kad\u0131n i\u00e7in bunlar umutsuzlu\u011fun getirdi\u011fi s\u00fcrekli bir doyumsuzluktan daha tekinsiz hale gelebilirdi. Bazen tokluk da a\u00e7l\u0131k kadar k\u0131\u015fk\u0131rt\u0131c\u0131d\u0131r. Ya\u015fad\u0131\u011f\u0131 varl\u0131k i\u00e7indeki hayatta onu zorlayan hi\u00e7bir \u015fey yoktu. Hayat\u0131ndaki her \u015fey p\u00fcr\u00fczs\u00fczd\u00fc, etraf\u0131ndaki her \u015fey \u00f6zenle, \u015fefkatle, sevgiyle ve rahatl\u0131kla d\u00fczenlenmi\u015fti. Ama Irene, kendini bir \u015fekilde bu rahatl\u0131k taraf\u0131ndan kand\u0131r\u0131lm\u0131\u015f ve ger\u00e7ek ya\u015famdan uzakla\u015ft\u0131r\u0131lm\u0131\u015f g\u00f6r\u00fcyordu.\u201d<\/p>\n","protected":false},"excerpt":{"rendered":"<p>E\u015fiyle evlili\u011finde herhangi bir sorun olmam\u0131\u015ft\u0131, tersine mutlu ve doyumluydu. Baz\u0131 kad\u0131nlarda \u00e7ok g\u00f6r\u00fclen manevi bak\u0131mdan k\u00f6relme gibi bir \u015fik\u00e2yeti de yoktu. K\u00fclt\u00fcrel y\u00f6nden de kendisinden<span class=\"excerpt-hellip\"> [\u2026]<\/span><\/p>\n","protected":false},"featured_media":0,"template":"","meta":{"_monsterinsights_skip_tracking":false,"_monsterinsights_sitenote_active":false,"_monsterinsights_sitenote_note":"","_monsterinsights_sitenote_category":0},"product_brand":[],"product_cat":[12291,12711],"product_tag":[],"class_list":{"0":"post-730898","1":"product","2":"type-product","3":"status-publish","5":"product_cat-edebiyat","6":"product_cat-roman-oyku","7":"pa_cilt-ciltsiz","8":"pa_tur-kitap","9":"pa_yayinevi-yediveren-yayinlari","10":"pa_yazar-stefan-zweig","12":"first","13":"instock","14":"sale","15":"shipping-taxable","16":"purchasable","17":"product-type-simple"},"_links":{"self":[{"href":"https:\/\/roveyayinevi.com.tr\/index.php\/wp-json\/wp\/v2\/product\/730898","targetHints":{"allow":["GET"]}}],"collection":[{"href":"https:\/\/roveyayinevi.com.tr\/index.php\/wp-json\/wp\/v2\/product"}],"about":[{"href":"https:\/\/roveyayinevi.com.tr\/index.php\/wp-json\/wp\/v2\/types\/product"}],"wp:attachment":[{"href":"https:\/\/roveyayinevi.com.tr\/index.php\/wp-json\/wp\/v2\/media?parent=730898"}],"wp:term":[{"taxonomy":"product_brand","embeddable":true,"href":"https:\/\/roveyayinevi.com.tr\/index.php\/wp-json\/wp\/v2\/product_brand?post=730898"},{"taxonomy":"product_cat","embeddable":true,"href":"https:\/\/roveyayinevi.com.tr\/index.php\/wp-json\/wp\/v2\/product_cat?post=730898"},{"taxonomy":"product_tag","embeddable":true,"href":"https:\/\/roveyayinevi.com.tr\/index.php\/wp-json\/wp\/v2\/product_tag?post=730898"}],"curies":[{"name":"wp","href":"https:\/\/api.w.org\/{rel}","templated":true}]}}