{"id":730896,"date":"2025-08-27T21:22:23","date_gmt":"2025-08-27T18:22:23","guid":{"rendered":"https:\/\/roveyayinevi.com.tr\/index.php\/urun\/kucuk-prens-27\/"},"modified":"2026-04-16T02:38:39","modified_gmt":"2026-04-15T23:38:39","slug":"kucuk-prens-27","status":"publish","type":"product","link":"https:\/\/roveyayinevi.com.tr\/index.php\/urun\/kucuk-prens-27\/","title":{"rendered":"K\u00fc\u00e7\u00fck Prens"},"content":{"rendered":"<p>D\u00fcnyada en \u00e7ok satan kitaplardan biri olan ve yakla\u015f\u0131k y\u00fcz dile \u00e7evrilen &#8220;Le Petit Prince&#8221;, \u00e7ocuklar\u0131n oldu\u011fu kadar, b\u00fcy\u00fcklerin de okumas\u0131 gereken bir eser. Hayata bir \u00e7ocuk duyarl\u0131l\u0131\u011f\u0131 ile bak\u0131ld\u0131\u011f\u0131 kitapta yer alan b\u00fct\u00fcn resimleri, yazar\u0131n kendisi, suluboya ve kur\u015fun kalemle \u00e7izmi\u015ftir.1900&#8217;de Fransa&#8217;da do\u011fan Antoine de Saint Exupery, pilot olarak II. D\u00fcnya Sava\u015f\u0131na kat\u0131ld\u0131. Arjantin Postalar\u0131 i\u00e7in de \u00e7al\u0131\u015fan Saint-Exupery&#8217;nin u\u00e7a\u011f\u0131, 1944 y\u0131l\u0131n\u0131n Temmuz ay\u0131nda, Korsika&#8217;dan havaland\u0131ktan sonra, Akdeniz&#8217;de kay\u0131plara kar\u0131\u015ft\u0131. U\u00e7a\u011f\u0131n kal\u0131nt\u0131lar\u0131, 60 y\u0131l aradan sonra, 2004 y\u0131l\u0131n\u0131n Nisan ay\u0131 ba\u015flar\u0131nda Marsilya a\u00e7\u0131klar\u0131nda bulundu.&#8221;Ger\u00e7e\u011fi, ancak y\u00fcre\u011finle g\u00f6rebilirsin.&#8221; diyen yazar\u0131n \u00f6nemli yap\u0131tlar\u0131 \u015f\u00f6yledir: Gece U\u00e7u\u015fu, Sava\u015f Pilotlar\u0131, \u0130nsanlar\u0131n D\u00fcnyas\u0131 ve K\u00fc\u00e7\u00fck Prens.<\/p>\n","protected":false},"excerpt":{"rendered":"<p>D\u00fcnyada en \u00e7ok satan kitaplardan biri olan ve yakla\u015f\u0131k y\u00fcz dile \u00e7evrilen &#8220;Le Petit Prince&#8221;, \u00e7ocuklar\u0131n oldu\u011fu kadar, b\u00fcy\u00fcklerin de okumas\u0131 gereken bir eser. Hayata bir<span class=\"excerpt-hellip\"> [\u2026]<\/span><\/p>\n","protected":false},"featured_media":0,"template":"","meta":{"_monsterinsights_skip_tracking":false,"_monsterinsights_sitenote_active":false,"_monsterinsights_sitenote_note":"","_monsterinsights_sitenote_category":0},"product_brand":[],"product_cat":[12274,12467],"product_tag":[],"class_list":{"0":"post-730896","1":"product","2":"type-product","3":"status-publish","5":"product_cat-cocuk-ve-genclik-kitaplari","6":"product_cat-dunya-klasikleri","7":"pa_cilt-ciltsiz","8":"pa_tur-kitap","9":"pa_yayinevi-somut-yayinlari","10":"pa_yazar-antoine-de-saint-exupery","12":"first","13":"instock","14":"sale","15":"shipping-taxable","16":"purchasable","17":"product-type-simple"},"_links":{"self":[{"href":"https:\/\/roveyayinevi.com.tr\/index.php\/wp-json\/wp\/v2\/product\/730896","targetHints":{"allow":["GET"]}}],"collection":[{"href":"https:\/\/roveyayinevi.com.tr\/index.php\/wp-json\/wp\/v2\/product"}],"about":[{"href":"https:\/\/roveyayinevi.com.tr\/index.php\/wp-json\/wp\/v2\/types\/product"}],"wp:attachment":[{"href":"https:\/\/roveyayinevi.com.tr\/index.php\/wp-json\/wp\/v2\/media?parent=730896"}],"wp:term":[{"taxonomy":"product_brand","embeddable":true,"href":"https:\/\/roveyayinevi.com.tr\/index.php\/wp-json\/wp\/v2\/product_brand?post=730896"},{"taxonomy":"product_cat","embeddable":true,"href":"https:\/\/roveyayinevi.com.tr\/index.php\/wp-json\/wp\/v2\/product_cat?post=730896"},{"taxonomy":"product_tag","embeddable":true,"href":"https:\/\/roveyayinevi.com.tr\/index.php\/wp-json\/wp\/v2\/product_tag?post=730896"}],"curies":[{"name":"wp","href":"https:\/\/api.w.org\/{rel}","templated":true}]}}