{"id":730894,"date":"2025-08-27T21:22:21","date_gmt":"2025-08-27T18:22:21","guid":{"rendered":"https:\/\/roveyayinevi.com.tr\/index.php\/urun\/ask-ve-ilisikiler-sozlugu\/"},"modified":"2026-04-16T02:38:39","modified_gmt":"2026-04-15T23:38:39","slug":"ask-ve-ilisikiler-sozlugu","status":"publish","type":"product","link":"https:\/\/roveyayinevi.com.tr\/index.php\/urun\/ask-ve-ilisikiler-sozlugu\/","title":{"rendered":"A\u015fk ve \u0130li\u015fikiler S\u00f6zl\u00fc\u011f\u00fc"},"content":{"rendered":"<p>A\u015fk\u0131 tan\u0131mlamak, d\u00fcnyan\u0131n en zor i\u015fidir. A\u015fk, insanl\u0131\u011f\u0131n merkezinde, b\u00fct\u00fcn ya\u015fam\u0131n kayna\u011f\u0131 olabilecek en g\u00fczel duygudur. Destanlar yaz\u0131lm\u0131\u015ft\u0131r a\u015fk i\u00e7in. \u015eiirler, romanlar, \u015fark\u0131lar\u2026 Edebiyattan bilime, insan\u0131n \u00fcretti\u011fi her yenilikte a\u015fk var etmi\u015ftir kendini. A\u015fk ilham olmu\u015ftur t\u00fcm de\u011fi\u015fimlere. \u0130nsanlar\u0131n ili\u015fkilerini \u015fekillendirmi\u015f, u\u011fruna sava\u015flar \u00e7\u0131km\u0131\u015ft\u0131r. A\u015fk ve \u0130li\u015fkiler S\u00f6zl\u00fc\u011f\u00fc isimli bu kitapta; a\u015fk\u0131n ve ili\u015fkilerin merkezindeki t\u00fcm kavramlar ele al\u0131nm\u0131\u015f, bilimsel y\u00f6nlerinden sosyolojik y\u00f6nlerine kadar ili\u015fkileri ve a\u015fk\u0131 \u015fekillendiren t\u00fcm olgular profesyonel ve detayl\u0131 bir \u015fekilde incelenmi\u015ftir. A\u015fk ve \u0130li\u015fkiler S\u00f6zl\u00fc\u011f\u00fc\u2019n\u00fc okuduktan sonra, belki de d\u00fcnyan\u0131n en zor i\u015fini ba\u015faracak ve a\u015fk\u0131 kendi kelimelerinizle tan\u0131mlayabileceksiniz.<\/p>\n","protected":false},"excerpt":{"rendered":"<p>A\u015fk\u0131 tan\u0131mlamak, d\u00fcnyan\u0131n en zor i\u015fidir. A\u015fk, insanl\u0131\u011f\u0131n merkezinde, b\u00fct\u00fcn ya\u015fam\u0131n kayna\u011f\u0131 olabilecek en g\u00fczel duygudur. Destanlar yaz\u0131lm\u0131\u015ft\u0131r a\u015fk i\u00e7in. \u015eiirler, romanlar, \u015fark\u0131lar\u2026 Edebiyattan bilime, insan\u0131n<span class=\"excerpt-hellip\"> [\u2026]<\/span><\/p>\n","protected":false},"featured_media":0,"template":"","meta":{"_monsterinsights_skip_tracking":false,"_monsterinsights_sitenote_active":false,"_monsterinsights_sitenote_note":"","_monsterinsights_sitenote_category":0},"product_brand":[],"product_cat":[14643,12291],"product_tag":[],"class_list":{"0":"post-730894","1":"product","2":"type-product","3":"status-publish","5":"product_cat-ask","6":"product_cat-edebiyat","7":"pa_cilt-ciltsiz","8":"pa_tur-kitap","9":"pa_yayinevi-yediveren-yayinlari","10":"pa_yazar-yeliz-rodin","12":"first","13":"instock","14":"sale","15":"shipping-taxable","16":"purchasable","17":"product-type-simple"},"_links":{"self":[{"href":"https:\/\/roveyayinevi.com.tr\/index.php\/wp-json\/wp\/v2\/product\/730894","targetHints":{"allow":["GET"]}}],"collection":[{"href":"https:\/\/roveyayinevi.com.tr\/index.php\/wp-json\/wp\/v2\/product"}],"about":[{"href":"https:\/\/roveyayinevi.com.tr\/index.php\/wp-json\/wp\/v2\/types\/product"}],"wp:attachment":[{"href":"https:\/\/roveyayinevi.com.tr\/index.php\/wp-json\/wp\/v2\/media?parent=730894"}],"wp:term":[{"taxonomy":"product_brand","embeddable":true,"href":"https:\/\/roveyayinevi.com.tr\/index.php\/wp-json\/wp\/v2\/product_brand?post=730894"},{"taxonomy":"product_cat","embeddable":true,"href":"https:\/\/roveyayinevi.com.tr\/index.php\/wp-json\/wp\/v2\/product_cat?post=730894"},{"taxonomy":"product_tag","embeddable":true,"href":"https:\/\/roveyayinevi.com.tr\/index.php\/wp-json\/wp\/v2\/product_tag?post=730894"}],"curies":[{"name":"wp","href":"https:\/\/api.w.org\/{rel}","templated":true}]}}