{"id":730891,"date":"2025-08-27T21:22:18","date_gmt":"2025-08-27T18:22:18","guid":{"rendered":"https:\/\/roveyayinevi.com.tr\/index.php\/urun\/papagan-ve-tuccar\/"},"modified":"2026-04-16T02:38:39","modified_gmt":"2026-04-15T23:38:39","slug":"papagan-ve-tuccar","status":"publish","type":"product","link":"https:\/\/roveyayinevi.com.tr\/index.php\/urun\/papagan-ve-tuccar\/","title":{"rendered":"Papa\u011fan ve T\u00fcccar"},"content":{"rendered":"<p>Zaman\u0131n birinde t\u00fcccar bir kad\u0131n ile bir papa\u011fan\u0131n yollar\u0131 \u00f6nce kesi\u015fmi\u015f sonra ayr\u0131lm\u0131\u015f. Mahcihan ve Hindistan\u2019dan gelen g\u00fczel mi g\u00fczel bir papa\u011fan&#8230; \u0130kisi de yolculuklar\u0131ndan \u00e7ok \u015fey \u00f6\u011frenmi\u015fler. \u00c7izimleri ile ola\u011fan\u00fcst\u00fc bir d\u00fcnyay\u0131 selamlayan bu hik\u00e2ye Mesnev\u00ee\u2019den uyarlanarak kaleme al\u0131nd\u0131.<\/p>\n","protected":false},"excerpt":{"rendered":"<p>Zaman\u0131n birinde t\u00fcccar bir kad\u0131n ile bir papa\u011fan\u0131n yollar\u0131 \u00f6nce kesi\u015fmi\u015f sonra ayr\u0131lm\u0131\u015f. Mahcihan ve Hindistan\u2019dan gelen g\u00fczel mi g\u00fczel bir papa\u011fan&#8230; \u0130kisi de yolculuklar\u0131ndan \u00e7ok<span class=\"excerpt-hellip\"> [\u2026]<\/span><\/p>\n","protected":false},"featured_media":0,"template":"","meta":{"_monsterinsights_skip_tracking":false,"_monsterinsights_sitenote_active":false,"_monsterinsights_sitenote_note":"","_monsterinsights_sitenote_category":0},"product_brand":[],"product_cat":[12275,12274],"product_tag":[],"class_list":{"0":"post-730891","1":"product","2":"type-product","3":"status-publish","5":"product_cat-6-12-yas-kitaplari","6":"product_cat-cocuk-ve-genclik-kitaplari","7":"pa_cilt-ciltsiz","8":"pa_tur-kitap","9":"pa_yayinevi-vakifbank-kultur-yayinlari","10":"pa_yazar-beverley-naidoo","12":"first","13":"instock","14":"sale","15":"shipping-taxable","16":"purchasable","17":"product-type-simple"},"_links":{"self":[{"href":"https:\/\/roveyayinevi.com.tr\/index.php\/wp-json\/wp\/v2\/product\/730891","targetHints":{"allow":["GET"]}}],"collection":[{"href":"https:\/\/roveyayinevi.com.tr\/index.php\/wp-json\/wp\/v2\/product"}],"about":[{"href":"https:\/\/roveyayinevi.com.tr\/index.php\/wp-json\/wp\/v2\/types\/product"}],"wp:attachment":[{"href":"https:\/\/roveyayinevi.com.tr\/index.php\/wp-json\/wp\/v2\/media?parent=730891"}],"wp:term":[{"taxonomy":"product_brand","embeddable":true,"href":"https:\/\/roveyayinevi.com.tr\/index.php\/wp-json\/wp\/v2\/product_brand?post=730891"},{"taxonomy":"product_cat","embeddable":true,"href":"https:\/\/roveyayinevi.com.tr\/index.php\/wp-json\/wp\/v2\/product_cat?post=730891"},{"taxonomy":"product_tag","embeddable":true,"href":"https:\/\/roveyayinevi.com.tr\/index.php\/wp-json\/wp\/v2\/product_tag?post=730891"}],"curies":[{"name":"wp","href":"https:\/\/api.w.org\/{rel}","templated":true}]}}