{"id":730889,"date":"2025-08-27T21:22:16","date_gmt":"2025-08-27T18:22:16","guid":{"rendered":"https:\/\/roveyayinevi.com.tr\/index.php\/urun\/kardan-adam-ve-gunes\/"},"modified":"2026-04-16T02:38:39","modified_gmt":"2026-04-15T23:38:39","slug":"kardan-adam-ve-gunes","status":"publish","type":"product","link":"https:\/\/roveyayinevi.com.tr\/index.php\/urun\/kardan-adam-ve-gunes\/","title":{"rendered":"Kardan Adam ve G\u00fcne\u015f"},"content":{"rendered":"<p>Kardan adam, g\u00fcne\u015f parlay\u0131p hava \u0131s\u0131nd\u0131\u011f\u0131nda nereye gider? Peki ya eridi\u011finde? \u00c7ok uzaklara m\u0131? E\u011fer bir yere gidiyorsa, geri de gelir mi?Kardan Adam ve G\u00fcne\u015f, sevdi\u011fimiz insanlar veya nesneler de\u011fi\u015fse veya kaybolsa dahi onlarla kurdu\u011fumuz duygusal ba\u011flar\u0131n var olmaya devam edece\u011fini anlatan modern bir fabld\u0131r.<\/p>\n","protected":false},"excerpt":{"rendered":"<p>Kardan adam, g\u00fcne\u015f parlay\u0131p hava \u0131s\u0131nd\u0131\u011f\u0131nda nereye gider? Peki ya eridi\u011finde? \u00c7ok uzaklara m\u0131? E\u011fer bir yere gidiyorsa, geri de gelir mi?Kardan Adam ve G\u00fcne\u015f, sevdi\u011fimiz<span class=\"excerpt-hellip\"> [\u2026]<\/span><\/p>\n","protected":false},"featured_media":0,"template":"","meta":{"_monsterinsights_skip_tracking":false,"_monsterinsights_sitenote_active":false,"_monsterinsights_sitenote_note":"","_monsterinsights_sitenote_category":0},"product_brand":[],"product_cat":[12274,12518],"product_tag":[],"class_list":{"0":"post-730889","1":"product","2":"type-product","3":"status-publish","5":"product_cat-cocuk-ve-genclik-kitaplari","6":"product_cat-okul-oncesi-kitaplar","7":"pa_cilt-ciltsiz","8":"pa_tur-kitap","9":"pa_yayinevi-vakifbank-kultur-yayinlari","10":"pa_yazar-susan-taghdis-ali-mafakheri","12":"first","13":"instock","14":"sale","15":"shipping-taxable","16":"purchasable","17":"product-type-simple"},"_links":{"self":[{"href":"https:\/\/roveyayinevi.com.tr\/index.php\/wp-json\/wp\/v2\/product\/730889","targetHints":{"allow":["GET"]}}],"collection":[{"href":"https:\/\/roveyayinevi.com.tr\/index.php\/wp-json\/wp\/v2\/product"}],"about":[{"href":"https:\/\/roveyayinevi.com.tr\/index.php\/wp-json\/wp\/v2\/types\/product"}],"wp:attachment":[{"href":"https:\/\/roveyayinevi.com.tr\/index.php\/wp-json\/wp\/v2\/media?parent=730889"}],"wp:term":[{"taxonomy":"product_brand","embeddable":true,"href":"https:\/\/roveyayinevi.com.tr\/index.php\/wp-json\/wp\/v2\/product_brand?post=730889"},{"taxonomy":"product_cat","embeddable":true,"href":"https:\/\/roveyayinevi.com.tr\/index.php\/wp-json\/wp\/v2\/product_cat?post=730889"},{"taxonomy":"product_tag","embeddable":true,"href":"https:\/\/roveyayinevi.com.tr\/index.php\/wp-json\/wp\/v2\/product_tag?post=730889"}],"curies":[{"name":"wp","href":"https:\/\/api.w.org\/{rel}","templated":true}]}}