{"id":730888,"date":"2025-08-27T21:22:15","date_gmt":"2025-08-27T18:22:15","guid":{"rendered":"https:\/\/roveyayinevi.com.tr\/index.php\/urun\/cokus-finansal-krizlerle-dolu-bir-on-yil-dunyayi-nasil-degistirdi\/"},"modified":"2026-04-16T02:38:39","modified_gmt":"2026-04-15T23:38:39","slug":"cokus-finansal-krizlerle-dolu-bir-on-yil-dunyayi-nasil-degistirdi","status":"publish","type":"product","link":"https:\/\/roveyayinevi.com.tr\/index.php\/urun\/cokus-finansal-krizlerle-dolu-bir-on-yil-dunyayi-nasil-degistirdi\/","title":{"rendered":"\u00c7\u00f6k\u00fc\u015f: Finansal Krizlerle Dolu Bir On Y\u0131l D\u00fcnyay\u0131 Nas\u0131l De\u011fi\u015ftirdi?"},"content":{"rendered":"<p>G\u00fcn\u00fcm\u00fcz\u00fcn sayg\u0131n ekonomi profes\u00f6rlerinden Adam Tooze\u2019nin 2008 k\u00fcresel krizinin ba\u015fta ABD olmak \u00fczere \u00c7in, Rusya ve Avrupa \u00fczerindeki etkilerini inceledi\u011fi bu \u00e7al\u0131\u015fma, okurlar\u0131na, ekonomi tarihi alan\u0131nda yeni bir vizyon sunuyor. 1929\u2019daki B\u00fcy\u00fck Buhrandan sonra d\u00fcnyan\u0131n ya\u015fad\u0131\u011f\u0131 en b\u00fcy\u00fck kriz olarak kabul edilen 2008 k\u00fcresel ekonomik krizini, yazar, \u201c\u00e7\u00f6k\u00fc\u015f\u201d olarak nitelendiriyor. ABD\u2019nin en b\u00fcy\u00fck yat\u0131r\u0131m bankalar\u0131ndan Lehman Brothers\u2019\u0131n 600 milyar dolarl\u0131k borcuyla iflas etmesi \u00fczerine ba\u015flayan, sonu\u00e7lar\u0131 d\u00fcnya geneline yay\u0131lan ve gelecek y\u0131llar\u0131 etkisi alt\u0131na alarak b\u00fct\u00fcn g\u00fc\u00e7 dengelerini sarsan bu kriz, yazar\u0131n \u201cFinansal Krizlerle Dolu Bir On Y\u0131l D\u00fcnyay\u0131 Nas\u0131l De\u011fi\u015ftirdi?\u201d sorusu \u00e7er\u00e7evesinde ele al\u0131n\u0131yor. Krizlerin nas\u0131l olu\u015ftu\u011fu ve k\u00fcresel boyutta nas\u0131l yay\u0131ld\u0131\u011f\u0131n\u0131n bilinmesinin, ya\u015fanabilecek yeni krizlere kar\u015f\u0131 al\u0131nmas\u0131 gereken \u00f6nlemler a\u00e7\u0131s\u0131ndan b\u00fcy\u00fck \u00f6nem ta\u015f\u0131d\u0131\u011f\u0131n\u0131 vurgulayan Tooze, bir tarih\u00e7i titizli\u011fiyle k\u00fcresel-siyasi geli\u015fmeleri, finans piyasalar\u0131nda olup bitenlerle ili\u015fkilendirip, 2008 krizini tarihsel ba\u011flam\u0131na oturtuyor. B\u00f6ylece bu eser, krizin karma\u015f\u0131k yap\u0131s\u0131n\u0131n \u00e7\u00f6z\u00fcmlenmesine kapsaml\u0131 ve \u00f6nemli bir katk\u0131 sa\u011fl\u0131yor. 2019 y\u0131l\u0131nda Lionel Gelber \u00d6d\u00fcl\u00fc\u2019ne lay\u0131k g\u00f6r\u00fclen \u00c7\u00f6k\u00fc\u015f; sermaye ak\u0131\u015flar\u0131, kamu bor\u00e7lar\u0131, bilan\u00e7olar, tahvil-bono getirileri ve daha pek \u00e7ok verinin istatiksel analinizi i\u00e7eren tablo ve grafiklerle zenginle\u015ftirilmi\u015f nitelikli bir \u00e7al\u0131\u015fma.<\/p>\n","protected":false},"excerpt":{"rendered":"<p>G\u00fcn\u00fcm\u00fcz\u00fcn sayg\u0131n ekonomi profes\u00f6rlerinden Adam Tooze\u2019nin 2008 k\u00fcresel krizinin ba\u015fta ABD olmak \u00fczere \u00c7in, Rusya ve Avrupa \u00fczerindeki etkilerini inceledi\u011fi bu \u00e7al\u0131\u015fma, okurlar\u0131na, ekonomi tarihi alan\u0131nda<span class=\"excerpt-hellip\"> [\u2026]<\/span><\/p>\n","protected":false},"featured_media":0,"template":"","meta":{"_monsterinsights_skip_tracking":false,"_monsterinsights_sitenote_active":false,"_monsterinsights_sitenote_note":"","_monsterinsights_sitenote_category":0},"product_brand":[],"product_cat":[17249,13043],"product_tag":[],"class_list":{"0":"post-730888","1":"product","2":"type-product","3":"status-publish","5":"product_cat-borsa-finans","6":"product_cat-ekonomi","7":"pa_cilt-ciltsiz","8":"pa_tur-kitap","9":"pa_yayinevi-vakifbank-kultur-yayinlari","10":"pa_yazar-adam-tooze","12":"first","13":"instock","14":"sale","15":"shipping-taxable","16":"purchasable","17":"product-type-simple"},"_links":{"self":[{"href":"https:\/\/roveyayinevi.com.tr\/index.php\/wp-json\/wp\/v2\/product\/730888","targetHints":{"allow":["GET"]}}],"collection":[{"href":"https:\/\/roveyayinevi.com.tr\/index.php\/wp-json\/wp\/v2\/product"}],"about":[{"href":"https:\/\/roveyayinevi.com.tr\/index.php\/wp-json\/wp\/v2\/types\/product"}],"wp:attachment":[{"href":"https:\/\/roveyayinevi.com.tr\/index.php\/wp-json\/wp\/v2\/media?parent=730888"}],"wp:term":[{"taxonomy":"product_brand","embeddable":true,"href":"https:\/\/roveyayinevi.com.tr\/index.php\/wp-json\/wp\/v2\/product_brand?post=730888"},{"taxonomy":"product_cat","embeddable":true,"href":"https:\/\/roveyayinevi.com.tr\/index.php\/wp-json\/wp\/v2\/product_cat?post=730888"},{"taxonomy":"product_tag","embeddable":true,"href":"https:\/\/roveyayinevi.com.tr\/index.php\/wp-json\/wp\/v2\/product_tag?post=730888"}],"curies":[{"name":"wp","href":"https:\/\/api.w.org\/{rel}","templated":true}]}}