{"id":730887,"date":"2025-08-27T21:22:15","date_gmt":"2025-08-27T18:22:15","guid":{"rendered":"https:\/\/roveyayinevi.com.tr\/index.php\/urun\/homo-informatiks\/"},"modified":"2026-04-16T02:38:39","modified_gmt":"2026-04-15T23:38:39","slug":"homo-informatiks","status":"publish","type":"product","link":"https:\/\/roveyayinevi.com.tr\/index.php\/urun\/homo-informatiks\/","title":{"rendered":"Homo \u0130nformatiks"},"content":{"rendered":"<p>Bir m\u00fchendis, matematik tutkunu ve ayn\u0131 zamanda felsefe alan\u0131nda akademik \u00e7al\u0131\u015fmalar\u0131 olan Luc de Brabandere, farkl\u0131 alanlar\u0131 sentezlemeyi seven bir d\u00fc\u015f\u00fcn\u00fcr. Yazar\u0131n t\u00fcm bu y\u00f6nlerinden beslenerek ortaya koydu\u011fu eser, say\u0131lar\u0131n diliyle s\u00f6zel dili kar\u015f\u0131la\u015ft\u0131rarak Homo \u0130nformatiks adl\u0131 yeni bir insan t\u00fcr\u00fcn\u00fcn do\u011fmakta oldu\u011funu haber veriyor ve bu insan t\u00fcr\u00fcn\u00fcn s\u0131n\u0131rlar\u0131n\u0131 tart\u0131\u015f\u0131yor. Eser ayn\u0131 zamanda Aristoteles\u2019ten H\u00e2rizm\u00ee\u2019ye, Leibniz\u2019den Thomas Bayes\u2019e, Bertrand Russell\u2019dan Claude Shannon\u2019a pek \u00e7ok \u00f6nemli ismi bir araya getiriyor ve internet ve bilgisayarlar\u0131n h\u0131zla de\u011fi\u015fen yenilik\u00e7i d\u00fcnyalar\u0131n\u0131n matematik, mant\u0131k ve felsefeye dayanan temellerini tarihsel geli\u015fim s\u00fcreci i\u00e7inde ele al\u0131yor. Ak\u0131c\u0131 bir anlat\u0131m tekni\u011fi ile kaleme al\u0131nan ve T\u00fcrk\u00e7eye Homo \u0130nformatiks: Bili\u015fim, Matematik ve Mant\u0131\u011f\u0131n Kesi\u015fen D\u00fcnyalar\u0131 ad\u0131yla kazand\u0131r\u0131lan bu \u00e7al\u0131\u015fma, sadece uzmanlar\u0131n de\u011fil yenilik\u00e7i d\u00fc\u015f\u00fcnce ve yarat\u0131c\u0131l\u0131k gibi konulara ilgi duyan kitapseverlerin de zevkle okuyaca\u011f\u0131 bir eser.<\/p>\n","protected":false},"excerpt":{"rendered":"<p>Bir m\u00fchendis, matematik tutkunu ve ayn\u0131 zamanda felsefe alan\u0131nda akademik \u00e7al\u0131\u015fmalar\u0131 olan Luc de Brabandere, farkl\u0131 alanlar\u0131 sentezlemeyi seven bir d\u00fc\u015f\u00fcn\u00fcr. Yazar\u0131n t\u00fcm bu y\u00f6nlerinden beslenerek<span class=\"excerpt-hellip\"> [\u2026]<\/span><\/p>\n","protected":false},"featured_media":0,"template":"","meta":{"_monsterinsights_skip_tracking":false,"_monsterinsights_sitenote_active":false,"_monsterinsights_sitenote_note":"","_monsterinsights_sitenote_category":0},"product_brand":[],"product_cat":[13005,13006],"product_tag":[],"class_list":{"0":"post-730887","1":"product","2":"type-product","3":"status-publish","5":"product_cat-bilim-muhendislik","6":"product_cat-populer-bilim","7":"pa_cilt-ciltsiz","8":"pa_tur-kitap","9":"pa_yayinevi-vakifbank-kultur-yayinlari","10":"pa_yazar-luc-de-brabandere","12":"first","13":"instock","14":"sale","15":"shipping-taxable","16":"purchasable","17":"product-type-simple"},"_links":{"self":[{"href":"https:\/\/roveyayinevi.com.tr\/index.php\/wp-json\/wp\/v2\/product\/730887","targetHints":{"allow":["GET"]}}],"collection":[{"href":"https:\/\/roveyayinevi.com.tr\/index.php\/wp-json\/wp\/v2\/product"}],"about":[{"href":"https:\/\/roveyayinevi.com.tr\/index.php\/wp-json\/wp\/v2\/types\/product"}],"wp:attachment":[{"href":"https:\/\/roveyayinevi.com.tr\/index.php\/wp-json\/wp\/v2\/media?parent=730887"}],"wp:term":[{"taxonomy":"product_brand","embeddable":true,"href":"https:\/\/roveyayinevi.com.tr\/index.php\/wp-json\/wp\/v2\/product_brand?post=730887"},{"taxonomy":"product_cat","embeddable":true,"href":"https:\/\/roveyayinevi.com.tr\/index.php\/wp-json\/wp\/v2\/product_cat?post=730887"},{"taxonomy":"product_tag","embeddable":true,"href":"https:\/\/roveyayinevi.com.tr\/index.php\/wp-json\/wp\/v2\/product_tag?post=730887"}],"curies":[{"name":"wp","href":"https:\/\/api.w.org\/{rel}","templated":true}]}}