{"id":730884,"date":"2025-08-27T21:22:12","date_gmt":"2025-08-27T18:22:12","guid":{"rendered":"https:\/\/roveyayinevi.com.tr\/index.php\/urun\/sanatin-buyuk-ustalari-17-munch\/"},"modified":"2026-03-12T02:49:08","modified_gmt":"2026-03-11T23:49:08","slug":"sanatin-buyuk-ustalari-17-munch","status":"publish","type":"product","link":"https:\/\/roveyayinevi.com.tr\/index.php\/urun\/sanatin-buyuk-ustalari-17-munch\/","title":{"rendered":"Sanat\u0131n B\u00fcy\u00fck Ustalar\u0131 17 Munch"},"content":{"rendered":"<p>Bat\u0131 sanat\u0131 tarihinin karamsar prensi kabul edilen Norve\u00e7li ressam Edvard Munch, k\u00fc\u00e7\u00fck ya\u015fta annesini, ard\u0131ndan \u00e7ok sevdi\u011fi ablas\u0131n\u0131 kaybetmi\u015f, fiziksel a\u00e7\u0131dan pek sa\u011fl\u0131kl\u0131 olmayan bir gen\u00e7 olarak \u00f6l\u00fcm\u00fcn so\u011fuk nefesini hep \u00fczerinde hissederek b\u00fcy\u00fcm\u00fc\u015ft\u00fc. Prensiplerine s\u0131k\u0131 s\u0131k\u0131ya ba\u011fl\u0131, fazlas\u0131yla inan\u00e7l\u0131 ve olduk\u00e7a sert bir ki\u015fili\u011fi olan babas\u0131 da onun i\u00e7indeki karamsarl\u0131\u011f\u0131 da\u011f\u0131tmaya pek yard\u0131mc\u0131 olmuyordu. Resim yapmak, \u00e7ocuklu\u011fundan beri ona yeni bir d\u00fcnya a\u00e7\u0131yor, belki de t\u00fcm korkular\u0131yla ba\u015fa \u00e7\u0131kma g\u00fcc\u00fc veriyordu.   Pop\u00fcler k\u00fclt\u00fcr\u00fcn \u00e7ok sevdi\u011fi \u00c7\u0131\u011fl\u0131k adl\u0131 resmi yapt\u0131\u011f\u0131nda, do\u011faya atfetti\u011fi bir s\u0131k\u0131\u015fm\u0131\u015fl\u0131k, korku, endi\u015fe ve bunal\u0131m hissini onlarca y\u0131ld\u0131r ondan daha etkileyici \u015fekilde anlatan bir imge \u00fcretilemeyece\u011fini elbette bilmiyordu. Yaln\u0131zl\u0131k, endi\u015fe, i\u00e7 s\u0131k\u0131nt\u0131s\u0131, ilerleyememe ve kurtulamama hissinin g\u00f6rselle\u015ftirilmesi konusunda adeta bir uzman olan Munch, d\u0131\u015favurumcu tarz\u0131yla da \u00f6zg\u00fcn bak\u0131\u015f a\u00e7\u0131s\u0131yla da sanat tarihinde \u00f6nemli bir yer edinmi\u015fti. Ger\u00e7ek bir entelekt\u00fcel, iyi bir okur, sadeli\u011fi seven, teknoloji merakl\u0131s\u0131 ve i\u00e7 huzurunu bir t\u00fcrl\u00fc bulamayan Munch, gelecek nesillere miras kalacak pek \u00e7ok esere imza atm\u0131\u015ft\u0131.   Hayalperest Yay\u0131nevi\u2019nin \u201cSanat\u0131n B\u00fcy\u00fck Ustalar\u0131\u201d serisinin bu on yedinci kitab\u0131, yirminci y\u00fczy\u0131l \u0130skandinav sanat\u0131n\u0131n \u00f6nemli temsilcilerinden Edvard Munch\u2019un ya\u015fam\u0131n\u0131, insani \u00f6zelliklerini ve sanat\u0131n\u0131 irdeliyor. Ailesi, dostlar\u0131, hatta kom\u015fular\u0131yla ili\u015fkileri hakk\u0131nda da bilgiler i\u00e7eren kitap, Munch\u2019un eserlerine bakarken g\u00f6zden ka\u00e7abilecek hususlara dikkat \u00e7ekiyor, b\u00f6ylece sanat\u00e7\u0131n\u0131n fikirlerinin daha iyi anla\u015f\u0131lmas\u0131na dair ipu\u00e7lar\u0131 veriyor. <\/p>\n","protected":false},"excerpt":{"rendered":"<p>Bat\u0131 sanat\u0131 tarihinin karamsar prensi kabul edilen Norve\u00e7li ressam Edvard Munch, k\u00fc\u00e7\u00fck ya\u015fta annesini, ard\u0131ndan \u00e7ok sevdi\u011fi ablas\u0131n\u0131 kaybetmi\u015f, fiziksel a\u00e7\u0131dan pek sa\u011fl\u0131kl\u0131 olmayan bir gen\u00e7<span class=\"excerpt-hellip\"> [\u2026]<\/span><\/p>\n","protected":false},"featured_media":0,"template":"","meta":{"_monsterinsights_skip_tracking":false,"_monsterinsights_sitenote_active":false,"_monsterinsights_sitenote_note":"","_monsterinsights_sitenote_category":0},"product_brand":[],"product_cat":[13548,12408],"product_tag":[],"class_list":{"0":"post-730884","1":"product","2":"type-product","3":"status-publish","5":"product_cat-kuram","6":"product_cat-sanat","7":"pa_cilt-ciltsiz","8":"pa_tur-kitap","9":"pa_yayinevi-hayalperest-yayinlari","10":"pa_yazar-firdevs-candil-erdogan","12":"first","13":"instock","14":"sale","15":"shipping-taxable","16":"purchasable","17":"product-type-simple"},"_links":{"self":[{"href":"https:\/\/roveyayinevi.com.tr\/index.php\/wp-json\/wp\/v2\/product\/730884","targetHints":{"allow":["GET"]}}],"collection":[{"href":"https:\/\/roveyayinevi.com.tr\/index.php\/wp-json\/wp\/v2\/product"}],"about":[{"href":"https:\/\/roveyayinevi.com.tr\/index.php\/wp-json\/wp\/v2\/types\/product"}],"wp:attachment":[{"href":"https:\/\/roveyayinevi.com.tr\/index.php\/wp-json\/wp\/v2\/media?parent=730884"}],"wp:term":[{"taxonomy":"product_brand","embeddable":true,"href":"https:\/\/roveyayinevi.com.tr\/index.php\/wp-json\/wp\/v2\/product_brand?post=730884"},{"taxonomy":"product_cat","embeddable":true,"href":"https:\/\/roveyayinevi.com.tr\/index.php\/wp-json\/wp\/v2\/product_cat?post=730884"},{"taxonomy":"product_tag","embeddable":true,"href":"https:\/\/roveyayinevi.com.tr\/index.php\/wp-json\/wp\/v2\/product_tag?post=730884"}],"curies":[{"name":"wp","href":"https:\/\/api.w.org\/{rel}","templated":true}]}}