{"id":730881,"date":"2025-08-27T21:22:10","date_gmt":"2025-08-27T18:22:10","guid":{"rendered":"https:\/\/roveyayinevi.com.tr\/index.php\/urun\/dusunce-ulkesinin-akillisi\/"},"modified":"2026-04-16T02:38:39","modified_gmt":"2026-04-15T23:38:39","slug":"dusunce-ulkesinin-akillisi","status":"publish","type":"product","link":"https:\/\/roveyayinevi.com.tr\/index.php\/urun\/dusunce-ulkesinin-akillisi\/","title":{"rendered":"D\u00fc\u015f\u00fcnce \u00dclkesinin Ak\u0131ll\u0131s\u0131"},"content":{"rendered":"<p>Kendimi bildim bileli d\u00fc\u015f\u00fcn\u00fcyor ve yaz\u0131yorum. Zihnimi felsefeyle olgunla\u015ft\u0131rmaya \u00e7al\u0131\u015farak benli\u011fimi yeniden in\u015fa ettim. On dokuz y\u0131l boyunca ideolojiler, din\u00ee ak\u0131mlar, partiler aras\u0131nda gelgitler ya\u015fad\u0131ktan sonra yan\u0131lg\u0131lar\u0131mdan dersler \u00e7\u0131kararak do\u011fruya ula\u015fmaya \u00e7abalad\u0131m. En sonunda do\u011fruyu buldu\u011fumu san\u0131yorum. Bunca y\u0131la s\u0131\u011fd\u0131rd\u0131m bu k\u00f6kl\u00fc de\u011fi\u015fimi\u2026 Yenilik\u00e7i ve devrimci bir insan\u0131m. Benim devrimim; ya\u015fama bir \u015feyler kat\u0131p, hakikatin aray\u0131c\u0131s\u0131 olmak. Sava\u015f\u0131yorum; ya\u015fam\u0131n sundu\u011fu en de\u011ferli g\u00fc\u00e7le, toplumdaki engellere kar\u015f\u0131. Meydan okuyorum evrene, kalemim ve ya\u015fam\u0131mla. \u00d6l\u00fcmc\u00fcl bir hastal\u0131\u011fa kar\u015f\u0131n, \u00f6l\u00fcms\u00fcz eserler ortaya \u00e7\u0131karma gayretiyle. Benim y\u00f6r\u00fcngem art\u0131k bu. Zek\u00e2s\u0131n\u0131 gere\u011f i gibi kullan\u0131p i\u015fleyen, bilgisini art\u0131rmaya \u00e7al\u0131\u015fan, d\u00fc\u015f\u00fcnceler \u00fcreten, felsefe yapan bir filozofum. Bu kitapta felsefe, edebiyat, bilim konular\u0131nda reng\u00e2renk d\u00fc\u015f\u00fcncelerime tan\u0131kl\u0131k edeceksiniz.  Siz de\u011ferli okurlar\u0131ma, d\u00fcnyam\u0131 a\u00e7t\u0131m. Felsefe \u00fczerine var olu\u015fumu, ya\u015famaya de\u011fer bir anlamlar b\u00fct\u00fcn\u00fc ile sergiledi\u011fim d\u00fcnyama ho\u015f geldiniz diyorum. Bu kitab\u0131mda bilim-felsefe yaz\u0131lar\u0131m\u0131 ve \u00e7e\u015fitli konularda aforizmalar bulacaks\u0131n\u0131z. <\/p>\n","protected":false},"excerpt":{"rendered":"<p>Kendimi bildim bileli d\u00fc\u015f\u00fcn\u00fcyor ve yaz\u0131yorum. Zihnimi felsefeyle olgunla\u015ft\u0131rmaya \u00e7al\u0131\u015farak benli\u011fimi yeniden in\u015fa ettim. On dokuz y\u0131l boyunca ideolojiler, din\u00ee ak\u0131mlar, partiler aras\u0131nda gelgitler ya\u015fad\u0131ktan sonra<span class=\"excerpt-hellip\"> [\u2026]<\/span><\/p>\n","protected":false},"featured_media":0,"template":"","meta":{"_monsterinsights_skip_tracking":false,"_monsterinsights_sitenote_active":false,"_monsterinsights_sitenote_note":"","_monsterinsights_sitenote_category":0},"product_brand":[],"product_cat":[20351,12388],"product_tag":[],"class_list":{"0":"post-730881","1":"product","2":"type-product","3":"status-publish","5":"product_cat-dusunce","6":"product_cat-felsefe","7":"pa_cilt-ciltsiz","8":"pa_tur-kitap","9":"pa_yayinevi-nar-agaci-yayinlari","10":"pa_yazar-muhammed-ali-ciftci","12":"first","13":"instock","14":"sale","15":"shipping-taxable","16":"purchasable","17":"product-type-simple"},"_links":{"self":[{"href":"https:\/\/roveyayinevi.com.tr\/index.php\/wp-json\/wp\/v2\/product\/730881","targetHints":{"allow":["GET"]}}],"collection":[{"href":"https:\/\/roveyayinevi.com.tr\/index.php\/wp-json\/wp\/v2\/product"}],"about":[{"href":"https:\/\/roveyayinevi.com.tr\/index.php\/wp-json\/wp\/v2\/types\/product"}],"wp:attachment":[{"href":"https:\/\/roveyayinevi.com.tr\/index.php\/wp-json\/wp\/v2\/media?parent=730881"}],"wp:term":[{"taxonomy":"product_brand","embeddable":true,"href":"https:\/\/roveyayinevi.com.tr\/index.php\/wp-json\/wp\/v2\/product_brand?post=730881"},{"taxonomy":"product_cat","embeddable":true,"href":"https:\/\/roveyayinevi.com.tr\/index.php\/wp-json\/wp\/v2\/product_cat?post=730881"},{"taxonomy":"product_tag","embeddable":true,"href":"https:\/\/roveyayinevi.com.tr\/index.php\/wp-json\/wp\/v2\/product_tag?post=730881"}],"curies":[{"name":"wp","href":"https:\/\/api.w.org\/{rel}","templated":true}]}}