{"id":730879,"date":"2025-08-27T21:22:08","date_gmt":"2025-08-27T18:22:08","guid":{"rendered":"https:\/\/roveyayinevi.com.tr\/index.php\/urun\/senden-hayir-beklenmez\/"},"modified":"2026-04-16T02:38:39","modified_gmt":"2026-04-15T23:38:39","slug":"senden-hayir-beklenmez","status":"publish","type":"product","link":"https:\/\/roveyayinevi.com.tr\/index.php\/urun\/senden-hayir-beklenmez\/","title":{"rendered":"Senden Hay\u0131r Beklenmez"},"content":{"rendered":"<p>F\u0131rt\u0131na denizinde y\u00fcz\u00fcyorum, Hoyrat r\u00fczg\u00e2ra s\u00fcr\u00fckleme beni. Hayalimde hayalin g\u00f6r\u00fcyorum, Hoyrat r\u00fczg\u00e2ra s\u00fcr\u00fckleme beni.   Al ye\u015fil giyinip yakt\u0131\u011f\u0131n yeter, Misk-i amber koktu\u011fun yeter, \u00d6yle can al\u0131c\u0131 bakt\u0131\u011f\u0131n yeter, Hoyrat r\u00fczg\u00e2ra s\u00fcr\u00fckleme beni.   Sensiz Mevlana gibi d\u00f6n\u00fcyorum, Yoklu\u011funda ayd\u0131nl\u0131kta s\u00f6n\u00fcyorum, Hasretinden bin kere \u00f6l\u00fcyorum, Hoyrat r\u00fczg\u00e2ra s\u00fcr\u00fckleme beni.      1967 O\u011fuzeli-Kilis ili Elbeyli il\u00e7esi Salhan K\u00f6y\u00fc-do\u011fumlu. Kilis \u0130n\u00f6n\u00fc-Ziraat \u0130lkokulu, Kilis Atat\u00fcrk Ortaokulu, 1986 Bitlis Erkek \u00d6\u011fretmen Lisesi, 1991 Gazi \u00dcniversitesi Gazi E\u011fitim Fak\u00fcltesi T\u00fcrk Dili ve Edebiyat\u0131 \u00d6\u011fretmenli\u011fi Lisans mezunu. 1998-2000 y\u0131llar\u0131 aras\u0131nda Talim ve Terbiye Kurulu kitap inceleme ve yaz\u0131m komisyonlar\u0131nda \u00e7al\u0131\u015ft\u0131. Zeki Da\u011fl\u0131\u2019n\u0131n , Nar\u0131na Yand\u0131\u011f\u0131m adl\u0131 ilk \u015fiir kitab\u0131 2010, ikinci \u015fiir kitab\u0131 A\u015fk\u0131n Ad\u0131 \u015eiir 2012 y\u0131l\u0131nda bas\u0131lm\u0131\u015ft\u0131r. \u00dc\u00e7\u00fcnc\u00fc kitab\u0131 Senden Hay\u0131r Beklenmez Nisan 2021 y\u0131l\u0131nda \u00e7\u0131km\u0131\u015ft\u0131r. <\/p>\n","protected":false},"excerpt":{"rendered":"<p>F\u0131rt\u0131na denizinde y\u00fcz\u00fcyorum, Hoyrat r\u00fczg\u00e2ra s\u00fcr\u00fckleme beni. Hayalimde hayalin g\u00f6r\u00fcyorum, Hoyrat r\u00fczg\u00e2ra s\u00fcr\u00fckleme beni. Al ye\u015fil giyinip yakt\u0131\u011f\u0131n yeter, Misk-i amber koktu\u011fun yeter, \u00d6yle can al\u0131c\u0131<span class=\"excerpt-hellip\"> [\u2026]<\/span><\/p>\n","protected":false},"featured_media":0,"template":"","meta":{"_monsterinsights_skip_tracking":false,"_monsterinsights_sitenote_active":false,"_monsterinsights_sitenote_note":"","_monsterinsights_sitenote_category":0},"product_brand":[],"product_cat":[12291,12509],"product_tag":[],"class_list":{"0":"post-730879","1":"product","2":"type-product","3":"status-publish","5":"product_cat-edebiyat","6":"product_cat-siir","7":"pa_cilt-ciltsiz","8":"pa_tur-kitap","9":"pa_yayinevi-kultur-ajans-yayinlari","10":"pa_yazar-zeki-dagli","12":"first","13":"instock","14":"sale","15":"shipping-taxable","16":"purchasable","17":"product-type-simple"},"_links":{"self":[{"href":"https:\/\/roveyayinevi.com.tr\/index.php\/wp-json\/wp\/v2\/product\/730879","targetHints":{"allow":["GET"]}}],"collection":[{"href":"https:\/\/roveyayinevi.com.tr\/index.php\/wp-json\/wp\/v2\/product"}],"about":[{"href":"https:\/\/roveyayinevi.com.tr\/index.php\/wp-json\/wp\/v2\/types\/product"}],"wp:attachment":[{"href":"https:\/\/roveyayinevi.com.tr\/index.php\/wp-json\/wp\/v2\/media?parent=730879"}],"wp:term":[{"taxonomy":"product_brand","embeddable":true,"href":"https:\/\/roveyayinevi.com.tr\/index.php\/wp-json\/wp\/v2\/product_brand?post=730879"},{"taxonomy":"product_cat","embeddable":true,"href":"https:\/\/roveyayinevi.com.tr\/index.php\/wp-json\/wp\/v2\/product_cat?post=730879"},{"taxonomy":"product_tag","embeddable":true,"href":"https:\/\/roveyayinevi.com.tr\/index.php\/wp-json\/wp\/v2\/product_tag?post=730879"}],"curies":[{"name":"wp","href":"https:\/\/api.w.org\/{rel}","templated":true}]}}