{"id":730878,"date":"2025-08-27T21:22:07","date_gmt":"2025-08-27T18:22:07","guid":{"rendered":"https:\/\/roveyayinevi.com.tr\/index.php\/urun\/sikildim-iki-hafta-yokum\/"},"modified":"2026-04-16T02:38:39","modified_gmt":"2026-04-15T23:38:39","slug":"sikildim-iki-hafta-yokum","status":"publish","type":"product","link":"https:\/\/roveyayinevi.com.tr\/index.php\/urun\/sikildim-iki-hafta-yokum\/","title":{"rendered":"S\u0131k\u0131ld\u0131m \u0130ki Hafta Yokum"},"content":{"rendered":"<p>Yak\u0131nla\u015fmak i\u00e7in, bazen uzakla\u015fmak gerekir&#8230;Pelin G\u00fcne\u015f&#8217;in kaleme ald\u0131\u011f\u0131 S\u0131k\u0131ld\u0131m, \u0130ki Hafta Yokum, kitaplardaki kurmaca ile ger\u00e7ek d\u00fcnya aras\u0131nda s\u0131k\u0131\u015f\u0131p kalm\u0131\u015f 14 ya\u015f\u0131ndaki Tuana&#8217;n\u0131n benlik aray\u0131\u015flar\u0131na \u0131\u015f\u0131k tutan, s\u00fcr\u00fckleyici bir ilkgen\u00e7lik roman\u0131.Kan\u0131ksanm\u0131\u015f baz\u0131 tutumlar nedeniyle ebeveyn-\u00e7ocuk ili\u015fkisinde meydana gelebilecek ani ini\u015f \u00e7\u0131k\u0131\u015flar\u0131 ger\u00e7ek\u00e7i bir yakla\u015f\u0131mla ele alan yazar; gen\u00e7lerin s\u00fcrekli de\u011fi\u015fen duygu dalgalanmalar\u0131na odaklan\u0131yor, toplumun dayatt\u0131\u011f\u0131 \u201cnormallik\u201d alg\u0131s\u0131 \u00fczerine farkl\u0131 bak\u0131\u015f a\u00e7\u0131lar\u0131 getiriyor.B\u00fcy\u00fcyebilmek ve daha da \u00f6nemlisi olgunla\u015fabilmek i\u00e7in bazen sevdiklerimizden uzakla\u015fmam\u0131z gerekebilece\u011fini an\u0131msatan kitap; kurulan yeni dostluklar\u0131n hayat\u0131n getirdi\u011fi dayatmalardan ve zorlamalardan bir nebze de olsa s\u0131yr\u0131labilmek i\u00e7in iyi bir f\u0131rsat yaratabilece\u011fini vurguluyor.\u00c7ocuklu\u011fu, annesinin zihnindeki \u201cideal \u00e7ocuk\u201d tan\u0131m\u0131na uyum sa\u011flama \u00e7abalar\u0131 y\u00fcz\u00fcnden yorgun ve biraz da buruk ge\u00e7en Tuana, ergenli\u011fe girdi\u011finde ailesinin ve okul \u00e7evresinin diretti\u011fi \u0131srarc\u0131 ve tektiple\u015fmeye dayal\u0131 tutumlara kar\u015f\u0131 kendince bir kalkan geli\u015ftirir. En yak\u0131nlar\u0131n\u0131n bile renksiz ve hatta \u201csorunlu\u201d sayd\u0131\u011f\u0131 gen\u00e7 k\u0131z\u0131n tek gayesi, kendisine \u201cnormal\u201d olarak kabul ettirilmek istenen \u015feyleri bertaraf edip kendi do\u011frular\u0131ndan y\u00fcr\u00fcmektir. Bu u\u011furda ailesini ve arkada\u015flar\u0131n\u0131 dahi kar\u015f\u0131s\u0131na almay\u0131 g\u00f6ze alan Tuana, ya\u015fad\u0131klar\u0131n\u0131n yorgunlu\u011funu hafifletmenin yollar\u0131n\u0131 d\u00fc\u015fsel bir d\u00fcnyada arar. Kitaplara, \u00f6zellikle de fantastik edebiyat\u0131n k\u00fcltle\u015fmi\u015f \u201cOrta D\u00fcnya\u201ds\u0131na dalarak sistemin dayatt\u0131\u011f\u0131 kal\u0131plar \u00fczerine d\u00fc\u015f\u00fcnmeye koyulur. \u0130lkgen\u00e7lik gelgitleri nedeniyle yine annesiyle tart\u0131\u015ft\u0131\u011f\u0131 bir g\u00fcn, kar\u015f\u0131s\u0131na \u00e7\u0131kan bir yolculuk teklifi tats\u0131z hayat\u0131ndan uzakla\u015fmas\u0131 ve \u00f6zg\u00fcvenini kazanmas\u0131 i\u00e7in ka\u00e7\u0131r\u0131lmayacak bir f\u0131rsatt\u0131r&#8230;Gen\u00e7lerin ruhunda kopan f\u0131rt\u0131nalar\u0131 \u00f6zde\u015flik yoluyla daha iyi anlama ve anlatma \u00e7abas\u0131 g\u00fcden bu katmanl\u0131 roman; da\u011f\u0131lan aile, ebeveyn t\u00fckenmi\u015fli\u011fi, akran zorbal\u0131\u011f\u0131 gibi \u00f6zellikle ergenlik \u00e7a\u011f\u0131ndakilerin duygusal d\u00fcnyalar\u0131nda a\u00e7mazlara neden olabilecek hassas konulara temas ediyor.Farkl\u0131l\u0131klar\u0131 nedeniyle ele\u015ftirilen, \u00f6tekile\u015ftirilen gen\u00e7 bir k\u0131z\u0131n hayat\u0131n\u0131, farkl\u0131l\u0131klar\u0131n\u0131 bir ya\u015fam bi\u00e7imine d\u00f6n\u00fc\u015ft\u00fcren \u201cayk\u0131r\u0131\u201d insanlar\u0131n hayatlar\u0131yla kesi\u015ftiren S\u0131k\u0131ld\u0131m, \u0130ki Hafta Yokum, okurlar\u0131 de\u011fi\u015fen d\u00fcnya ve bundan nasibini alan gen\u00e7lik h\u00e2lleri \u00fczerine d\u00fc\u015f\u00fcnmeye davet ediyor.<\/p>\n","protected":false},"excerpt":{"rendered":"<p>Yak\u0131nla\u015fmak i\u00e7in, bazen uzakla\u015fmak gerekir&#8230;Pelin G\u00fcne\u015f&#8217;in kaleme ald\u0131\u011f\u0131 S\u0131k\u0131ld\u0131m, \u0130ki Hafta Yokum, kitaplardaki kurmaca ile ger\u00e7ek d\u00fcnya aras\u0131nda s\u0131k\u0131\u015f\u0131p kalm\u0131\u015f 14 ya\u015f\u0131ndaki Tuana&#8217;n\u0131n benlik aray\u0131\u015flar\u0131na \u0131\u015f\u0131k<span class=\"excerpt-hellip\"> [\u2026]<\/span><\/p>\n","protected":false},"featured_media":0,"template":"","meta":{"_monsterinsights_skip_tracking":false,"_monsterinsights_sitenote_active":false,"_monsterinsights_sitenote_note":"","_monsterinsights_sitenote_category":0},"product_brand":[],"product_cat":[12275,12274],"product_tag":[],"class_list":{"0":"post-730878","1":"product","2":"type-product","3":"status-publish","5":"product_cat-6-12-yas-kitaplari","6":"product_cat-cocuk-ve-genclik-kitaplari","7":"pa_cilt-ciltsiz","8":"pa_tur-kitap","9":"pa_yayinevi-tudem-yayinlari","10":"pa_yazar-pelin-gunes","12":"first","13":"instock","14":"sale","15":"shipping-taxable","16":"purchasable","17":"product-type-simple"},"_links":{"self":[{"href":"https:\/\/roveyayinevi.com.tr\/index.php\/wp-json\/wp\/v2\/product\/730878","targetHints":{"allow":["GET"]}}],"collection":[{"href":"https:\/\/roveyayinevi.com.tr\/index.php\/wp-json\/wp\/v2\/product"}],"about":[{"href":"https:\/\/roveyayinevi.com.tr\/index.php\/wp-json\/wp\/v2\/types\/product"}],"wp:attachment":[{"href":"https:\/\/roveyayinevi.com.tr\/index.php\/wp-json\/wp\/v2\/media?parent=730878"}],"wp:term":[{"taxonomy":"product_brand","embeddable":true,"href":"https:\/\/roveyayinevi.com.tr\/index.php\/wp-json\/wp\/v2\/product_brand?post=730878"},{"taxonomy":"product_cat","embeddable":true,"href":"https:\/\/roveyayinevi.com.tr\/index.php\/wp-json\/wp\/v2\/product_cat?post=730878"},{"taxonomy":"product_tag","embeddable":true,"href":"https:\/\/roveyayinevi.com.tr\/index.php\/wp-json\/wp\/v2\/product_tag?post=730878"}],"curies":[{"name":"wp","href":"https:\/\/api.w.org\/{rel}","templated":true}]}}