{"id":730877,"date":"2025-08-27T21:22:06","date_gmt":"2025-08-27T18:22:06","guid":{"rendered":"https:\/\/roveyayinevi.com.tr\/index.php\/urun\/gelecegin-liderleri-icin-buyuk-strateji-esaslari\/"},"modified":"2026-04-16T02:38:39","modified_gmt":"2026-04-15T23:38:39","slug":"gelecegin-liderleri-icin-buyuk-strateji-esaslari","status":"publish","type":"product","link":"https:\/\/roveyayinevi.com.tr\/index.php\/urun\/gelecegin-liderleri-icin-buyuk-strateji-esaslari\/","title":{"rendered":"Gelece\u011fin Liderleri \u0130\u00e7in B\u00fcy\u00fck Strateji Esaslar\u0131"},"content":{"rendered":"<p>\u00c7a\u011f\u0131m\u0131zda devleti y\u00f6netenlerin asli g\u00f6revi; \u00fclkenin ve bireylerin g\u00fcvenli\u011fini sa\u011flamak, \u00fclkenin ve bireylerin refah seviyelerini geli\u015ftirmektir. Devleti y\u00f6netenlerin g\u00fcvenli\u011fi sa\u011flayacak, refah\u0131 geli\u015ftirecek hedeflerin elde edilmesi amac\u0131 ile kontrollerine verilen g\u00fc\u00e7 unsurlar\u0131n\u0131 geli\u015ftirmeleri, uyum i\u00e7inde kullanmalar\u0131, hedeflerle mevcut g\u00fc\u00e7 unsurlar\u0131 aras\u0131ndaki dengeleri kurmalar\u0131 gerekmektedir.Bu sistematik eylemler, \u00e7a\u011fda\u015f anlay\u0131\u015fa g\u00f6re \u201cB\u00fcy\u00fck Strateji\u201dnin ilgi alan\u0131n\u0131 olu\u015fturmaktad\u0131r. Bat\u0131da, prestijli \u00fcniversitelerde ve asker\u00ee okullarda, \u201cB\u00fcy\u00fck Strateji Kavram\u0131 ve Sistemati\u011fi\u201d \u00f6\u011fretilmektedir. \u00c7a\u011fda\u015f T\u00fcrkiye i\u00e7in devleti y\u00f6netmeye aday olacak gelece\u011fin liderlerinin de bu konuda bilgili olmalar\u0131 gerekmektedir. Bu kitap\u00e7\u0131k, daha iyisi yaz\u0131lana kadar, bu amaca hizmet etmek i\u00e7in haz\u0131rlanm\u0131\u015ft\u0131r.<\/p>\n","protected":false},"excerpt":{"rendered":"<p>\u00c7a\u011f\u0131m\u0131zda devleti y\u00f6netenlerin asli g\u00f6revi; \u00fclkenin ve bireylerin g\u00fcvenli\u011fini sa\u011flamak, \u00fclkenin ve bireylerin refah seviyelerini geli\u015ftirmektir. Devleti y\u00f6netenlerin g\u00fcvenli\u011fi sa\u011flayacak, refah\u0131 geli\u015ftirecek hedeflerin elde edilmesi amac\u0131<span class=\"excerpt-hellip\"> [\u2026]<\/span><\/p>\n","protected":false},"featured_media":0,"template":"","meta":{"_monsterinsights_skip_tracking":false,"_monsterinsights_sitenote_active":false,"_monsterinsights_sitenote_note":"","_monsterinsights_sitenote_category":0},"product_brand":[],"product_cat":[12338,12337],"product_tag":[],"class_list":{"0":"post-730877","1":"product","2":"type-product","3":"status-publish","5":"product_cat-dunya-siyaseti-ve-politikasi","6":"product_cat-politika-siyaset","7":"pa_cilt-ciltsiz","8":"pa_tur-kitap","9":"pa_yayinevi-pankus-yayinlari","10":"pa_yazar-nejat-eslen","12":"first","13":"instock","14":"sale","15":"shipping-taxable","16":"purchasable","17":"product-type-simple"},"_links":{"self":[{"href":"https:\/\/roveyayinevi.com.tr\/index.php\/wp-json\/wp\/v2\/product\/730877","targetHints":{"allow":["GET"]}}],"collection":[{"href":"https:\/\/roveyayinevi.com.tr\/index.php\/wp-json\/wp\/v2\/product"}],"about":[{"href":"https:\/\/roveyayinevi.com.tr\/index.php\/wp-json\/wp\/v2\/types\/product"}],"wp:attachment":[{"href":"https:\/\/roveyayinevi.com.tr\/index.php\/wp-json\/wp\/v2\/media?parent=730877"}],"wp:term":[{"taxonomy":"product_brand","embeddable":true,"href":"https:\/\/roveyayinevi.com.tr\/index.php\/wp-json\/wp\/v2\/product_brand?post=730877"},{"taxonomy":"product_cat","embeddable":true,"href":"https:\/\/roveyayinevi.com.tr\/index.php\/wp-json\/wp\/v2\/product_cat?post=730877"},{"taxonomy":"product_tag","embeddable":true,"href":"https:\/\/roveyayinevi.com.tr\/index.php\/wp-json\/wp\/v2\/product_tag?post=730877"}],"curies":[{"name":"wp","href":"https:\/\/api.w.org\/{rel}","templated":true}]}}