{"id":730875,"date":"2025-08-27T21:22:04","date_gmt":"2025-08-27T18:22:04","guid":{"rendered":"https:\/\/roveyayinevi.com.tr\/index.php\/urun\/kepler62-yeni-dunya-iki-kabile\/"},"modified":"2026-04-16T02:38:39","modified_gmt":"2026-04-15T23:38:39","slug":"kepler62-yeni-dunya-iki-kabile","status":"publish","type":"product","link":"https:\/\/roveyayinevi.com.tr\/index.php\/urun\/kepler62-yeni-dunya-iki-kabile\/","title":{"rendered":"Kepler62: Yeni D\u00fcnya &#8211; \u0130ki Kabile"},"content":{"rendered":"<p>Kepler62 gezegenindeki \u00e7ocuklar\u0131n maceralar\u0131 devam ediyor!   \u00d6nc\u00fclerin en gen\u00e7 \u00fcyesi Joni lider se\u00e7ilmi\u015ftir ve bu b\u00fcy\u00fck sorumlulu\u011fun a\u011f\u0131rl\u0131\u011f\u0131 alt\u0131nda bocalamaktad\u0131r. Kamp b\u00fcy\u00fck bir zorlukla kar\u015f\u0131 kar\u015f\u0131yad\u0131r: G\u0131da stoklar\u0131 t\u00fckenmek \u00fczeredir. Bu yabanc\u0131 gezegendeki ha\u015fereler a\u00e7g\u00f6zl\u00fcd\u00fcr ve \u00e7ocuklar\u0131n yeti\u015ftirdi\u011fi b\u00fct\u00fcn mahsulleri talan etmektedirler.   Joni \u00e7aresizdir, ta ki X adl\u0131 gizemli bir k\u0131z yard\u0131m\u0131na yeti\u015fene kadar. D\u00fcnya\u2019da bir ailesi ve evi olmayan X, Kepler62\u2019de tam aksine kendini evinde hissediyor gibi g\u00f6r\u00fcnmektedir.<\/p>\n","protected":false},"excerpt":{"rendered":"<p>Kepler62 gezegenindeki \u00e7ocuklar\u0131n maceralar\u0131 devam ediyor! \u00d6nc\u00fclerin en gen\u00e7 \u00fcyesi Joni lider se\u00e7ilmi\u015ftir ve bu b\u00fcy\u00fck sorumlulu\u011fun a\u011f\u0131rl\u0131\u011f\u0131 alt\u0131nda bocalamaktad\u0131r. Kamp b\u00fcy\u00fck bir zorlukla kar\u015f\u0131 kar\u015f\u0131yad\u0131r:<span class=\"excerpt-hellip\"> [\u2026]<\/span><\/p>\n","protected":false},"featured_media":0,"template":"","meta":{"_monsterinsights_skip_tracking":false,"_monsterinsights_sitenote_active":false,"_monsterinsights_sitenote_note":"","_monsterinsights_sitenote_category":0},"product_brand":[],"product_cat":[12275,12274],"product_tag":[],"class_list":{"0":"post-730875","1":"product","2":"type-product","3":"status-publish","5":"product_cat-6-12-yas-kitaplari","6":"product_cat-cocuk-ve-genclik-kitaplari","7":"pa_cilt-ciltsiz","8":"pa_tur-kitap","9":"pa_yayinevi-can-cocuk-yayinlari","10":"pa_yazar-bjorn-sortland-timo-parvela","12":"first","13":"instock","14":"sale","15":"shipping-taxable","16":"purchasable","17":"product-type-simple"},"_links":{"self":[{"href":"https:\/\/roveyayinevi.com.tr\/index.php\/wp-json\/wp\/v2\/product\/730875","targetHints":{"allow":["GET"]}}],"collection":[{"href":"https:\/\/roveyayinevi.com.tr\/index.php\/wp-json\/wp\/v2\/product"}],"about":[{"href":"https:\/\/roveyayinevi.com.tr\/index.php\/wp-json\/wp\/v2\/types\/product"}],"wp:attachment":[{"href":"https:\/\/roveyayinevi.com.tr\/index.php\/wp-json\/wp\/v2\/media?parent=730875"}],"wp:term":[{"taxonomy":"product_brand","embeddable":true,"href":"https:\/\/roveyayinevi.com.tr\/index.php\/wp-json\/wp\/v2\/product_brand?post=730875"},{"taxonomy":"product_cat","embeddable":true,"href":"https:\/\/roveyayinevi.com.tr\/index.php\/wp-json\/wp\/v2\/product_cat?post=730875"},{"taxonomy":"product_tag","embeddable":true,"href":"https:\/\/roveyayinevi.com.tr\/index.php\/wp-json\/wp\/v2\/product_tag?post=730875"}],"curies":[{"name":"wp","href":"https:\/\/api.w.org\/{rel}","templated":true}]}}