{"id":730872,"date":"2025-08-27T21:22:01","date_gmt":"2025-08-27T18:22:01","guid":{"rendered":"https:\/\/roveyayinevi.com.tr\/index.php\/urun\/hayatimizin-bir-gunu\/"},"modified":"2026-04-16T02:38:39","modified_gmt":"2026-04-15T23:38:39","slug":"hayatimizin-bir-gunu","status":"publish","type":"product","link":"https:\/\/roveyayinevi.com.tr\/index.php\/urun\/hayatimizin-bir-gunu\/","title":{"rendered":"Hayat\u0131m\u0131z\u0131n Bir G\u00fcn\u00fc"},"content":{"rendered":"<p>Devrimin etkilerinin s\u0131ca\u011f\u0131 s\u0131ca\u011f\u0131na hissedildi\u011fi Rusya\u2019da gazetelerde ve dergilerde yay\u0131mlad\u0131\u011f\u0131 anlat\u0131larda Bulgakov, bazen anekdotlardan, bazen g\u00fcncel haberlerden, bazense kendi hayal g\u00fcc\u00fcnden yola \u00e7\u0131karak de\u011fi\u015fmekte olan yoksul toplumun g\u00fcnl\u00fck ya\u015fam\u0131n\u0131, s\u0131k\u0131nt\u0131lar\u0131yla ve mutluluklar\u0131yla g\u00f6zlemlemi\u015fti. Hayat\u0131m\u0131z\u0131n Bir G\u00fcn\u00fc\u2019nde derledi\u011fimiz yaz\u0131lar, bir modern ustan\u0131n kaleminden yaz\u0131lm\u0131\u015f bir d\u00f6nem tan\u0131kl\u0131\u011f\u0131 olmas\u0131n\u0131n yan\u0131 s\u0131ra kasvetli ya\u015famlar\u0131 dahi \u00e7ekilir k\u0131lan mizah\u0131n da enfes bir \u00f6rne\u011fi<\/p>\n","protected":false},"excerpt":{"rendered":"<p>Devrimin etkilerinin s\u0131ca\u011f\u0131 s\u0131ca\u011f\u0131na hissedildi\u011fi Rusya\u2019da gazetelerde ve dergilerde yay\u0131mlad\u0131\u011f\u0131 anlat\u0131larda Bulgakov, bazen anekdotlardan, bazen g\u00fcncel haberlerden, bazense kendi hayal g\u00fcc\u00fcnden yola \u00e7\u0131karak de\u011fi\u015fmekte olan yoksul<span class=\"excerpt-hellip\"> [\u2026]<\/span><\/p>\n","protected":false},"featured_media":0,"template":"","meta":{"_monsterinsights_skip_tracking":false,"_monsterinsights_sitenote_active":false,"_monsterinsights_sitenote_note":"","_monsterinsights_sitenote_category":0},"product_brand":[],"product_cat":[12291,12711],"product_tag":[],"class_list":{"0":"post-730872","1":"product","2":"type-product","3":"status-publish","5":"product_cat-edebiyat","6":"product_cat-roman-oyku","7":"pa_cilt-ciltsiz","8":"pa_tur-kitap","9":"pa_yayinevi-can-yayinlari","10":"pa_yazar-mihail-bulgakov","12":"first","13":"instock","14":"sale","15":"shipping-taxable","16":"purchasable","17":"product-type-simple"},"_links":{"self":[{"href":"https:\/\/roveyayinevi.com.tr\/index.php\/wp-json\/wp\/v2\/product\/730872","targetHints":{"allow":["GET"]}}],"collection":[{"href":"https:\/\/roveyayinevi.com.tr\/index.php\/wp-json\/wp\/v2\/product"}],"about":[{"href":"https:\/\/roveyayinevi.com.tr\/index.php\/wp-json\/wp\/v2\/types\/product"}],"wp:attachment":[{"href":"https:\/\/roveyayinevi.com.tr\/index.php\/wp-json\/wp\/v2\/media?parent=730872"}],"wp:term":[{"taxonomy":"product_brand","embeddable":true,"href":"https:\/\/roveyayinevi.com.tr\/index.php\/wp-json\/wp\/v2\/product_brand?post=730872"},{"taxonomy":"product_cat","embeddable":true,"href":"https:\/\/roveyayinevi.com.tr\/index.php\/wp-json\/wp\/v2\/product_cat?post=730872"},{"taxonomy":"product_tag","embeddable":true,"href":"https:\/\/roveyayinevi.com.tr\/index.php\/wp-json\/wp\/v2\/product_tag?post=730872"}],"curies":[{"name":"wp","href":"https:\/\/api.w.org\/{rel}","templated":true}]}}