{"id":730868,"date":"2025-08-27T21:21:58","date_gmt":"2025-08-27T18:21:58","guid":{"rendered":"https:\/\/roveyayinevi.com.tr\/index.php\/urun\/ask-romanlari-seti-7-kitap\/"},"modified":"2026-04-16T02:38:39","modified_gmt":"2026-04-15T23:38:39","slug":"ask-romanlari-seti-7-kitap","status":"publish","type":"product","link":"https:\/\/roveyayinevi.com.tr\/index.php\/urun\/ask-romanlari-seti-7-kitap\/","title":{"rendered":"A\u015fk Romanlar\u0131 Seti (7 Kitap)"},"content":{"rendered":"<p>Setimiz 7 Kitaptan olu\u015fmaktad\u0131r.Bir Umut Yeter, \u00c7\u0131naraKozadaki Kad\u0131n\u0131n Ada\u2019s\u0131, AzeM C..Pranga, Aykut G\u00fcnayd\u0131nA\u015fk\u0131n Pe\u015finde, Zeki Marako\u011flu\u0130\u00e7imdeki Sen, Esra Nur G\u00fclerYanaNcak, \u00dcmit Da\u011fc\u0131Birli Ya\u015fam, \u00dcmit Da\u011fc\u0131<\/p>\n","protected":false},"excerpt":{"rendered":"<p>Setimiz 7 Kitaptan olu\u015fmaktad\u0131r.Bir Umut Yeter, \u00c7\u0131naraKozadaki Kad\u0131n\u0131n Ada\u2019s\u0131, AzeM C..Pranga, Aykut G\u00fcnayd\u0131nA\u015fk\u0131n Pe\u015finde, Zeki Marako\u011flu\u0130\u00e7imdeki Sen, Esra Nur G\u00fclerYanaNcak, \u00dcmit Da\u011fc\u0131Birli Ya\u015fam, \u00dcmit Da\u011fc\u0131<\/p>\n","protected":false},"featured_media":0,"template":"","meta":{"_monsterinsights_skip_tracking":false,"_monsterinsights_sitenote_active":false,"_monsterinsights_sitenote_note":"","_monsterinsights_sitenote_category":0},"product_brand":[],"product_cat":[14643,12291],"product_tag":[],"class_list":{"0":"post-730868","1":"product","2":"type-product","3":"status-publish","5":"product_cat-ask","6":"product_cat-edebiyat","7":"pa_cilt-set","8":"pa_tur-kitap","9":"pa_yayinevi-vaveyla-yayincilik","10":"pa_yazar-vaveyla-yayincilik-kolektif","12":"first","13":"instock","14":"sale","15":"shipping-taxable","16":"purchasable","17":"product-type-simple"},"_links":{"self":[{"href":"https:\/\/roveyayinevi.com.tr\/index.php\/wp-json\/wp\/v2\/product\/730868","targetHints":{"allow":["GET"]}}],"collection":[{"href":"https:\/\/roveyayinevi.com.tr\/index.php\/wp-json\/wp\/v2\/product"}],"about":[{"href":"https:\/\/roveyayinevi.com.tr\/index.php\/wp-json\/wp\/v2\/types\/product"}],"wp:attachment":[{"href":"https:\/\/roveyayinevi.com.tr\/index.php\/wp-json\/wp\/v2\/media?parent=730868"}],"wp:term":[{"taxonomy":"product_brand","embeddable":true,"href":"https:\/\/roveyayinevi.com.tr\/index.php\/wp-json\/wp\/v2\/product_brand?post=730868"},{"taxonomy":"product_cat","embeddable":true,"href":"https:\/\/roveyayinevi.com.tr\/index.php\/wp-json\/wp\/v2\/product_cat?post=730868"},{"taxonomy":"product_tag","embeddable":true,"href":"https:\/\/roveyayinevi.com.tr\/index.php\/wp-json\/wp\/v2\/product_tag?post=730868"}],"curies":[{"name":"wp","href":"https:\/\/api.w.org\/{rel}","templated":true}]}}