{"id":730866,"date":"2025-08-27T21:21:56","date_gmt":"2025-08-27T18:21:56","guid":{"rendered":"https:\/\/roveyayinevi.com.tr\/index.php\/urun\/aru-shah-ve-dilek-agaci-ciltli\/"},"modified":"2026-04-16T02:38:38","modified_gmt":"2026-04-15T23:38:38","slug":"aru-shah-ve-dilek-agaci-ciltli","status":"publish","type":"product","link":"https:\/\/roveyayinevi.com.tr\/index.php\/urun\/aru-shah-ve-dilek-agaci-ciltli\/","title":{"rendered":"Aru Shah ve Dilek A\u011fac\u0131 (Ciltli)"},"content":{"rendered":"<p>Tanr\u0131larla iblisler aras\u0131ndaki sava\u015f yakla\u015f\u0131yor ve Di\u011ferd\u00fcnya alarmda! On d\u00f6rt ya\u015f\u0131ndaki Aru Shah ve arkada\u015flar\u0131, birinin sava\u015f\u0131n kazanan\u0131na dair kehanette bulunaca\u011f\u0131 iki \u201chedefi\u201d kurtarmak \u00fczere g\u00f6revlendiriliyorlar. Ancak kehaneti Uyuyan\u2019\u0131n duymas\u0131n\u0131 engelleyemeyen Aru ve arkada\u015flar\u0131, ne yaz\u0131k ki ba\u015far\u0131l\u0131 olamadan geri d\u00f6n\u00fcyorlar. \u00dcstelik sonradan en yeni Pandavalar oldu\u011fu ortaya \u00e7\u0131kan ikizlerden k\u00e2hin olan\u0131n kehanetine g\u00f6re, be\u015f Pandava k\u0131z karde\u015flerinden biri ger\u00e7ek olmayabilir.   B\u00fct\u00fcn bunlar\u0131n \u00fczerine Aru; eski itibarlar\u0131n\u0131 geri kazanmak i\u00e7in, kehanette bahsedildi\u011fini d\u00fc\u015f\u00fcnd\u00fc\u011f\u00fc, dilekleri ger\u00e7ekle\u015ftiren me\u015fhur a\u011fac\u0131, Kalpavriksha\u2019y\u0131 bulmas\u0131 gerekti\u011fine inan\u0131yor. E\u011fer ona Uyuyan\u2019dan \u00f6nce ula\u015fabilirse, belki de her \u015feyi tek bir dilekle tersine \u00e7evirebilir! <\/p>\n","protected":false},"excerpt":{"rendered":"<p>Tanr\u0131larla iblisler aras\u0131ndaki sava\u015f yakla\u015f\u0131yor ve Di\u011ferd\u00fcnya alarmda! On d\u00f6rt ya\u015f\u0131ndaki Aru Shah ve arkada\u015flar\u0131, birinin sava\u015f\u0131n kazanan\u0131na dair kehanette bulunaca\u011f\u0131 iki \u201chedefi\u201d kurtarmak \u00fczere g\u00f6revlendiriliyorlar.<span class=\"excerpt-hellip\"> [\u2026]<\/span><\/p>\n","protected":false},"featured_media":0,"template":"","meta":{"_monsterinsights_skip_tracking":false,"_monsterinsights_sitenote_active":false,"_monsterinsights_sitenote_note":"","_monsterinsights_sitenote_category":0},"product_brand":[],"product_cat":[12275,12274],"product_tag":[],"class_list":{"0":"post-730866","1":"product","2":"type-product","3":"status-publish","5":"product_cat-6-12-yas-kitaplari","6":"product_cat-cocuk-ve-genclik-kitaplari","7":"pa_cilt-ciltli","8":"pa_tur-kitap","9":"pa_yayinevi-ithaki-yayinlari","10":"pa_yazar-roshani-chokshi","12":"first","13":"instock","14":"sale","15":"shipping-taxable","16":"purchasable","17":"product-type-simple"},"_links":{"self":[{"href":"https:\/\/roveyayinevi.com.tr\/index.php\/wp-json\/wp\/v2\/product\/730866","targetHints":{"allow":["GET"]}}],"collection":[{"href":"https:\/\/roveyayinevi.com.tr\/index.php\/wp-json\/wp\/v2\/product"}],"about":[{"href":"https:\/\/roveyayinevi.com.tr\/index.php\/wp-json\/wp\/v2\/types\/product"}],"wp:attachment":[{"href":"https:\/\/roveyayinevi.com.tr\/index.php\/wp-json\/wp\/v2\/media?parent=730866"}],"wp:term":[{"taxonomy":"product_brand","embeddable":true,"href":"https:\/\/roveyayinevi.com.tr\/index.php\/wp-json\/wp\/v2\/product_brand?post=730866"},{"taxonomy":"product_cat","embeddable":true,"href":"https:\/\/roveyayinevi.com.tr\/index.php\/wp-json\/wp\/v2\/product_cat?post=730866"},{"taxonomy":"product_tag","embeddable":true,"href":"https:\/\/roveyayinevi.com.tr\/index.php\/wp-json\/wp\/v2\/product_tag?post=730866"}],"curies":[{"name":"wp","href":"https:\/\/api.w.org\/{rel}","templated":true}]}}