{"id":730865,"date":"2025-08-27T21:21:55","date_gmt":"2025-08-27T18:21:55","guid":{"rendered":"https:\/\/roveyayinevi.com.tr\/index.php\/urun\/bir-holmes-meselesi-ciltli\/"},"modified":"2026-04-16T02:38:38","modified_gmt":"2026-04-15T23:38:38","slug":"bir-holmes-meselesi-ciltli","status":"publish","type":"product","link":"https:\/\/roveyayinevi.com.tr\/index.php\/urun\/bir-holmes-meselesi-ciltli\/","title":{"rendered":"Bir Holmes Meselesi (Ciltli)"},"content":{"rendered":"<p>Jamie Watson ve Charlotte Holmes, Moriarty tehlikesinden kurtulup sonunda rahata kavu\u015ftuklar\u0131n\u0131 d\u00fc\u015f\u00fcn\u00fcyorlard\u0131. Ancak s\u0131radan gen\u00e7ler gibi \u00fcniversite yaz program\u0131na yaz\u0131l\u0131p beladan uzak durmak isterlerken kendilerini yeni bir davan\u0131n tam g\u00f6be\u011finde buldular.   Ge\u00e7en y\u0131l Oxford tiyatro kul\u00fcb\u00fc \u00fcyelerinin ba\u015flar\u0131na gelen kazalar, ba\u015froldeki k\u0131z\u0131n birden kay\u0131plara kar\u0131\u015fmas\u0131yla son bulmu\u015ftu. S\u0131r perdesi aralanmam\u0131\u015f, dava kapat\u0131lm\u0131\u015ft\u0131. Ve kimse \u2013\u00f6zellikle de k\u0131z\u0131n yak\u0131n arkada\u015f grubu\u2013 bu konu hakk\u0131nda tek kelime etmiyordu.   Jamie\u2019nin ilgisiyle akl\u0131 kar\u0131\u015fan Charlotte, hem gizemi bir an \u00f6nce \u00e7\u00f6zmek hem de nas\u0131l bir gelecek istedi\u011fine karar vermek zorundayd\u0131. Holmes ve Watson ger\u00e7ek d\u00fcnyayla y\u00fczle\u015fmeye haz\u0131r m\u0131yd\u0131? <\/p>\n","protected":false},"excerpt":{"rendered":"<p>Jamie Watson ve Charlotte Holmes, Moriarty tehlikesinden kurtulup sonunda rahata kavu\u015ftuklar\u0131n\u0131 d\u00fc\u015f\u00fcn\u00fcyorlard\u0131. Ancak s\u0131radan gen\u00e7ler gibi \u00fcniversite yaz program\u0131na yaz\u0131l\u0131p beladan uzak durmak isterlerken kendilerini yeni<span class=\"excerpt-hellip\"> [\u2026]<\/span><\/p>\n","protected":false},"featured_media":0,"template":"","meta":{"_monsterinsights_skip_tracking":false,"_monsterinsights_sitenote_active":false,"_monsterinsights_sitenote_note":"","_monsterinsights_sitenote_category":0},"product_brand":[],"product_cat":[12291,15445],"product_tag":[],"class_list":{"0":"post-730865","1":"product","2":"type-product","3":"status-publish","5":"product_cat-edebiyat","6":"product_cat-polisiye","7":"pa_cilt-ciltli","8":"pa_tur-kitap","9":"pa_yayinevi-yabanci-yayinevi","10":"pa_yazar-brittany-cavallaro","12":"first","13":"instock","14":"sale","15":"shipping-taxable","16":"purchasable","17":"product-type-simple"},"_links":{"self":[{"href":"https:\/\/roveyayinevi.com.tr\/index.php\/wp-json\/wp\/v2\/product\/730865","targetHints":{"allow":["GET"]}}],"collection":[{"href":"https:\/\/roveyayinevi.com.tr\/index.php\/wp-json\/wp\/v2\/product"}],"about":[{"href":"https:\/\/roveyayinevi.com.tr\/index.php\/wp-json\/wp\/v2\/types\/product"}],"wp:attachment":[{"href":"https:\/\/roveyayinevi.com.tr\/index.php\/wp-json\/wp\/v2\/media?parent=730865"}],"wp:term":[{"taxonomy":"product_brand","embeddable":true,"href":"https:\/\/roveyayinevi.com.tr\/index.php\/wp-json\/wp\/v2\/product_brand?post=730865"},{"taxonomy":"product_cat","embeddable":true,"href":"https:\/\/roveyayinevi.com.tr\/index.php\/wp-json\/wp\/v2\/product_cat?post=730865"},{"taxonomy":"product_tag","embeddable":true,"href":"https:\/\/roveyayinevi.com.tr\/index.php\/wp-json\/wp\/v2\/product_tag?post=730865"}],"curies":[{"name":"wp","href":"https:\/\/api.w.org\/{rel}","templated":true}]}}