{"id":730864,"date":"2025-08-27T21:21:54","date_gmt":"2025-08-27T18:21:54","guid":{"rendered":"https:\/\/roveyayinevi.com.tr\/index.php\/urun\/savascinin-laneti-ciltli\/"},"modified":"2026-04-16T02:38:38","modified_gmt":"2026-04-15T23:38:38","slug":"savascinin-laneti-ciltli","status":"publish","type":"product","link":"https:\/\/roveyayinevi.com.tr\/index.php\/urun\/savascinin-laneti-ciltli\/","title":{"rendered":"Sava\u015f\u00e7\u0131n\u0131n Laneti (Ciltli)"},"content":{"rendered":"<p>KIZIL TAHT\u2019IN PE\u015e\u0130NDEK\u0130 HERKES LANETLEN\u0130R   Simon, Halderianlar\u0131n yeni kral\u0131 olarak d\u00f6rt bir yandan ku\u015fat\u0131lm\u0131\u015ft\u0131. Uygun bir evlilik yapmas\u0131, Antora\u2019ya h\u00fckmetmesi ve bu u\u011furda herkesi ezip ge\u00e7mesi bekleniyordu. Oysa o, Kestra\u2019dan, bir zamanlar \u00e2\u015f\u0131k oldu\u011fu kad\u0131ndan umudunu hi\u00e7 kesmemi\u015fti.   Herruh Orman\u0131\u2019nda esir tutulan Kestra, b\u00fcy\u00fcs\u00fcn\u00fcn geli\u015fti\u011fini hissedebiliyor ve t\u00fcm uyar\u0131lara kar\u015f\u0131n g\u00fc\u00e7lerini tamamen benimsemesi gerekti\u011fini biliyordu. Sonunda yozla\u015facak olsa da emin oldu\u011fu tek bir \u015fey vard\u0131: Antora\u2019n\u0131n kaderi b\u00fcy\u00fcde gizliydi.   Lord Endrick\u2019i yok etmek i\u00e7in farkl\u0131 yollar\u0131 tercih eden Kestra ve Simon\u2019\u0131 korkun\u00e7 bir karar \u00e2n\u0131 bekliyordu. O an geldi\u011finde beraber mi yoksa birbirlerine kar\u015f\u0131 m\u0131 sava\u015facaklard\u0131?   \u201cSava\u015f, ihanet, b\u00fcy\u00fc ve a\u015fkla dolu bir d\u00fcnyaya a\u00e7\u0131lan pencere.\u201d \u2014School Library Connection <\/p>\n","protected":false},"excerpt":{"rendered":"<p>KIZIL TAHT\u2019IN PE\u015e\u0130NDEK\u0130 HERKES LANETLEN\u0130R Simon, Halderianlar\u0131n yeni kral\u0131 olarak d\u00f6rt bir yandan ku\u015fat\u0131lm\u0131\u015ft\u0131. Uygun bir evlilik yapmas\u0131, Antora\u2019ya h\u00fckmetmesi ve bu u\u011furda herkesi ezip ge\u00e7mesi<span class=\"excerpt-hellip\"> [\u2026]<\/span><\/p>\n","protected":false},"featured_media":0,"template":"","meta":{"_monsterinsights_skip_tracking":false,"_monsterinsights_sitenote_active":false,"_monsterinsights_sitenote_note":"","_monsterinsights_sitenote_category":0},"product_brand":[],"product_cat":[12291,14777],"product_tag":[],"class_list":{"0":"post-730864","1":"product","2":"type-product","3":"status-publish","5":"product_cat-edebiyat","6":"product_cat-fantastik","7":"pa_cilt-ciltli","8":"pa_tur-kitap","9":"pa_yayinevi-yabanci-yayinevi","10":"pa_yazar-jennifer-a-nielsen","12":"first","13":"instock","14":"sale","15":"shipping-taxable","16":"purchasable","17":"product-type-simple"},"_links":{"self":[{"href":"https:\/\/roveyayinevi.com.tr\/index.php\/wp-json\/wp\/v2\/product\/730864","targetHints":{"allow":["GET"]}}],"collection":[{"href":"https:\/\/roveyayinevi.com.tr\/index.php\/wp-json\/wp\/v2\/product"}],"about":[{"href":"https:\/\/roveyayinevi.com.tr\/index.php\/wp-json\/wp\/v2\/types\/product"}],"wp:attachment":[{"href":"https:\/\/roveyayinevi.com.tr\/index.php\/wp-json\/wp\/v2\/media?parent=730864"}],"wp:term":[{"taxonomy":"product_brand","embeddable":true,"href":"https:\/\/roveyayinevi.com.tr\/index.php\/wp-json\/wp\/v2\/product_brand?post=730864"},{"taxonomy":"product_cat","embeddable":true,"href":"https:\/\/roveyayinevi.com.tr\/index.php\/wp-json\/wp\/v2\/product_cat?post=730864"},{"taxonomy":"product_tag","embeddable":true,"href":"https:\/\/roveyayinevi.com.tr\/index.php\/wp-json\/wp\/v2\/product_tag?post=730864"}],"curies":[{"name":"wp","href":"https:\/\/api.w.org\/{rel}","templated":true}]}}