{"id":730863,"date":"2025-08-27T21:21:53","date_gmt":"2025-08-27T18:21:53","guid":{"rendered":"https:\/\/roveyayinevi.com.tr\/index.php\/urun\/guz-sarmali-cuda\/"},"modified":"2026-04-06T13:01:34","modified_gmt":"2026-04-06T10:01:34","slug":"guz-sarmali-cuda","status":"publish","type":"product","link":"https:\/\/roveyayinevi.com.tr\/index.php\/urun\/guz-sarmali-cuda\/","title":{"rendered":"G\u00fcz Sarmal\u0131 C\u00fcda"},"content":{"rendered":"<p>\u00d6zleyece\u011fini, \u00e7ok \u00f6zleyece\u011fini bile bile gitmi\u015fti Ay\u015fem. Deli gibi \u00f6zlemi\u015fti. Do\u011fan, bir g\u00fcn d\u00f6nece\u011fini bilerek ya\u015fam\u0131\u015ft\u0131. Ay\u015fem bir g\u00fcn ona geri d\u00f6necekti. Ve \u015fimdi geri d\u00f6necekti. Do\u011fan i\u00e7in mi, intikam\u0131 i\u00e7in mi? Do\u011fan, sevdi\u011fi kad\u0131n\u0131n kendisini terk etmesini ve be\u015f sene sonra hayat\u0131n\u0131n ortas\u0131nda tekrar belirmesini bekliyor muydu? \u201cGel,\u201d bile demeden, \u201cBekle beni,\u201d bile demeden giden Ay\u015fem\u2019in a\u015fk\u0131na Do\u011fan inanacak m\u0131yd\u0131? Bu a\u015fk tekrar harlanacak m\u0131yd\u0131 yoksa sakl\u0131 kalan ger\u00e7ekler bu iki \u00e2\u015f\u0131\u011f\u0131 farkl\u0131 noktalara m\u0131 s\u00fcr\u00fckleyecekti?   Zamana direnen bir a\u015fk, geleneklere ba\u015fkald\u0131ran bir kad\u0131n ve onu her ne pahas\u0131na olursa olsun korumak isteyen bir adam&#8230;   \u015eanl\u0131urfa \u00e7ok \u015fey g\u00f6rm\u00fc\u015ft\u00fc ama Ay\u015fem gibi bir kad\u0131n daha g\u00f6rmemi\u015fti. Mezopotamya\u2019da ya\u015fanan b\u00fcy\u00fck bir a\u015fk\u0131n ve dostlu\u011fun hem ac\u0131tan hem de mutlu eden hik\u00e2yesini merak ve heyecanla okuyacaks\u0131n\u0131z&#8230; <\/p>\n","protected":false},"excerpt":{"rendered":"<p>\u00d6zleyece\u011fini, \u00e7ok \u00f6zleyece\u011fini bile bile gitmi\u015fti Ay\u015fem. Deli gibi \u00f6zlemi\u015fti. Do\u011fan, bir g\u00fcn d\u00f6nece\u011fini bilerek ya\u015fam\u0131\u015ft\u0131. Ay\u015fem bir g\u00fcn ona geri d\u00f6necekti. Ve \u015fimdi geri d\u00f6necekti.<span class=\"excerpt-hellip\"> [\u2026]<\/span><\/p>\n","protected":false},"featured_media":0,"template":"","meta":{"_monsterinsights_skip_tracking":false,"_monsterinsights_sitenote_active":false,"_monsterinsights_sitenote_note":"","_monsterinsights_sitenote_category":0},"product_brand":[],"product_cat":[14643,12291],"product_tag":[],"class_list":{"0":"post-730863","1":"product","2":"type-product","3":"status-publish","5":"product_cat-ask","6":"product_cat-edebiyat","7":"pa_cilt-ciltsiz","8":"pa_tur-kitap","9":"pa_yayinevi-muptela-yayinevi","10":"pa_yazar-payelll","12":"first","13":"instock","14":"sale","15":"shipping-taxable","16":"purchasable","17":"product-type-simple"},"_links":{"self":[{"href":"https:\/\/roveyayinevi.com.tr\/index.php\/wp-json\/wp\/v2\/product\/730863","targetHints":{"allow":["GET"]}}],"collection":[{"href":"https:\/\/roveyayinevi.com.tr\/index.php\/wp-json\/wp\/v2\/product"}],"about":[{"href":"https:\/\/roveyayinevi.com.tr\/index.php\/wp-json\/wp\/v2\/types\/product"}],"wp:attachment":[{"href":"https:\/\/roveyayinevi.com.tr\/index.php\/wp-json\/wp\/v2\/media?parent=730863"}],"wp:term":[{"taxonomy":"product_brand","embeddable":true,"href":"https:\/\/roveyayinevi.com.tr\/index.php\/wp-json\/wp\/v2\/product_brand?post=730863"},{"taxonomy":"product_cat","embeddable":true,"href":"https:\/\/roveyayinevi.com.tr\/index.php\/wp-json\/wp\/v2\/product_cat?post=730863"},{"taxonomy":"product_tag","embeddable":true,"href":"https:\/\/roveyayinevi.com.tr\/index.php\/wp-json\/wp\/v2\/product_tag?post=730863"}],"curies":[{"name":"wp","href":"https:\/\/api.w.org\/{rel}","templated":true}]}}