{"id":730862,"date":"2025-08-27T21:21:53","date_gmt":"2025-08-27T18:21:53","guid":{"rendered":"https:\/\/roveyayinevi.com.tr\/index.php\/urun\/dogal-hukuk-sorunu\/"},"modified":"2026-04-16T02:38:38","modified_gmt":"2026-04-15T23:38:38","slug":"dogal-hukuk-sorunu","status":"publish","type":"product","link":"https:\/\/roveyayinevi.com.tr\/index.php\/urun\/dogal-hukuk-sorunu\/","title":{"rendered":"Do\u011fal Hukuk Sorunu"},"content":{"rendered":"<p>&#8220;Do\u011fal hukuk, b\u0131rak\u0131n\u0131z h\u00e2kimin kurdu\u011fu hu\u0308ku\u0308mde \u00f6znel gerek\u00e7elere dayanmas\u0131n\u0131, meclisin yapaca\u011f\u0131 yasan\u0131n ve hatta bunun da \u00f6tesinde herhangi bir insan\u0131n gu\u0308ndelik, alelade eyleminin dahi gerek\u00e7eli olmas\u0131n\u0131 bekler. Bu gerek\u00e7eyi de felsefi bilgiden tu\u0308retir.&#8221;<\/p>\n","protected":false},"excerpt":{"rendered":"<p>&#8220;Do\u011fal hukuk, b\u0131rak\u0131n\u0131z h\u00e2kimin kurdu\u011fu hu\u0308ku\u0308mde \u00f6znel gerek\u00e7elere dayanmas\u0131n\u0131, meclisin yapaca\u011f\u0131 yasan\u0131n ve hatta bunun da \u00f6tesinde herhangi bir insan\u0131n gu\u0308ndelik, alelade eyleminin dahi gerek\u00e7eli olmas\u0131n\u0131<span class=\"excerpt-hellip\"> [\u2026]<\/span><\/p>\n","protected":false},"featured_media":0,"template":"","meta":{"_monsterinsights_skip_tracking":false,"_monsterinsights_sitenote_active":false,"_monsterinsights_sitenote_note":"","_monsterinsights_sitenote_category":0},"product_brand":[],"product_cat":[15350,17602],"product_tag":[],"class_list":{"0":"post-730862","1":"product","2":"type-product","3":"status-publish","5":"product_cat-hukuk","6":"product_cat-hukuk-uzerine","7":"pa_cilt-ciltsiz","8":"pa_tur-kitap","9":"pa_yayinevi-pinhan-yayincilik","10":"pa_yazar-o-vahdet-issevenler","12":"first","13":"instock","14":"sale","15":"shipping-taxable","16":"purchasable","17":"product-type-simple"},"_links":{"self":[{"href":"https:\/\/roveyayinevi.com.tr\/index.php\/wp-json\/wp\/v2\/product\/730862","targetHints":{"allow":["GET"]}}],"collection":[{"href":"https:\/\/roveyayinevi.com.tr\/index.php\/wp-json\/wp\/v2\/product"}],"about":[{"href":"https:\/\/roveyayinevi.com.tr\/index.php\/wp-json\/wp\/v2\/types\/product"}],"wp:attachment":[{"href":"https:\/\/roveyayinevi.com.tr\/index.php\/wp-json\/wp\/v2\/media?parent=730862"}],"wp:term":[{"taxonomy":"product_brand","embeddable":true,"href":"https:\/\/roveyayinevi.com.tr\/index.php\/wp-json\/wp\/v2\/product_brand?post=730862"},{"taxonomy":"product_cat","embeddable":true,"href":"https:\/\/roveyayinevi.com.tr\/index.php\/wp-json\/wp\/v2\/product_cat?post=730862"},{"taxonomy":"product_tag","embeddable":true,"href":"https:\/\/roveyayinevi.com.tr\/index.php\/wp-json\/wp\/v2\/product_tag?post=730862"}],"curies":[{"name":"wp","href":"https:\/\/api.w.org\/{rel}","templated":true}]}}