{"id":730861,"date":"2025-08-27T21:21:52","date_gmt":"2025-08-27T18:21:52","guid":{"rendered":"https:\/\/roveyayinevi.com.tr\/index.php\/urun\/hukuk-ve-toplum-calismalari\/"},"modified":"2026-04-16T02:38:38","modified_gmt":"2026-04-15T23:38:38","slug":"hukuk-ve-toplum-calismalari","status":"publish","type":"product","link":"https:\/\/roveyayinevi.com.tr\/index.php\/urun\/hukuk-ve-toplum-calismalari\/","title":{"rendered":"Hukuk ve Toplum \u00c7al\u0131\u015fmalar\u0131"},"content":{"rendered":"<p>\u0130ran as\u0131ll\u0131 hukuk sosyolo\u011fu Reza Banakar, 28 A\u011fustos 2020\u2019de altm\u0131\u015f bir ya\u015f\u0131nda vefat etti. Hukuk sosyolojisi literat\u00fcr\u00fcne \u00e7ok \u00f6nemli katk\u0131 yapm\u0131\u015f olan bu bilim insan\u0131n\u0131n T\u00fcrkiye\u2019deki okura tan\u0131t\u0131lmas\u0131n\u0131 kendimize g\u00f6rev bildik ve elinizdeki kitap ortaya \u00e7\u0131kt\u0131.Kitap, Reza Banakar\u2019\u0131n \u00fc\u00e7 makalesinin \u00e7evirisinden olu\u015fmaktad\u0131r. \u0130ran toplumunun ve hukukunun \u00e7e\u015fitli y\u00f6nlerine sosyolojik bir perspektifle yakla\u015fan bu makaleler gerek \u0130ran hukuk d\u00fczenine dair ortaya koydu\u011fu bilgiler gerekse bu bilgileri ortaya koymadaki sosyolojik bak\u0131\u015f a\u00e7\u0131s\u0131 ve metodolojisi dolay\u0131s\u0131yla son derece \u00f6nemlidir. Bu ba\u011flamda, makalelerdeki alan ara\u015ft\u0131rmalar\u0131n\u0131n teorik \u00e7er\u00e7evesini olu\u015fturan Pierre Bourdieu sosyolojisinin temel kavramlar\u0131, \u0130ran\u2019daki hukuk prati\u011finin analizinde ustal\u0131kl\u0131 bir \u015fekilde kullan\u0131lm\u0131\u015ft\u0131r. Umar\u0131z bu \u00e7eviriler, T\u00fcrkiye\u2019de say\u0131s\u0131 hayli az olan alan ara\u015ft\u0131rmas\u0131na dayal\u0131 hukuk sosyolojisi \u00e7al\u0131\u015fmalar\u0131na da ilham verir.<\/p>\n","protected":false},"excerpt":{"rendered":"<p>\u0130ran as\u0131ll\u0131 hukuk sosyolo\u011fu Reza Banakar, 28 A\u011fustos 2020\u2019de altm\u0131\u015f bir ya\u015f\u0131nda vefat etti. Hukuk sosyolojisi literat\u00fcr\u00fcne \u00e7ok \u00f6nemli katk\u0131 yapm\u0131\u015f olan bu bilim insan\u0131n\u0131n T\u00fcrkiye\u2019deki<span class=\"excerpt-hellip\"> [\u2026]<\/span><\/p>\n","protected":false},"featured_media":0,"template":"","meta":{"_monsterinsights_skip_tracking":false,"_monsterinsights_sitenote_active":false,"_monsterinsights_sitenote_note":"","_monsterinsights_sitenote_category":0},"product_brand":[],"product_cat":[15350,17602],"product_tag":[],"class_list":{"0":"post-730861","1":"product","2":"type-product","3":"status-publish","5":"product_cat-hukuk","6":"product_cat-hukuk-uzerine","7":"pa_cilt-ciltsiz","8":"pa_tur-kitap","9":"pa_yayinevi-pinhan-yayincilik","10":"pa_yazar-reza-banakar","12":"first","13":"instock","14":"sale","15":"shipping-taxable","16":"purchasable","17":"product-type-simple"},"_links":{"self":[{"href":"https:\/\/roveyayinevi.com.tr\/index.php\/wp-json\/wp\/v2\/product\/730861","targetHints":{"allow":["GET"]}}],"collection":[{"href":"https:\/\/roveyayinevi.com.tr\/index.php\/wp-json\/wp\/v2\/product"}],"about":[{"href":"https:\/\/roveyayinevi.com.tr\/index.php\/wp-json\/wp\/v2\/types\/product"}],"wp:attachment":[{"href":"https:\/\/roveyayinevi.com.tr\/index.php\/wp-json\/wp\/v2\/media?parent=730861"}],"wp:term":[{"taxonomy":"product_brand","embeddable":true,"href":"https:\/\/roveyayinevi.com.tr\/index.php\/wp-json\/wp\/v2\/product_brand?post=730861"},{"taxonomy":"product_cat","embeddable":true,"href":"https:\/\/roveyayinevi.com.tr\/index.php\/wp-json\/wp\/v2\/product_cat?post=730861"},{"taxonomy":"product_tag","embeddable":true,"href":"https:\/\/roveyayinevi.com.tr\/index.php\/wp-json\/wp\/v2\/product_tag?post=730861"}],"curies":[{"name":"wp","href":"https:\/\/api.w.org\/{rel}","templated":true}]}}