{"id":730860,"date":"2025-08-27T21:21:51","date_gmt":"2025-08-27T18:21:51","guid":{"rendered":"https:\/\/roveyayinevi.com.tr\/index.php\/urun\/tanrisiz\/"},"modified":"2026-04-16T02:38:38","modified_gmt":"2026-04-15T23:38:38","slug":"tanrisiz","status":"publish","type":"product","link":"https:\/\/roveyayinevi.com.tr\/index.php\/urun\/tanrisiz\/","title":{"rendered":"Tanr\u0131s\u0131z"},"content":{"rendered":"<p>\u0130\u00e7inde bulundu\u011fumuz y\u00fczy\u0131l\u0131n sonlar\u0131na do\u011fru \u015fehirler birbirinin \u00fczerine y\u0131\u011f\u0131lan katlar h\u00e2linde y\u00fckselirken \u00fc\u00e7 katl\u0131 \u0130stanbul\u2019da i\u015flenen bir cinayetin ard\u0131ndan ba\u015flayan olaylar bizi ge\u00e7mi\u015fe, paralel evrenlere, ba\u015fka gezegenlere s\u00fcr\u00fckl\u00fcyor.   Tanr\u0131s\u0131z\u2019da polisiye ve bilimkurgu t\u00fcrlerini ustal\u0131kla harmanlayarak bizleri 21. y\u00fczy\u0131l\u0131n sonlar\u0131na g\u00f6t\u00fcren Mehmet At\u0131lgan, muhtemel gelecek tasavvurunda da \u00e7\u0131tay\u0131 olduk\u00e7a y\u00fckse\u011fe ta\u015f\u0131y\u0131p ters k\u00f6\u015felerle okurun merak\u0131n\u0131 diri tutmay\u0131 ba\u015far\u0131yor.   \u201cBenjamin Libet, 1973 y\u0131l\u0131nda yapt\u0131\u011f\u0131 deneyler sonucunda bilincin her \u015fey olup bittikten yar\u0131m saniye sonra devreye girdi\u011fini ortaya koymu\u015ftu. Yani \u015fu an dedi\u011fimizde, ge\u00e7mi\u015fte olmu\u015f bir olay\u0131 ya\u015f\u0131yoruz. Bu durumu di\u011fer n\u00f6rofizyologlar da, hep ge\u00e7mi\u015fte ya\u015fad\u0131\u011f\u0131m\u0131z ve bilincimizin t\u00fcm ya\u015fananlar\u0131 yar\u0131m saniye sonra g\u00f6steren bir monit\u00f6r gibi oldu\u011fu \u015feklinde yorumlam\u0131\u015ft\u0131.   Normalde t\u00fcm alg\u0131lar beyne iletiliyor. Bilin\u00e7alt\u0131nda de\u011ferlendirilip yorumlan\u0131rken, benlik hi\u00e7bir \u015feyin fark\u0131nda de\u011fil. Zihnimizde canlanan, yani fark\u0131na varabildi\u011fimiz bilgilerse epeyce uzun bir gecikmeden sonra kortekse, bilincin bulundu\u011fu b\u00f6lgeye g\u00f6nderiliyor.   Ya birisi, d\u0131\u015far\u0131dan gelen bilgilerin kortekse iletilmesini geciktirecek bir teknoloji geli\u015ftirdiyse? Ya bilincimize aktar\u0131lan g\u00f6r\u00fcnt\u00fclerin daha ge\u00e7 alg\u0131lanmas\u0131n\u0131n bir yolunu bulduysa?   O halde gelecek \u00e7oktan ya\u015fand\u0131. \u2018\u015eimdi\u2019yi hat\u0131rl\u0131yoruz. Gelecek ve \u015fu an, tamamen bizim kontrol\u00fcm\u00fcz\u00fcn <\/p>\n","protected":false},"excerpt":{"rendered":"<p>\u0130\u00e7inde bulundu\u011fumuz y\u00fczy\u0131l\u0131n sonlar\u0131na do\u011fru \u015fehirler birbirinin \u00fczerine y\u0131\u011f\u0131lan katlar h\u00e2linde y\u00fckselirken \u00fc\u00e7 katl\u0131 \u0130stanbul\u2019da i\u015flenen bir cinayetin ard\u0131ndan ba\u015flayan olaylar bizi ge\u00e7mi\u015fe, paralel evrenlere, ba\u015fka<span class=\"excerpt-hellip\"> [\u2026]<\/span><\/p>\n","protected":false},"featured_media":0,"template":"","meta":{"_monsterinsights_skip_tracking":false,"_monsterinsights_sitenote_active":false,"_monsterinsights_sitenote_note":"","_monsterinsights_sitenote_category":0},"product_brand":[],"product_cat":[12540,12291],"product_tag":[],"class_list":{"0":"post-730860","1":"product","2":"type-product","3":"status-publish","5":"product_cat-bilim-kurgu","6":"product_cat-edebiyat","7":"pa_cilt-ciltsiz","8":"pa_tur-kitap","9":"pa_yayinevi-ithaki-yayinlari","10":"pa_yazar-mehmet-atilgan","12":"first","13":"instock","14":"sale","15":"shipping-taxable","16":"purchasable","17":"product-type-simple"},"_links":{"self":[{"href":"https:\/\/roveyayinevi.com.tr\/index.php\/wp-json\/wp\/v2\/product\/730860","targetHints":{"allow":["GET"]}}],"collection":[{"href":"https:\/\/roveyayinevi.com.tr\/index.php\/wp-json\/wp\/v2\/product"}],"about":[{"href":"https:\/\/roveyayinevi.com.tr\/index.php\/wp-json\/wp\/v2\/types\/product"}],"wp:attachment":[{"href":"https:\/\/roveyayinevi.com.tr\/index.php\/wp-json\/wp\/v2\/media?parent=730860"}],"wp:term":[{"taxonomy":"product_brand","embeddable":true,"href":"https:\/\/roveyayinevi.com.tr\/index.php\/wp-json\/wp\/v2\/product_brand?post=730860"},{"taxonomy":"product_cat","embeddable":true,"href":"https:\/\/roveyayinevi.com.tr\/index.php\/wp-json\/wp\/v2\/product_cat?post=730860"},{"taxonomy":"product_tag","embeddable":true,"href":"https:\/\/roveyayinevi.com.tr\/index.php\/wp-json\/wp\/v2\/product_tag?post=730860"}],"curies":[{"name":"wp","href":"https:\/\/api.w.org\/{rel}","templated":true}]}}