{"id":730859,"date":"2025-08-27T21:21:51","date_gmt":"2025-08-27T18:21:51","guid":{"rendered":"https:\/\/roveyayinevi.com.tr\/index.php\/urun\/cihatcilik\/"},"modified":"2026-04-16T02:38:38","modified_gmt":"2026-04-15T23:38:38","slug":"cihatcilik","status":"publish","type":"product","link":"https:\/\/roveyayinevi.com.tr\/index.php\/urun\/cihatcilik\/","title":{"rendered":"Cihat\u00e7\u0131l\u0131k"},"content":{"rendered":"<p>Bertolt Brecht, Nazizmden bahsederken \u201cSonunda insanlar onu yendi, fakat zafer ilan etmek i\u00e7in hen\u00fcz \u00e7ok erken. \u0130\u011fren\u00e7 canavar\u0131n \u00e7\u0131kt\u0131\u011f\u0131 kar\u0131n h\u00e2l\u00e2 do\u011furgan\u201d diye yaz\u0131yordu. I\u015e\u0130D ile Nazizmi bir tutmak gibi bir niyetim yok. Yaln\u0131zca \u201c\u0130slam Devleti\u201dnin i\u00e7inden \u00e7\u0131kt\u0131\u011f\u0131 rahmin h\u00e2l\u00e2 do\u011furgan oldu\u011funa dikkat \u00e7ekmek istiyorum. Ba\u015fka bir deyi\u015fle bu hareketin ortaya \u00e7\u0131k\u0131\u015f\u0131n\u0131 ve h\u0131zl\u0131 bir \u015fekilde geni\u015flemesini m\u00fcmk\u00fcn k\u0131lm\u0131\u015f olan toplumsal ve tarihsel ko\u015fullar bug\u00fcn M\u00fcsl\u00fcman d\u00fcnyas\u0131nda oldu\u011fu gibi Bat\u0131\u2019da da h\u00e2l\u00e2 mevcut. Bu kitab\u0131 yazarken nas\u0131l kar\u015f\u0131lanaca\u011f\u0131n\u0131 bilmiyordum, fakat M\u00fcsl\u00fcmanlar taraf\u0131ndan okunmayaca\u011f\u0131ndan emindim. Nitekim cihat\u00e7\u0131l\u0131\u011f\u0131n \u0130slam\u2019la \u201cilgisinin olmad\u0131\u011f\u0131n\u0131\u201d s\u00f6yleyenleri ele\u015ftiriyor, aksine bu dinle \u00e7ok ilgisinin oldu\u011funu savunuyorum ve bunun M\u00fcsl\u00fcmanlar\u0131n kitab\u0131 reddetmesi i\u00e7in yeterli oldu\u011funa inan\u0131yordum. Neyse ki yan\u0131lm\u0131\u015f\u0131m: Fransa\u2019da ve ba\u015fka yerlerde bir\u00e7o\u011fu onu iyi kar\u015f\u0131lad\u0131. Umutlanmak i\u00e7in bir sebebim var: Destekleriyle beraber cihat\u00e7\u0131l\u0131k pek \u00e7ok \u00fclkede h\u00e2l\u00e2 g\u00fc\u00e7l\u00fc g\u00f6r\u00fcnse de ona kar\u015f\u0131 \u00e7\u0131kan \u00e7ok say\u0131da M\u00fcsl\u00fcman ona daha iyi direnebilmek \u00fczere bu fenomeni anlamaya olanak sa\u011flayan analizlerin pe\u015finde.<\/p>\n","protected":false},"excerpt":{"rendered":"<p>Bertolt Brecht, Nazizmden bahsederken \u201cSonunda insanlar onu yendi, fakat zafer ilan etmek i\u00e7in hen\u00fcz \u00e7ok erken. \u0130\u011fren\u00e7 canavar\u0131n \u00e7\u0131kt\u0131\u011f\u0131 kar\u0131n h\u00e2l\u00e2 do\u011furgan\u201d diye yaz\u0131yordu. I\u015e\u0130D ile<span class=\"excerpt-hellip\"> [\u2026]<\/span><\/p>\n","protected":false},"featured_media":0,"template":"","meta":{"_monsterinsights_skip_tracking":false,"_monsterinsights_sitenote_active":false,"_monsterinsights_sitenote_note":"","_monsterinsights_sitenote_category":0},"product_brand":[],"product_cat":[12358,12357],"product_tag":[],"class_list":{"0":"post-730859","1":"product","2":"type-product","3":"status-publish","5":"product_cat-genel-psikoloji","6":"product_cat-psikoloji","7":"pa_cilt-ciltsiz","8":"pa_tur-kitap","9":"pa_yayinevi-pinhan-yayincilik","10":"pa_yazar-jacob-rogozinski","12":"first","13":"instock","14":"sale","15":"shipping-taxable","16":"purchasable","17":"product-type-simple"},"_links":{"self":[{"href":"https:\/\/roveyayinevi.com.tr\/index.php\/wp-json\/wp\/v2\/product\/730859","targetHints":{"allow":["GET"]}}],"collection":[{"href":"https:\/\/roveyayinevi.com.tr\/index.php\/wp-json\/wp\/v2\/product"}],"about":[{"href":"https:\/\/roveyayinevi.com.tr\/index.php\/wp-json\/wp\/v2\/types\/product"}],"wp:attachment":[{"href":"https:\/\/roveyayinevi.com.tr\/index.php\/wp-json\/wp\/v2\/media?parent=730859"}],"wp:term":[{"taxonomy":"product_brand","embeddable":true,"href":"https:\/\/roveyayinevi.com.tr\/index.php\/wp-json\/wp\/v2\/product_brand?post=730859"},{"taxonomy":"product_cat","embeddable":true,"href":"https:\/\/roveyayinevi.com.tr\/index.php\/wp-json\/wp\/v2\/product_cat?post=730859"},{"taxonomy":"product_tag","embeddable":true,"href":"https:\/\/roveyayinevi.com.tr\/index.php\/wp-json\/wp\/v2\/product_tag?post=730859"}],"curies":[{"name":"wp","href":"https:\/\/api.w.org\/{rel}","templated":true}]}}