{"id":730858,"date":"2025-08-27T21:21:50","date_gmt":"2025-08-27T18:21:50","guid":{"rendered":"https:\/\/roveyayinevi.com.tr\/index.php\/urun\/cocuk-hirsizi\/"},"modified":"2026-04-16T02:38:38","modified_gmt":"2026-04-15T23:38:38","slug":"cocuk-hirsizi","status":"publish","type":"product","link":"https:\/\/roveyayinevi.com.tr\/index.php\/urun\/cocuk-hirsizi\/","title":{"rendered":"\u00c7ocuk H\u0131rs\u0131z\u0131"},"content":{"rendered":"<p>\u201cKaranl\u0131k, \u015fa\u015f\u0131rt\u0131c\u0131 ve \u00f6zg\u00fcn bir Peter Pan maceras\u0131.\u201d \u2013Christopher Golden   Peter \u00e7evik, cesur ve haylazd\u0131\u2026 ve t\u00fcm \u00e7ocuklar gibi oyun oynamay\u0131 seviyordu, her ne kadar oyunlar\u0131 kanl\u0131 bitse de. G\u00f6zleri alt\u0131n gibi parlayan Peter sana g\u00fcl\u00fcmsedi\u011finde art\u0131k \u00f6m\u00fcr boyu dostun olurdu ama \u00e7ok da g\u00fcvenilir bir dost say\u0131lmazd\u0131 ve seni g\u00f6t\u00fcrmeyi vadetti\u011fi yer Varolmayan \u00dclke de\u011fildi.   E\u011fer Peter onu kurtarmasayd\u0131 on d\u00f6rt ya\u015f\u0131ndaki Nick uyu\u015fturucu sat\u0131c\u0131lar\u0131 taraf\u0131ndan \u00f6ld\u00fcr\u00fclecekti. \u015eimdi bu karizmatik \u00e7ocuk onu asla b\u00fcy\u00fcmeyecekleri; perilerin, canavarlar\u0131n ve sonsuz b\u00fcy\u00fcn\u00fcn var oldu\u011fu gizli bir yere, maceraya davet ediyordu. Nick, Peter\u2019\u0131n pe\u015finden bu yere gitti\u011finde onun \u201c\u015eeytanlar\u201d ad\u0131n\u0131 koydu\u011fu, kay\u0131p ve \u00e7al\u0131nm\u0131\u015f \u00e7ocuklardan olu\u015fan vah\u015fi kabilesiyle birlikte Kaptan ve askerlerine kar\u015f\u0131 sava\u015fmay\u0131 \u00f6\u011frenecek ya da \u00f6lecekti. \u00c7ocuk H\u0131rs\u0131z\u0131 Peter\u2019\u0131n karanl\u0131k ge\u00e7mi\u015fi bu s\u00fcre\u00e7te su y\u00fcz\u00fcne \u00e7\u0131kacakt\u0131. D\u00fcnyaca \u00fcnl\u00fc ill\u00fcstrat\u00f6r Brom\u2019un hem yaz\u0131p hem resimledi\u011fi, Peter Pan hik\u00e2yesini tuhaf, s\u0131rad\u0131\u015f\u0131 ve olduk\u00e7a karanl\u0131k bir bi\u00e7imde yeniden anlatt\u0131\u011f\u0131 \u00c7ocuk H\u0131rs\u0131z\u0131, \u00e7ocukluk kahraman\u0131n\u0131z\u0131n korkutucu taraf\u0131n\u0131 a\u00e7\u0131\u011fa \u00e7\u0131kar\u0131yor.   \u201cBrom, fantastik edebiyata safi korku zerk ediyor.\u201d \u2013Holly Black <\/p>\n","protected":false},"excerpt":{"rendered":"<p>\u201cKaranl\u0131k, \u015fa\u015f\u0131rt\u0131c\u0131 ve \u00f6zg\u00fcn bir Peter Pan maceras\u0131.\u201d \u2013Christopher Golden Peter \u00e7evik, cesur ve haylazd\u0131\u2026 ve t\u00fcm \u00e7ocuklar gibi oyun oynamay\u0131 seviyordu, her ne kadar oyunlar\u0131<span class=\"excerpt-hellip\"> [\u2026]<\/span><\/p>\n","protected":false},"featured_media":0,"template":"","meta":{"_monsterinsights_skip_tracking":false,"_monsterinsights_sitenote_active":false,"_monsterinsights_sitenote_note":"","_monsterinsights_sitenote_category":0},"product_brand":[],"product_cat":[12291,17033],"product_tag":[],"class_list":{"0":"post-730858","1":"product","2":"type-product","3":"status-publish","5":"product_cat-edebiyat","6":"product_cat-korku-gerilim","7":"pa_cilt-ciltsiz","8":"pa_tur-kitap","9":"pa_yayinevi-ithaki-yayinlari","10":"pa_yazar-brom","12":"first","13":"instock","14":"sale","15":"shipping-taxable","16":"purchasable","17":"product-type-simple"},"_links":{"self":[{"href":"https:\/\/roveyayinevi.com.tr\/index.php\/wp-json\/wp\/v2\/product\/730858","targetHints":{"allow":["GET"]}}],"collection":[{"href":"https:\/\/roveyayinevi.com.tr\/index.php\/wp-json\/wp\/v2\/product"}],"about":[{"href":"https:\/\/roveyayinevi.com.tr\/index.php\/wp-json\/wp\/v2\/types\/product"}],"wp:attachment":[{"href":"https:\/\/roveyayinevi.com.tr\/index.php\/wp-json\/wp\/v2\/media?parent=730858"}],"wp:term":[{"taxonomy":"product_brand","embeddable":true,"href":"https:\/\/roveyayinevi.com.tr\/index.php\/wp-json\/wp\/v2\/product_brand?post=730858"},{"taxonomy":"product_cat","embeddable":true,"href":"https:\/\/roveyayinevi.com.tr\/index.php\/wp-json\/wp\/v2\/product_cat?post=730858"},{"taxonomy":"product_tag","embeddable":true,"href":"https:\/\/roveyayinevi.com.tr\/index.php\/wp-json\/wp\/v2\/product_tag?post=730858"}],"curies":[{"name":"wp","href":"https:\/\/api.w.org\/{rel}","templated":true}]}}