{"id":730857,"date":"2025-08-27T21:21:48","date_gmt":"2025-08-27T18:21:48","guid":{"rendered":"https:\/\/roveyayinevi.com.tr\/index.php\/urun\/halka\/"},"modified":"2026-04-16T02:38:38","modified_gmt":"2026-04-15T23:38:38","slug":"halka","status":"publish","type":"product","link":"https:\/\/roveyayinevi.com.tr\/index.php\/urun\/halka\/","title":{"rendered":"Halka"},"content":{"rendered":"<p>\u201cAsya\u2019n\u0131n Stephen King\u2019i.\u201d \u2013Library Journal   \u201cKoci Suzuki varl\u0131\u011f\u0131n kurgusunu, \u00f6l\u00fcms\u00fczl\u00fc\u011f\u00fc ve bilinci sorguluyor.\u201d \u2013Hakan G\u00fcnday   1990\u2019l\u0131 y\u0131llardan itibaren insanl\u0131\u011fa yeni k\u00e2buslar arma\u011fan eden Koci Suzuki\u2019nin ba\u015fyap\u0131t\u0131 Halka, hem edebiyatta hem de sinemada yeni bir korku dalgas\u0131n\u0131n y\u00fckselmesine sebep olan, polisiyenin macerac\u0131 ruhuyla psikolojik gerilimin derin deh\u015fetini birle\u015ftiren \u00e7a\u011fda\u015f bir lanet anlat\u0131s\u0131.   Dergi muhabiri Kazuyuki Asakava\u2019n\u0131n ye\u011feni Tomoko gizemli bir \u015fekilde hayat\u0131n\u0131 kaybeder. \u00dc\u00e7 gencin daha ayn\u0131 g\u00fcn ve saatte aniden \u00f6ld\u00fcklerini \u00f6\u011frenen Asakava, bu vakalar aras\u0131ndaki karanl\u0131k ba\u011flar\u0131 ara\u015ft\u0131r\u0131rken, pe\u015fine d\u00fc\u015ft\u00fc\u011f\u00fc ipu\u00e7lar\u0131 onu tuhaf g\u00f6r\u00fcnt\u00fclerle dolu bir videokasete g\u00f6t\u00fcr\u00fcr. Kendisini g\u00fcn ge\u00e7tik\u00e7e daha fazla s\u00fcr\u00fcklendi\u011fi bir girdab\u0131n ortas\u0131nda bulan Asakava, arkada\u015f\u0131 Ryuci Takayama\u2019n\u0131n yard\u0131m\u0131yla bu sarmal\u0131n i\u00e7inden \u00e7\u0131kmaya \u00e7abalarken, kasetin laneti hayat\u0131nda daha fazla yer kaplamaya ba\u015flar.   Sonuna kadar izle! <\/p>\n","protected":false},"excerpt":{"rendered":"<p>\u201cAsya\u2019n\u0131n Stephen King\u2019i.\u201d \u2013Library Journal \u201cKoci Suzuki varl\u0131\u011f\u0131n kurgusunu, \u00f6l\u00fcms\u00fczl\u00fc\u011f\u00fc ve bilinci sorguluyor.\u201d \u2013Hakan G\u00fcnday 1990\u2019l\u0131 y\u0131llardan itibaren insanl\u0131\u011fa yeni k\u00e2buslar arma\u011fan eden Koci Suzuki\u2019nin ba\u015fyap\u0131t\u0131<span class=\"excerpt-hellip\"> [\u2026]<\/span><\/p>\n","protected":false},"featured_media":0,"template":"","meta":{"_monsterinsights_skip_tracking":false,"_monsterinsights_sitenote_active":false,"_monsterinsights_sitenote_note":"","_monsterinsights_sitenote_category":0},"product_brand":[],"product_cat":[12291,17033],"product_tag":[],"class_list":{"0":"post-730857","1":"product","2":"type-product","3":"status-publish","5":"product_cat-edebiyat","6":"product_cat-korku-gerilim","7":"pa_cilt-ciltsiz","8":"pa_tur-kitap","9":"pa_yayinevi-ithaki-yayinlari","10":"pa_yazar-koci-suzuki","12":"first","13":"instock","14":"sale","15":"shipping-taxable","16":"purchasable","17":"product-type-simple"},"_links":{"self":[{"href":"https:\/\/roveyayinevi.com.tr\/index.php\/wp-json\/wp\/v2\/product\/730857","targetHints":{"allow":["GET"]}}],"collection":[{"href":"https:\/\/roveyayinevi.com.tr\/index.php\/wp-json\/wp\/v2\/product"}],"about":[{"href":"https:\/\/roveyayinevi.com.tr\/index.php\/wp-json\/wp\/v2\/types\/product"}],"wp:attachment":[{"href":"https:\/\/roveyayinevi.com.tr\/index.php\/wp-json\/wp\/v2\/media?parent=730857"}],"wp:term":[{"taxonomy":"product_brand","embeddable":true,"href":"https:\/\/roveyayinevi.com.tr\/index.php\/wp-json\/wp\/v2\/product_brand?post=730857"},{"taxonomy":"product_cat","embeddable":true,"href":"https:\/\/roveyayinevi.com.tr\/index.php\/wp-json\/wp\/v2\/product_cat?post=730857"},{"taxonomy":"product_tag","embeddable":true,"href":"https:\/\/roveyayinevi.com.tr\/index.php\/wp-json\/wp\/v2\/product_tag?post=730857"}],"curies":[{"name":"wp","href":"https:\/\/api.w.org\/{rel}","templated":true}]}}