{"id":730856,"date":"2025-08-27T21:21:48","date_gmt":"2025-08-27T18:21:48","guid":{"rendered":"https:\/\/roveyayinevi.com.tr\/index.php\/urun\/oyunda-kal-2-oyundasin\/"},"modified":"2026-04-16T02:38:38","modified_gmt":"2026-04-15T23:38:38","slug":"oyunda-kal-2-oyundasin","status":"publish","type":"product","link":"https:\/\/roveyayinevi.com.tr\/index.php\/urun\/oyunda-kal-2-oyundasin\/","title":{"rendered":"Oyunda Kal 2 &#8211; Oyundas\u0131n"},"content":{"rendered":"<p>Okulun silik ve s\u00f6n\u00fck genci As\u0131m\u2019\u0131n yapt\u0131\u011f\u0131 \u201cBakben\u201d adl\u0131 bilgisayar karakteri bir anda herkesin ilgi oda\u011f\u0131 olmay\u0131 ba\u015farm\u0131\u015ft\u0131. Ancak \u015eeker Holdingin h\u0131rsl\u0131 patronu, Bakben uygulamas\u0131n\u0131n \u00fczerine konuverdi. \u00dcstelik art\u0131k sanal de\u011fil, kanl\u0131 canl\u0131 ve yak\u0131\u015f\u0131kl\u0131 bir Bakben vard\u0131 kar\u015f\u0131m\u0131zda\u2026 As\u0131m, \u201cNeler oluyor?\u201d diyemeden bir de \u0130zleben \u00e7\u0131kt\u0131 ortaya! Bakben\u2019in ba\u015f\u0131na gelen \u0130zleben\u2019in de ba\u015f\u0131na gelecek mi? \u201cBen \u0130zleben\u2019im!\u201d diye etrafta boy g\u00f6steren g\u00fczeller g\u00fczeli k\u0131z ger\u00e7ek \u0130zleben mi? Peki ya tokyok kurabiyesinin, okul koridorlar\u0131nda ko\u015fturan bir hemst\u0131r\u0131n, Erik Dal\u0131 \u00e7al\u0131p oynayan H\u00fcsmen\u2019in, \u00fcnl\u00fc youtuber A\u015fk\u0131n Ta\u015fk\u0131n\u2019\u0131n t\u00fcm bunlarla ne ilgisi var? Oyunda Kal serisinin ikinci kitab\u0131nda soluk solu\u011fa macera devam ediyor, s\u0131rlar bir bir a\u00e7\u0131\u011fa \u00e7\u0131k\u0131yor.<\/p>\n","protected":false},"excerpt":{"rendered":"<p>Okulun silik ve s\u00f6n\u00fck genci As\u0131m\u2019\u0131n yapt\u0131\u011f\u0131 \u201cBakben\u201d adl\u0131 bilgisayar karakteri bir anda herkesin ilgi oda\u011f\u0131 olmay\u0131 ba\u015farm\u0131\u015ft\u0131. Ancak \u015eeker Holdingin h\u0131rsl\u0131 patronu, Bakben uygulamas\u0131n\u0131n \u00fczerine<span class=\"excerpt-hellip\"> [\u2026]<\/span><\/p>\n","protected":false},"featured_media":0,"template":"","meta":{"_monsterinsights_skip_tracking":false,"_monsterinsights_sitenote_active":false,"_monsterinsights_sitenote_note":"","_monsterinsights_sitenote_category":0},"product_brand":[],"product_cat":[12275,12274],"product_tag":[],"class_list":{"0":"post-730856","1":"product","2":"type-product","3":"status-publish","5":"product_cat-6-12-yas-kitaplari","6":"product_cat-cocuk-ve-genclik-kitaplari","7":"pa_cilt-ciltsiz","8":"pa_tur-kitap","9":"pa_yayinevi-altin-kitaplar-ozel-urun","10":"pa_yazar-koray-avci-cakman","12":"first","13":"instock","14":"sale","15":"shipping-taxable","16":"purchasable","17":"product-type-simple"},"_links":{"self":[{"href":"https:\/\/roveyayinevi.com.tr\/index.php\/wp-json\/wp\/v2\/product\/730856","targetHints":{"allow":["GET"]}}],"collection":[{"href":"https:\/\/roveyayinevi.com.tr\/index.php\/wp-json\/wp\/v2\/product"}],"about":[{"href":"https:\/\/roveyayinevi.com.tr\/index.php\/wp-json\/wp\/v2\/types\/product"}],"wp:attachment":[{"href":"https:\/\/roveyayinevi.com.tr\/index.php\/wp-json\/wp\/v2\/media?parent=730856"}],"wp:term":[{"taxonomy":"product_brand","embeddable":true,"href":"https:\/\/roveyayinevi.com.tr\/index.php\/wp-json\/wp\/v2\/product_brand?post=730856"},{"taxonomy":"product_cat","embeddable":true,"href":"https:\/\/roveyayinevi.com.tr\/index.php\/wp-json\/wp\/v2\/product_cat?post=730856"},{"taxonomy":"product_tag","embeddable":true,"href":"https:\/\/roveyayinevi.com.tr\/index.php\/wp-json\/wp\/v2\/product_tag?post=730856"}],"curies":[{"name":"wp","href":"https:\/\/api.w.org\/{rel}","templated":true}]}}