{"id":730855,"date":"2025-08-27T21:21:47","date_gmt":"2025-08-27T18:21:47","guid":{"rendered":"https:\/\/roveyayinevi.com.tr\/index.php\/urun\/karanlik-zamanlar\/"},"modified":"2026-04-16T02:38:38","modified_gmt":"2026-04-15T23:38:38","slug":"karanlik-zamanlar","status":"publish","type":"product","link":"https:\/\/roveyayinevi.com.tr\/index.php\/urun\/karanlik-zamanlar\/","title":{"rendered":"Karanl\u0131k Zamanlar"},"content":{"rendered":"<p>stanbul\u2019un vebadan kavruldu\u011fu karanl\u0131k zamanlar\u2026 Tekinsiz bir malik\u00e2nede ya\u015famakta olan tuhaf bir hekim, \u0130stanbul\u2019un korkutucu sokaklar\u0131nda kol gezen hastal\u0131kla m\u00fccadele etmektedir. Hekimin on bir ya\u015f\u0131ndaki k\u0131z\u0131 Dilara, annesinin do\u011fum s\u0131ras\u0131nda \u00f6lmesi nedeniyle hem babas\u0131 hem de hi\u00e7 sevgi g\u00f6rmedi\u011fi halas\u0131 taraf\u0131ndan s\u00fcrekli d\u0131\u015flanmaktad\u0131r. Annesi hakk\u0131nda konu\u015fmak Dilara ve malik\u00e2nedekiler i\u00e7in \u00e2deta bir tabudur. K\u00fc\u00e7\u00fck k\u0131z\u0131n tek dostu, biricik kedisi Aristo\u2019dur. Babas\u0131n\u0131n kat\u0131 kurallar\u0131na daima uyum g\u00f6steren Dilara\u2019n\u0131n bir kez olsun akl\u0131n\u0131n k\u00f6\u015fesinden bu kurallara kar\u015f\u0131 koymak ge\u00e7memi\u015ftir. Fakat bir g\u00fcn annesiyle ilgili s\u0131r perdesi hi\u00e7 ummad\u0131\u011f\u0131 bir \u015fekilde aralan\u0131r. Dilara bunun \u00fczerine t\u00fcm kurallar\u0131 unutup ger\u00e7e\u011fin pe\u015fine d\u00fc\u015fer. Art\u0131k geri d\u00f6n\u00fc\u015f yoktur\u2026 Acaba k\u00fc\u00e7\u00fck k\u0131z malik\u00e2nenin duvarlar\u0131n\u0131 a\u015f\u0131p annesi hakk\u0131ndaki ger\u00e7e\u011fi bulabilecek midir? Peki, ya bulursa? O zaman ne olacakt\u0131r?<\/p>\n","protected":false},"excerpt":{"rendered":"<p>stanbul\u2019un vebadan kavruldu\u011fu karanl\u0131k zamanlar\u2026 Tekinsiz bir malik\u00e2nede ya\u015famakta olan tuhaf bir hekim, \u0130stanbul\u2019un korkutucu sokaklar\u0131nda kol gezen hastal\u0131kla m\u00fccadele etmektedir. Hekimin on bir ya\u015f\u0131ndaki k\u0131z\u0131<span class=\"excerpt-hellip\"> [\u2026]<\/span><\/p>\n","protected":false},"featured_media":0,"template":"","meta":{"_monsterinsights_skip_tracking":false,"_monsterinsights_sitenote_active":false,"_monsterinsights_sitenote_note":"","_monsterinsights_sitenote_category":0},"product_brand":[],"product_cat":[12275,12274],"product_tag":[],"class_list":{"0":"post-730855","1":"product","2":"type-product","3":"status-publish","5":"product_cat-6-12-yas-kitaplari","6":"product_cat-cocuk-ve-genclik-kitaplari","7":"pa_cilt-ciltsiz","8":"pa_tur-kitap","9":"pa_yayinevi-altin-kitaplar-ozel-urun","10":"pa_yazar-necva-g-esen","12":"first","13":"instock","14":"sale","15":"shipping-taxable","16":"purchasable","17":"product-type-simple"},"_links":{"self":[{"href":"https:\/\/roveyayinevi.com.tr\/index.php\/wp-json\/wp\/v2\/product\/730855","targetHints":{"allow":["GET"]}}],"collection":[{"href":"https:\/\/roveyayinevi.com.tr\/index.php\/wp-json\/wp\/v2\/product"}],"about":[{"href":"https:\/\/roveyayinevi.com.tr\/index.php\/wp-json\/wp\/v2\/types\/product"}],"wp:attachment":[{"href":"https:\/\/roveyayinevi.com.tr\/index.php\/wp-json\/wp\/v2\/media?parent=730855"}],"wp:term":[{"taxonomy":"product_brand","embeddable":true,"href":"https:\/\/roveyayinevi.com.tr\/index.php\/wp-json\/wp\/v2\/product_brand?post=730855"},{"taxonomy":"product_cat","embeddable":true,"href":"https:\/\/roveyayinevi.com.tr\/index.php\/wp-json\/wp\/v2\/product_cat?post=730855"},{"taxonomy":"product_tag","embeddable":true,"href":"https:\/\/roveyayinevi.com.tr\/index.php\/wp-json\/wp\/v2\/product_tag?post=730855"}],"curies":[{"name":"wp","href":"https:\/\/api.w.org\/{rel}","templated":true}]}}