{"id":730854,"date":"2025-08-27T21:21:46","date_gmt":"2025-08-27T18:21:46","guid":{"rendered":"https:\/\/roveyayinevi.com.tr\/index.php\/urun\/yesimin-ve-golgenin-tanrilari\/"},"modified":"2026-04-16T02:38:38","modified_gmt":"2026-04-15T23:38:38","slug":"yesimin-ve-golgenin-tanrilari","status":"publish","type":"product","link":"https:\/\/roveyayinevi.com.tr\/index.php\/urun\/yesimin-ve-golgenin-tanrilari\/","title":{"rendered":"Ye\u015fimin ve G\u00f6lgenin Tanr\u0131lar\u0131"},"content":{"rendered":"<p>\u201cMitoloji ve tarihin e\u015fsiz bir kar\u0131\u015f\u0131m\u0131.\u201d \u2013Publishers Weekly\u201cBu kitap tarihsel fantazinin zirvesi: Eski ile yeninin i\u00e7 i\u00e7e ge\u00e7ip \u00e7arp\u0131\u015ft\u0131\u011f\u0131 yenilik\u00e7i, feminist bir b\u00fcy\u00fcme hik\u00e2yesi.\u201d \u2013S. A. Chakraborty   \u201cGe\u00e7mi\u015fi an\u0131msatan, duygulu ve \u00f6zg\u00fcn bir peri masal\u0131.\u201d \u2013Rebecca Roanhorse   \u201cCesaret, sevgi ve bu d\u00fcnyada ait oldu\u011fun yeri bulmaya dair co\u015fkulu ve tatl\u0131 sert bir hik\u00e2ye.\u201d \u2013Christina HenryCasiopea Tun, b\u00fcy\u00fckbabas\u0131n\u0131n evinin yerlerini temizlemekle me\u015fgul olsa da Meksika\u2019n\u0131n g\u00fcneyindeki k\u00fc\u00e7\u00fck bir kasabadan uzaklarda ya\u015fayabildi\u011fi bir hayat\u0131n hayalini kurar. Ne var ki bu hayat y\u0131ld\u0131zlar kadar ula\u015f\u0131lmazd\u0131r, ta ki kar\u015f\u0131s\u0131na gizemli bir sand\u0131k \u00e7\u0131k\u0131ncaya dek. Sand\u0131\u011f\u0131 a\u00e7mas\u0131yla bir Maya tanr\u0131s\u0131n\u0131n ruhunu istemeden de olsa serbest b\u0131rak\u0131r. B\u00f6ylece s\u0131radan bir gen\u00e7 olan Casiopea, kendini efsanevi bir tanr\u0131n\u0131n yolda\u015f\u0131 olarak bulur ve hem Meksika\u2019ya, hem yeralt\u0131ndaki Maya d\u00fcnyas\u0131na hem de kendi kaderindeki bilinmezliklere do\u011fru bir yolculu\u011fa \u00e7\u0131kar.   Ye\u015fimin ve G\u00f6lgenin Tanr\u0131lar\u0131, Maya mitolojisi ile \u00e7a\u011fda\u015f d\u00fcnyan\u0131n kesi\u015fti\u011fi karanl\u0131k bir peri masal\u0131. <\/p>\n","protected":false},"excerpt":{"rendered":"<p>\u201cMitoloji ve tarihin e\u015fsiz bir kar\u0131\u015f\u0131m\u0131.\u201d \u2013Publishers Weekly\u201cBu kitap tarihsel fantazinin zirvesi: Eski ile yeninin i\u00e7 i\u00e7e ge\u00e7ip \u00e7arp\u0131\u015ft\u0131\u011f\u0131 yenilik\u00e7i, feminist bir b\u00fcy\u00fcme hik\u00e2yesi.\u201d \u2013S. A.<span class=\"excerpt-hellip\"> [\u2026]<\/span><\/p>\n","protected":false},"featured_media":0,"template":"","meta":{"_monsterinsights_skip_tracking":false,"_monsterinsights_sitenote_active":false,"_monsterinsights_sitenote_note":"","_monsterinsights_sitenote_category":0},"product_brand":[],"product_cat":[12291,14777],"product_tag":[],"class_list":{"0":"post-730854","1":"product","2":"type-product","3":"status-publish","5":"product_cat-edebiyat","6":"product_cat-fantastik","7":"pa_cilt-ciltsiz","8":"pa_tur-kitap","9":"pa_yayinevi-ithaki-yayinlari","10":"pa_yazar-silvia-moreno-garcia","12":"first","13":"instock","14":"sale","15":"shipping-taxable","16":"purchasable","17":"product-type-simple"},"_links":{"self":[{"href":"https:\/\/roveyayinevi.com.tr\/index.php\/wp-json\/wp\/v2\/product\/730854","targetHints":{"allow":["GET"]}}],"collection":[{"href":"https:\/\/roveyayinevi.com.tr\/index.php\/wp-json\/wp\/v2\/product"}],"about":[{"href":"https:\/\/roveyayinevi.com.tr\/index.php\/wp-json\/wp\/v2\/types\/product"}],"wp:attachment":[{"href":"https:\/\/roveyayinevi.com.tr\/index.php\/wp-json\/wp\/v2\/media?parent=730854"}],"wp:term":[{"taxonomy":"product_brand","embeddable":true,"href":"https:\/\/roveyayinevi.com.tr\/index.php\/wp-json\/wp\/v2\/product_brand?post=730854"},{"taxonomy":"product_cat","embeddable":true,"href":"https:\/\/roveyayinevi.com.tr\/index.php\/wp-json\/wp\/v2\/product_cat?post=730854"},{"taxonomy":"product_tag","embeddable":true,"href":"https:\/\/roveyayinevi.com.tr\/index.php\/wp-json\/wp\/v2\/product_tag?post=730854"}],"curies":[{"name":"wp","href":"https:\/\/api.w.org\/{rel}","templated":true}]}}