{"id":730852,"date":"2025-08-27T21:21:43","date_gmt":"2025-08-27T18:21:43","guid":{"rendered":"https:\/\/roveyayinevi.com.tr\/index.php\/urun\/dokuzuncu-cemiyet\/"},"modified":"2026-04-11T13:58:00","modified_gmt":"2026-04-11T10:58:00","slug":"dokuzuncu-cemiyet","status":"publish","type":"product","link":"https:\/\/roveyayinevi.com.tr\/index.php\/urun\/dokuzuncu-cemiyet\/","title":{"rendered":"Dokuzuncu Cemiyet"},"content":{"rendered":"<p>Galaxy \u201cAlex\u201d Stern, Yale \u00dcniversitesi birinci s\u0131n\u0131f \u00f6\u011frencileri aras\u0131ndan tuhafl\u0131\u011f\u0131yla s\u0131yr\u0131lan bir gen\u00e7. Los Angeles\u2019ta b\u00fcy\u00fcyen ve her t\u00fcrl\u00fc belaya bula\u015fabilece\u011fi bir hayat ya\u015fayan Alex, vah\u015fi bir cinayet mahallinden sa\u011f \u00e7\u0131kan tek ki\u015fi. Yirmi ya\u015f\u0131nda ama bir\u00e7ok a\u00e7\u0131dan h\u00e2l\u00e2 boyundan b\u00fcy\u00fck i\u015flere kalk\u0131\u015fan biri\u2026 Ve bir gece arkada\u015flar\u0131n\u0131, sevgilisini, bildi\u011fi her \u015feyi kaybetti. Hastane yata\u011f\u0131nda uyand\u0131ktan sonra hayat\u0131 tamamen de\u011fi\u015fti. Alex, \u00fcniversitedeki cemiyetlerin faaliyetlerini denetleyen bir grubun par\u00e7as\u0131 oldu, peki ama neden?   Ge\u00e7mi\u015fiyle ilgili sorulara cevaplar arayan Alex, kendini birden sihirli ve gizemli cemiyetlerin, Kadim Sekizli\u2019nin ortas\u0131nda buldu. B\u00fcy\u00fcyle u\u011fra\u015fan, \u00f6l\u00fcleri dirilten, ya\u015fayanlar\u0131 avlayan zenginlerin ve g\u00fc\u00e7l\u00fclerin kalesi olan cemiyetlerde olup bitenleri kim tahayy\u00fcl edebilirdi ki?   \u201cSon y\u0131llarda okudu\u011fum en iyi fantastik eser. Bardugo\u2019nun hayal g\u00fcc\u00fcn\u00fcn s\u0131n\u0131rlar\u0131 muazzam ve bu kitab\u0131 da elden b\u0131rakmak imk\u00e2ns\u0131z.\u201d \u2013Stephen King   \u201cDokuzuncu Cemiyet son y\u0131llarda okudu\u011fum en iyi fantazi romanlar\u0131ndan biri. Asla terk etmek istemeyece\u011finiz bir d\u00fcnyaya a\u00e7\u0131lan bir kap\u0131.\u201d \u2013Lev Grossman   \u201cDokuzuncu Cemiyet uzun zamand\u0131r okudu\u011fum en iyi kitap.\u201d \u2013Kelly Link   \u201cBu kitap d\u00fcnyam\u0131 alt\u00fcst etti. Kahraman\u0131 Alex Stern\u2019e doyamad\u0131m.\u201d \u2013Joe Hill <\/p>\n","protected":false},"excerpt":{"rendered":"<p>Galaxy \u201cAlex\u201d Stern, Yale \u00dcniversitesi birinci s\u0131n\u0131f \u00f6\u011frencileri aras\u0131ndan tuhafl\u0131\u011f\u0131yla s\u0131yr\u0131lan bir gen\u00e7. Los Angeles\u2019ta b\u00fcy\u00fcyen ve her t\u00fcrl\u00fc belaya bula\u015fabilece\u011fi bir hayat ya\u015fayan Alex, vah\u015fi<span class=\"excerpt-hellip\"> [\u2026]<\/span><\/p>\n","protected":false},"featured_media":0,"template":"","meta":{"_monsterinsights_skip_tracking":false,"_monsterinsights_sitenote_active":false,"_monsterinsights_sitenote_note":"","_monsterinsights_sitenote_category":0},"product_brand":[],"product_cat":[12291,12711],"product_tag":[],"class_list":{"0":"post-730852","1":"product","2":"type-product","3":"status-publish","5":"product_cat-edebiyat","6":"product_cat-roman-oyku","7":"pa_cilt-ciltsiz","8":"pa_tur-kitap","9":"pa_yayinevi-ithaki-yayinlari","10":"pa_yazar-leigh-bardugo","12":"first","13":"instock","14":"sale","15":"shipping-taxable","16":"purchasable","17":"product-type-simple"},"_links":{"self":[{"href":"https:\/\/roveyayinevi.com.tr\/index.php\/wp-json\/wp\/v2\/product\/730852","targetHints":{"allow":["GET"]}}],"collection":[{"href":"https:\/\/roveyayinevi.com.tr\/index.php\/wp-json\/wp\/v2\/product"}],"about":[{"href":"https:\/\/roveyayinevi.com.tr\/index.php\/wp-json\/wp\/v2\/types\/product"}],"wp:attachment":[{"href":"https:\/\/roveyayinevi.com.tr\/index.php\/wp-json\/wp\/v2\/media?parent=730852"}],"wp:term":[{"taxonomy":"product_brand","embeddable":true,"href":"https:\/\/roveyayinevi.com.tr\/index.php\/wp-json\/wp\/v2\/product_brand?post=730852"},{"taxonomy":"product_cat","embeddable":true,"href":"https:\/\/roveyayinevi.com.tr\/index.php\/wp-json\/wp\/v2\/product_cat?post=730852"},{"taxonomy":"product_tag","embeddable":true,"href":"https:\/\/roveyayinevi.com.tr\/index.php\/wp-json\/wp\/v2\/product_tag?post=730852"}],"curies":[{"name":"wp","href":"https:\/\/api.w.org\/{rel}","templated":true}]}}