{"id":730849,"date":"2025-08-27T21:21:40","date_gmt":"2025-08-27T18:21:40","guid":{"rendered":"https:\/\/roveyayinevi.com.tr\/index.php\/urun\/kacakci-yikim\/"},"modified":"2026-04-16T02:38:38","modified_gmt":"2026-04-15T23:38:38","slug":"kacakci-yikim","status":"publish","type":"product","link":"https:\/\/roveyayinevi.com.tr\/index.php\/urun\/kacakci-yikim\/","title":{"rendered":"Ka\u00e7ak\u00e7\u0131 Y\u0131k\u0131m"},"content":{"rendered":"<p>Herkesin hayat\u0131ndan bir \u015feyler \u00e7ald\u0131. Sonu gelmez bir oyun ba\u015flatt\u0131 ve bu oyun dalga dalga yay\u0131larak herkesi yuttu. Ailemi, gen\u00e7li\u011fimi, ge\u00e7mi\u015fimi \u00e7ald\u0131. Bir gelece\u011fimin olmad\u0131\u011f\u0131n\u0131 d\u00fc\u015f\u00fcn\u00fcrken bir kad\u0131n hayat\u0131ma girdi ve benden izin bile almadan bana tutundu. Onun varl\u0131\u011f\u0131na al\u0131\u015ft\u0131m ama kad\u0131n\u0131n o kadar \u00e7ok yaras\u0131 vard\u0131 ki i\u00e7inde hala b\u00fcy\u00fcmeyen \u00e7ocuklu\u011fu benden sevgi bekliyordu. \u00dcstelik avu\u00e7lar\u0131n\u0131n i\u00e7i t\u0131rnaklar\u0131yla kazd\u0131\u011f\u0131 \u00e7ukurlarla doluydu, bile\u011finde intihar\u0131n izini ta\u015f\u0131yordu\u2026 \u015eimdi bir kad\u0131n\u0131n hayat\u0131mda olmas\u0131na ve beni iyi bir adama \u00e7evirmesine al\u0131\u015fm\u0131\u015fken onu da benden almaya \u00e7al\u0131\u015f\u0131yor. Onu da yok etmek istiyor, kendi gibi g\u00f6z\u00fc d\u00f6nm\u00fc\u015f, \u015ferefini \u00fc\u00e7 kuru\u015fa satm\u0131\u015f bir yarat\u0131k gibi onun k\u00f6lesi olmas\u0131n\u0131 istiyor. Sava\u015f b\u00fcy\u00fcyor, adam hi\u00e7 vazge\u00e7miyor. Bu u\u011furda kaybedecek hi\u00e7bir \u015feyi yok. Onun zaaf\u0131 yok\u2026 Onun vicdan\u0131 yok\u2026 Onun bir kalbi bile yok\u2026 \u00d6yle ki bizi bir u\u00e7uruma s\u00fcr\u00fckl\u00fcyor. Bizi o u\u00e7urumdan a\u015fa\u011f\u0131 itiyor. Birlikte sonu gelmez bir y\u0131k\u0131m\u0131n, gittik\u00e7e b\u00fcy\u00fcyen bir yang\u0131n\u0131n ve \u00fczerine bast\u0131\u011f\u0131m\u0131z topra\u011f\u0131n batakl\u0131\u011fa d\u00f6n\u00fc\u015ft\u00fc\u011f\u00fc bir noktaya s\u00fcr\u00fckleniyoruz. Yapamaz sand\u0131\u011f\u0131m\u0131z her ne varsa yapacak. Elinde tuttu\u011fu silah\u0131n namlusunu \u00fczerimize \u00e7evirecek, namlunun ucuna ge\u00e7mi\u015fin kur\u015fununu takacak. Teti\u011fi \u00e7ekecek, ge\u00e7mi\u015fin a\u011f\u0131r ve sanc\u0131l\u0131 y\u00fck\u00fc \u00fczerimize y\u0131k\u0131lacak. Sonra k\u0131z s\u0131ska bedeniyle \u00f6l\u00fc ruhuna kefen aray\u0131p duracak. Ge\u00e7mi\u015fin ge\u00e7iremedi\u011fi o ac\u0131 ger\u00e7ekler bir zincir gibi uzan\u0131p bileklerimize dolanacak. Herkes \u00f6lecek, cesetlerini ben s\u0131rtlanaca\u011f\u0131m.<\/p>\n","protected":false},"excerpt":{"rendered":"<p>Herkesin hayat\u0131ndan bir \u015feyler \u00e7ald\u0131. Sonu gelmez bir oyun ba\u015flatt\u0131 ve bu oyun dalga dalga yay\u0131larak herkesi yuttu. Ailemi, gen\u00e7li\u011fimi, ge\u00e7mi\u015fimi \u00e7ald\u0131. Bir gelece\u011fimin olmad\u0131\u011f\u0131n\u0131 d\u00fc\u015f\u00fcn\u00fcrken<span class=\"excerpt-hellip\"> [\u2026]<\/span><\/p>\n","protected":false},"featured_media":0,"template":"","meta":{"_monsterinsights_skip_tracking":false,"_monsterinsights_sitenote_active":false,"_monsterinsights_sitenote_note":"","_monsterinsights_sitenote_category":0},"product_brand":[],"product_cat":[12291,12711],"product_tag":[],"class_list":{"0":"post-730849","1":"product","2":"type-product","3":"status-publish","5":"product_cat-edebiyat","6":"product_cat-roman-oyku","7":"pa_cilt-ciltsiz","8":"pa_tur-kitap","9":"pa_yayinevi-herdem-kitap","10":"pa_yazar-gonca-ince-genis","12":"first","13":"instock","14":"sale","15":"shipping-taxable","16":"purchasable","17":"product-type-simple"},"_links":{"self":[{"href":"https:\/\/roveyayinevi.com.tr\/index.php\/wp-json\/wp\/v2\/product\/730849","targetHints":{"allow":["GET"]}}],"collection":[{"href":"https:\/\/roveyayinevi.com.tr\/index.php\/wp-json\/wp\/v2\/product"}],"about":[{"href":"https:\/\/roveyayinevi.com.tr\/index.php\/wp-json\/wp\/v2\/types\/product"}],"wp:attachment":[{"href":"https:\/\/roveyayinevi.com.tr\/index.php\/wp-json\/wp\/v2\/media?parent=730849"}],"wp:term":[{"taxonomy":"product_brand","embeddable":true,"href":"https:\/\/roveyayinevi.com.tr\/index.php\/wp-json\/wp\/v2\/product_brand?post=730849"},{"taxonomy":"product_cat","embeddable":true,"href":"https:\/\/roveyayinevi.com.tr\/index.php\/wp-json\/wp\/v2\/product_cat?post=730849"},{"taxonomy":"product_tag","embeddable":true,"href":"https:\/\/roveyayinevi.com.tr\/index.php\/wp-json\/wp\/v2\/product_tag?post=730849"}],"curies":[{"name":"wp","href":"https:\/\/api.w.org\/{rel}","templated":true}]}}