{"id":730841,"date":"2025-08-27T21:21:32","date_gmt":"2025-08-27T18:21:32","guid":{"rendered":"https:\/\/roveyayinevi.com.tr\/index.php\/urun\/boyle-soyluyordu-nietzsche\/"},"modified":"2026-04-07T02:47:37","modified_gmt":"2026-04-06T23:47:37","slug":"boyle-soyluyordu-nietzsche","status":"publish","type":"product","link":"https:\/\/roveyayinevi.com.tr\/index.php\/urun\/boyle-soyluyordu-nietzsche\/","title":{"rendered":"B\u00f6yle S\u00f6yl\u00fcyordu Nietzsche"},"content":{"rendered":"<p>B\u00f6yle S\u00f6yl\u00fcyordu Nietzsche, Metis K\u00fc\u00e7\u00fck Filozoflar dizisinin 26 kitab\u0131 olarak yay\u0131mlan\u0131yor. Da\u011flarda inzivaya \u00e7ekilmi\u015f olan Nietzsche d\u00fcnyan\u0131n anlam\u0131n\u0131 ve ya\u015fam\u0131n g\u00fczelli\u011fini ke\u015ffetmi\u015ftir. \u0130nsanlar\u0131n aras\u0131na d\u00f6n\u00fcp onlara harika bir arma\u011fan vermek, ya\u015fama sevincine giden sarp yolu g\u00f6stermek ister. K\u00fc\u00e7\u00fck Filozoflar Dizisi, 9 &#8211; 14 ya\u015f \u00e7ocuklar\u0131 i\u00e7in filozoflar\u0131n hik\u00e2yelerini anlatan \u00e7ok g\u00fczel resimlenmi\u015f kitaplardan olu\u015fuyor. Diziyle \u00e7ocuklar\u0131n felsefeye zevkli bir giri\u015f yapmalar\u0131n\u0131, kendi sorular\u0131n\u0131n pe\u015finden gitme al\u0131\u015fkanl\u0131\u011f\u0131 kazanmalar\u0131n\u0131 ama\u00e7l\u0131yoruz. <\/p>\n","protected":false},"excerpt":{"rendered":"<p>B\u00f6yle S\u00f6yl\u00fcyordu Nietzsche, Metis K\u00fc\u00e7\u00fck Filozoflar dizisinin 26 kitab\u0131 olarak yay\u0131mlan\u0131yor. Da\u011flarda inzivaya \u00e7ekilmi\u015f olan Nietzsche d\u00fcnyan\u0131n anlam\u0131n\u0131 ve ya\u015fam\u0131n g\u00fczelli\u011fini ke\u015ffetmi\u015ftir. \u0130nsanlar\u0131n aras\u0131na d\u00f6n\u00fcp onlara<span class=\"excerpt-hellip\"> [\u2026]<\/span><\/p>\n","protected":false},"featured_media":0,"template":"","meta":{"_monsterinsights_skip_tracking":false,"_monsterinsights_sitenote_active":false,"_monsterinsights_sitenote_note":"","_monsterinsights_sitenote_category":0},"product_brand":[],"product_cat":[12275,12274],"product_tag":[],"class_list":{"0":"post-730841","1":"product","2":"type-product","3":"status-publish","5":"product_cat-6-12-yas-kitaplari","6":"product_cat-cocuk-ve-genclik-kitaplari","7":"pa_cilt-ciltsiz","8":"pa_tur-kitap","9":"pa_yayinevi-metis-yayinlari","10":"pa_yazar-nathalie-prince-christophe-prince","12":"first","13":"instock","14":"sale","15":"shipping-taxable","16":"purchasable","17":"product-type-simple"},"_links":{"self":[{"href":"https:\/\/roveyayinevi.com.tr\/index.php\/wp-json\/wp\/v2\/product\/730841","targetHints":{"allow":["GET"]}}],"collection":[{"href":"https:\/\/roveyayinevi.com.tr\/index.php\/wp-json\/wp\/v2\/product"}],"about":[{"href":"https:\/\/roveyayinevi.com.tr\/index.php\/wp-json\/wp\/v2\/types\/product"}],"wp:attachment":[{"href":"https:\/\/roveyayinevi.com.tr\/index.php\/wp-json\/wp\/v2\/media?parent=730841"}],"wp:term":[{"taxonomy":"product_brand","embeddable":true,"href":"https:\/\/roveyayinevi.com.tr\/index.php\/wp-json\/wp\/v2\/product_brand?post=730841"},{"taxonomy":"product_cat","embeddable":true,"href":"https:\/\/roveyayinevi.com.tr\/index.php\/wp-json\/wp\/v2\/product_cat?post=730841"},{"taxonomy":"product_tag","embeddable":true,"href":"https:\/\/roveyayinevi.com.tr\/index.php\/wp-json\/wp\/v2\/product_tag?post=730841"}],"curies":[{"name":"wp","href":"https:\/\/api.w.org\/{rel}","templated":true}]}}